{"id":3583,"date":"2024-07-01T19:35:52","date_gmt":"2024-07-01T22:35:52","guid":{"rendered":"https:\/\/iscarena-cba.infd.edu.ar\/sitio\/?page_id=3583"},"modified":"2025-03-11T20:54:26","modified_gmt":"2025-03-11T23:54:26","slug":"vii-jornada-regional-de-educacion-educacion-y-derechos-la-construccion-politica-en-las-infancias-y-adolescencias","status":"publish","type":"page","link":"https:\/\/iscarena-cba.infd.edu.ar\/sitio\/vii-jornada-regional-de-educacion-educacion-y-derechos-la-construccion-politica-en-las-infancias-y-adolescencias\/","title":{"rendered":"Muy buenas a todos y bienvenidos a nuestro Blog"},"content":{"rendered":"\n<p>Somos estudiantes de segundo a\u00f1o del Profesorado de Ingl\u00e9s del Instituto Superior Dr. Carlos Maria Carena. Construimos este blog para que docentes, estudiantes y dem\u00e1s personas interesadas en la historia reciente de nuestro pa\u00eds, puedan tener algunos insumos sobre la forma en que desde nuestra carrera se visualiz\u00f3 la Memoria Colectiva. En este blog encontrar\u00e1n testimonios, entrevistas, reflexiones, e informaci\u00f3n de los CCdTyE, La Perla y Campo La Ribera en particular, ya que estudiantes y profesores realizaron una visita a los mismos.<\/p>\n\n\n\n<p>A continuacion dejamos el enlace de acceso al Blog<\/p>\n\n\n\n<p><a rel=\"noreferrer noopener\" href=\"https:\/\/sites.google.com\/view\/blogeducativo2024\/presentacionpresentation?authuser=0\" target=\"_blank\">https:\/\/sites.google.com\/view\/blogeducativo2024\/presentacionpresentation?authuser=0<\/a><\/p>\n","protected":false},"excerpt":{"rendered":"<p>Somos estudiantes de segundo a\u00f1o del Profesorado de Ingl\u00e9s del Instituto Superior Dr. Carlos Maria Carena. Construimos este blog para que docentes, estudiantes y dem\u00e1s personas interesadas en la historia reciente de nuestro pa\u00eds, puedan tener algunos insumos sobre la forma en que desde nuestra carrera se visualiz\u00f3 la Memoria Colectiva. En este blog encontrar\u00e1n &#8230; <a title=\"Muy buenas a todos y bienvenidos a nuestro Blog\" class=\"read-more\" href=\"https:\/\/iscarena-cba.infd.edu.ar\/sitio\/vii-jornada-regional-de-educacion-educacion-y-derechos-la-construccion-politica-en-las-infancias-y-adolescencias\/\" aria-label=\"More on Muy buenas a todos y bienvenidos a nuestro Blog\">[+]<\/a><\/p>\n","protected":false},"author":1733,"featured_media":0,"parent":0,"menu_order":0,"comment_status":"closed","ping_status":"closed","template":"","meta":[],"acf":[],"_links":{"self":[{"href":"https:\/\/iscarena-cba.infd.edu.ar\/sitio\/wp-json\/wp\/v2\/pages\/3583"}],"collection":[{"href":"https:\/\/iscarena-cba.infd.edu.ar\/sitio\/wp-json\/wp\/v2\/pages"}],"about":[{"href":"https:\/\/iscarena-cba.infd.edu.ar\/sitio\/wp-json\/wp\/v2\/types\/page"}],"author":[{"embeddable":true,"href":"https:\/\/iscarena-cba.infd.edu.ar\/sitio\/wp-json\/wp\/v2\/users\/1733"}],"replies":[{"embeddable":true,"href":"https:\/\/iscarena-cba.infd.edu.ar\/sitio\/wp-json\/wp\/v2\/comments?post=3583"}],"version-history":[{"count":25,"href":"https:\/\/iscarena-cba.infd.edu.ar\/sitio\/wp-json\/wp\/v2\/pages\/3583\/revisions"}],"predecessor-version":[{"id":4221,"href":"https:\/\/iscarena-cba.infd.edu.ar\/sitio\/wp-json\/wp\/v2\/pages\/3583\/revisions\/4221"}],"wp:attachment":[{"href":"https:\/\/iscarena-cba.infd.edu.ar\/sitio\/wp-json\/wp\/v2\/media?parent=3583"}],"curies":[{"name":"wp","href":"https:\/\/api.w.org\/{rel}","templated":true}]}}