{"id":3566,"date":"2024-06-19T18:35:29","date_gmt":"2024-06-19T21:35:29","guid":{"rendered":"https:\/\/iscarena-cba.infd.edu.ar\/sitio\/?page_id=3566"},"modified":"2024-11-19T20:12:45","modified_gmt":"2024-11-19T23:12:45","slug":"programas-de-formacion-docente-2024","status":"publish","type":"page","link":"https:\/\/iscarena-cba.infd.edu.ar\/sitio\/programas-de-formacion-docente-2024\/","title":{"rendered":"Programas de Formaci\u00f3n Docente 2024"},"content":{"rendered":"\n<p><\/p>\n\n\n\n<p><strong>Profesorado de Educaci\u00f3n Primaria<\/strong><\/p>\n\n\n\n<p><strong>&nbsp; &nbsp;1\u00b0 A\u00f1o<\/strong><\/p>\n\n\n\n<ul>\n<li>Pedagog\u00eda&nbsp;<a href=\"https:\/\/drive.google.com\/file\/d\/1IrRa1LKKyz3EGUWyQsVXhaphbB9OsJCl\/view?usp=sharing\">2024<\/a><\/li>\n\n\n\n<li>Problem\u00e1ticas Socioantropol\u00f3gicas en Educaci\u00f3n&nbsp;<a href=\"https:\/\/drive.google.com\/file\/d\/13_BNh64vimqTwOhPLct_XzWj670zGsD_\/view?usp=sharing\">2024<\/a><\/li>\n\n\n\n<li>Psicolog\u00eda y Educaci\u00f3n <a href=\"https:\/\/drive.google.com\/file\/d\/1X2Ep3kKNdC1P2f_lPJGqHCWrSl-eWuX3\/view?usp=sharing\">2024<\/a><\/li>\n\n\n\n<li>Argentina en el Mundo Contempor\u00e1neo <a href=\"https:\/\/drive.google.com\/file\/d\/1p1AnF5QiJq3Iru-kmo3KUpiTMtGizfp6\/view?usp=sharing\">2024<\/a><\/li>\n\n\n\n<li>Lenguaje Digital y Audiovisual <a href=\"https:\/\/drive.google.com\/file\/d\/1t8PBQHonuDlTxc2bCLqUttI6st-U2g08\/view?usp=sharing\">2024<\/a><\/li>\n\n\n\n<li>Lenguaje Corporal&nbsp;<a href=\"https:\/\/drive.google.com\/file\/d\/1G8eB4oo2vdYsuyH0V2Y8sIGZYKojRKxA\/view?usp=sharing\">2024<\/a><\/li>\n\n\n\n<li>Pr\u00e1ctica Docente I: Contextos y Pr\u00e1cticas Educativas&nbsp;<a href=\"https:\/\/drive.google.com\/file\/d\/1LBuST83is2aD0IAun9p1coC4MB3eMX4Z\/view?usp=sharing\">2024<\/a><\/li>\n\n\n\n<li>Desarrollo del Pensamiento Matem\u00e1tico <a href=\"https:\/\/drive.google.com\/file\/d\/1HuydIMwyUvRReoIjiuly4mlR9Y7kPrB9\/view?usp=sharing\">2024<\/a><\/li>\n\n\n\n<li>Oralidad, Lectura y Escritura <a href=\"https:\/\/drive.google.com\/file\/d\/1vMXX5tatjRu504GpuOcwFUwUzF5TErYB\/view?usp=sharing\">2024<\/a><\/li>\n\n\n\n<li>Alfabetizaci\u00f3n en Lengua Inglesa I&nbsp;<a href=\"https:\/\/drive.google.com\/file\/d\/1GKQ3OQvy0CHDVakH5Yt2_U4eJ8QFs27Y\/view?usp=sharing\">2024<\/a><\/li>\n<\/ul>\n\n\n\n<p><strong>&nbsp; &nbsp; &nbsp; &nbsp; 2\u00b0 A\u00f1o<\/strong><\/p>\n\n\n\n<ul>\n<li>Filosof\u00eda y Educaci\u00f3n&nbsp;<a href=\"https:\/\/drive.google.com\/file\/d\/1dJ33XcDSNnX8_0VEAj3e8mjzc81dzkS9\/view?usp=sharing\">2024<\/a><\/li>\n\n\n\n<li>Did\u00e1ctica General <a href=\"https:\/\/drive.google.com\/file\/d\/1uUamtcBUX51QT-qIunr2HUhPlYIaIzX9\/view?usp=sharing\">2024<\/a><\/li>\n\n\n\n<li>Lenguaje Art\u00edstico Expresivo <a href=\"https:\/\/drive.google.com\/file\/d\/1HvhmRRx6IvvpxrusspfCEV3ozrMvJRZs\/view?usp=sharing\">2024<\/a><\/li>\n\n\n\n<li>Pr\u00e1ctica Docente II: Escuelas, Historias Documentadas y Cotidianeidad <a href=\"https:\/\/drive.google.com\/file\/d\/1DU2oNvd21Bh10HpmnZBo2vmCNUVs7Qrz\/view?usp=sharing\">2024<\/a><\/li>\n\n\n\n<li>Matem\u00e1tica y su Did\u00e1ctica I <a href=\"https:\/\/drive.google.com\/file\/d\/1F4-0ob-jhJVBJCyUZZnCECg7z4bQwmn6\/view?usp=sharing\">2024<\/a><\/li>\n\n\n\n<li>Lengua y su Did\u00e1ctica\u00a0<a href=\"https:\/\/drive.google.com\/file\/d\/1UqIg7knZTlzMdkw0jiNFHQ64t-3C3nwc\/view?usp=sharing\">2024<\/a><\/li>\n\n\n\n<li>Ciencias Naturales y su Did\u00e1ctica I&nbsp;<a href=\"https:\/\/drive.google.com\/file\/d\/1IyPVjtuGT5xfUxPM-f95Lhhd_oODrEwC\/view?usp=sharing\">2024<\/a><\/li>\n\n\n\n<li>Ciencias Sociales y su Did\u00e1ctica I <a href=\"https:\/\/drive.google.com\/file\/d\/1avJyRvkpWOd2IrW2iNROIR0JtldArBzA\/view?usp=sharing\">2024<\/a><\/li>\n\n\n\n<li>Sujetos de la Educaci\u00f3n y Convivencia Escolar <a href=\"https:\/\/drive.google.com\/file\/d\/166bShaIMmMzosZFlFPQb1yWM-dOuO36O\/view?usp=sharing\">2024<\/a><\/li>\n\n\n\n<li>Alfabetizaci\u00f3n en Lengua Inglesa II&nbsp;<a href=\"https:\/\/drive.google.com\/file\/d\/1vu2cgqaTYwanPphJ3LbYy47IGA8hH1oy\/view?usp=sharing\">2024<\/a><\/li>\n<\/ul>\n\n\n\n<p><strong>&nbsp;<\/strong><strong>&nbsp; &nbsp; &nbsp; &nbsp; &nbsp;3\u00b0 A\u00f1o<\/strong><\/p>\n\n\n\n<ul>\n<li>Historia y Pol\u00edtica de la Educaci\u00f3n Argentina&nbsp;<a href=\"https:\/\/drive.google.com\/file\/d\/1KdKnbIDusYiOvwGSqgfBBBoltWuW9B4q\/view?usp=sharing\">2024<\/a><\/li>\n\n\n\n<li>Pr\u00e1ctica Docente III: El Aula, Espacio del Aprender y del Ense\u00f1ar <a href=\"https:\/\/drive.google.com\/file\/d\/1dppDXjWOkNOlwgXvQ8MFgKZUf-jYquiZ\/view?usp=sharing\">2024<\/a><\/li>\n\n\n\n<li>Matem\u00e1tica y su Did\u00e1ctica II <a href=\"https:\/\/drive.google.com\/file\/d\/1nJ5quA8qZ_s8X1Y6ovncQhY-NGavyB5n\/view?usp=sharing\">2024<\/a>&nbsp;<\/li>\n\n\n\n<li>Literatura en el Nivel Primario <a href=\"https:\/\/drive.google.com\/file\/d\/1rbxWwDYlKNWqKJ1BqVb0HFXkK3Tn7bhX\/view?usp=sharing\">2024<\/a><\/li>\n\n\n\n<li>Alfabetizaci\u00f3n Inicial&nbsp;<a href=\"https:\/\/drive.google.com\/file\/d\/1T6Dg8BagsxkumuiFda9wReYlGRSLGa7n\/view?usp=sharing\">2024<\/a><\/li>\n\n\n\n<li>Ciencias Naturales y su Did\u00e1ctica II&nbsp;<a href=\"https:\/\/drive.google.com\/file\/d\/1mq21x8nCEjtXlMkCGtmjqY1CCPHb1D6f\/view?usp=sharing\">2024<\/a><\/li>\n\n\n\n<li>Taller de Ciencias en la Escuela <a href=\"https:\/\/drive.google.com\/file\/d\/1HHur_7t4b9TXKkHjfIbEXJOU8gyLOM5e\/view?usp=sharing\">2024<\/a><\/li>\n\n\n\n<li>Ciencias Sociales y su Did\u00e1ctica II&nbsp;<a href=\"https:\/\/drive.google.com\/file\/d\/1f0ojM0xXsA_LZpg2EkzSMHxdNGO7KQss\/view?usp=sharing\">2024<\/a><\/li>\n\n\n\n<li>Educaci\u00f3n Art\u00edstico Expresiva <a href=\"https:\/\/drive.google.com\/file\/d\/1AlTJlqROg52ZvuAraMAuqRxfqbnTQhFn\/view?usp=sharing\">2024<\/a><\/li>\n\n\n\n<li>TIC y la Ense\u00f1anza en el Nivel Primario&nbsp;<a href=\"https:\/\/drive.google.com\/file\/d\/18JYt64IX-fgdaCwxSrXanV9jUQ_fTabj\/view?usp=sharing\">2024<\/a><\/li>\n\n\n\n<li>Alfabetizaci\u00f3n en Lengua Inglesa III&nbsp;<a href=\"https:\/\/drive.google.com\/file\/d\/1UKQyU1bOHAUPKEWU6Yq5lFA7uApHr9gi\/view?usp=sharing\">2024<\/a><\/li>\n<\/ul>\n\n\n\n<p><strong>&nbsp; &nbsp; &nbsp; &nbsp; 4\u00b0 A\u00f1o<\/strong><\/p>\n\n\n\n<ul>\n<li>\u00c9tica y Construcci\u00f3n de Ciudadan\u00eda&nbsp;<a href=\"https:\/\/drive.google.com\/file\/d\/18ocR6dwT6z4NsnY6wLAiOO03ZlhK3XgK\/view?usp=sharing\">2024<\/a><\/li>\n\n\n\n<li>Pr\u00e1ctica Docente IV y Residencia: Recrear las Pr\u00e1cticas Docentes&nbsp;<a href=\"https:\/\/drive.google.com\/file\/d\/1LnlgV9wWK10ADmoCsL218R4Cc4SVHi8r\/view?usp=sharing\">2024<\/a><\/li>\n\n\n\n<li>Trabajo de Campo&nbsp;<a href=\"https:\/\/drive.google.com\/file\/d\/1sMR9Z8BmqybReIdm_86OS0CqdJQiwOKl\/view?usp=sharing\">2024<\/a><\/li>\n\n\n\n<li>Problem\u00e1ticas y Desaf\u00edos del Nivel Primario&nbsp;<a href=\"https:\/\/drive.google.com\/file\/d\/1yBw6uy9YxaZ_1ITKuv-vCnr9ctRAYttM\/view?usp=sharing\">2024<\/a><\/li>\n\n\n\n<li>Educaci\u00f3n F\u00edsica en el Nivel Primario&nbsp;<a href=\"https:\/\/drive.google.com\/file\/d\/1-r1IQVJzcd_OEYToGew7L1Rr6VtOv6oO\/view?usp=sharing\">2024<\/a><\/li>\n\n\n\n<li>Educaci\u00f3n Sexual Integral&nbsp;<a href=\"https:\/\/drive.google.com\/file\/d\/1z2uR5-Lmmqt9-Rll8dB-MD6rs52-r4vd\/view?usp=sharing\">2024<\/a><\/li>\n\n\n\n<li>Seminario Aprendizajes en Contextos Rurales <a href=\"https:\/\/drive.google.com\/file\/d\/1RYxKocG0rtB0uHNRiI6-Jo0Z6f17zY_9\/view?usp=sharing\">2024<\/a><\/li>\n<\/ul>\n\n\n\n<p><em><strong>ATENEOS<\/strong><\/em><\/p>\n\n\n\n<ul>\n<li>Ciencias Sociales y su Did\u00e1ctica <a href=\"https:\/\/drive.google.com\/file\/d\/1ouFlykgS-kiGYjLhnLuDcSW3jI5tZeYA\/view?usp=sharing\">2024<\/a><\/li>\n\n\n\n<li>Ciencias Naturales y su Did\u00e1ctica <a href=\"https:\/\/drive.google.com\/file\/d\/1QmUxU0cRGDPm1D8w9K5SJpc4-mw7iIZ_\/view?usp=sharing\">2024<\/a><\/li>\n\n\n\n<li>Matem\u00e1tica y su Did\u00e1ctica <a href=\"https:\/\/drive.google.com\/file\/d\/1lOknUZwbAoAHP55ySnazUbBj7gQxIPo5\/view?usp=sharing\">2024<\/a>&nbsp;<\/li>\n\n\n\n<li>Lengua y su Did\u00e1ctica&nbsp;<a href=\"https:\/\/drive.google.com\/file\/d\/1sOJvtl8PGJ7fsiD_JXbbe6bv-WVIcR7w\/view?usp=sharing\">2024<\/a><\/li>\n<\/ul>\n\n\n\n<p><strong>&nbsp; &nbsp; &nbsp; &nbsp;<\/strong><\/p>\n\n\n\n<p><strong>Profesorado de Ingl\u00e9s<\/strong><\/p>\n\n\n\n<p>&nbsp; &nbsp; &nbsp;&nbsp;<strong>2\u00b0 A\u00f1o<\/strong><\/p>\n\n\n\n<ul>\n<li>Historia y Pol\u00edtica de la Educaci\u00f3n Argentina&nbsp;<a href=\"https:\/\/drive.google.com\/file\/d\/1L-APr69GZLJmfZKvb30OBuJ6nPzbPJUQ\/view?usp=drive_link\">2024<\/a><\/li>\n\n\n\n<li>Did\u00e1ctica General&nbsp;<a href=\"https:\/\/drive.google.com\/file\/d\/1R68s9fxhDZQYfhj8x0n1qPu4K2LQ3jkz\/view?usp=drive_link\">2024<\/a><\/li>\n\n\n\n<li>Pr\u00e1ctica Docente II: Escuelas, Historias Documentadas y Cotidianeidad&nbsp;<a href=\"https:\/\/drive.google.com\/file\/d\/1AeQigSeFdJ_avTOAqXSq0bCnromLvB9K\/view?usp=sharing\">2024<\/a><\/li>\n\n\n\n<li>Pr\u00e1cticas Discursivas en Ingl\u00e9s II&nbsp;<a href=\"https:\/\/drive.google.com\/file\/d\/1tfplDJUz8cqwn6WfBuG8r0Yd22TRKd_e\/view?usp=sharing\">2024<\/a><\/li>\n\n\n\n<li>Fon\u00e9tica y Fonolog\u00eda Inglesa II&nbsp;<a href=\"https:\/\/drive.google.com\/file\/d\/1lwi2uvxomTaiBpfQg0Ro8EBJzMiLGcZM\/view?usp=drive_link\">2024<\/a><\/li>\n\n\n\n<li>Gram\u00e1tica Inglesa&nbsp;II <a href=\"https:\/\/drive.google.com\/file\/d\/1clecgBufD84SMKGLCirMZ6ulPcPbLdFq\/view?usp=sharing\">2024<\/a><\/li>\n\n\n\n<li>Estudios Socioculturales y Literarios de Pueblos de Habla Inglesa II&nbsp;<a href=\"https:\/\/drive.google.com\/file\/d\/1Av7JQq2UEtzWd1OzNxZDnZckj3ZhbD3E\/view?usp=sharing\">2024<\/a><\/li>\n\n\n\n<li>Problem\u00e1ticas de Adquisici\u00f3n de una Segunda Lengua&nbsp;<a href=\"https:\/\/drive.google.com\/file\/d\/1DA3TuK09KVLUGnb5u2zuOrTzjIOTL7ND\/view?usp=drive_link\">2024<\/a><\/li>\n\n\n\n<li>Sujetos de la Educaci\u00f3n&nbsp;<a href=\"https:\/\/drive.google.com\/file\/d\/1YCmJhh3HuK3n238RjDG7Km0XzCPJV6hY\/view?usp=sharing\">2024<\/a><\/li>\n<\/ul>\n\n\n\n<p><strong>&nbsp; &nbsp; &nbsp; 3\u00b0 A\u00f1o<\/strong><\/p>\n\n\n\n<ul>\n<li>Filosof\u00eda y Educaci\u00f3n&nbsp;<a href=\"https:\/\/drive.google.com\/file\/d\/1VN49a_S8pfAKFd9Kmdt6K8ku0NTIsyKo\/view?usp=sharing\">2024<\/a><\/li>\n\n\n\n<li>Pr\u00e1ctica Docente III&nbsp;<a href=\"https:\/\/drive.google.com\/file\/d\/1c5Fmpau65QMa5lEUQS-4w4SC_xQaaDus\/view?usp=sharing\">2024<\/a><\/li>\n\n\n\n<li>Pr\u00e1cticas Discursivas en Ingl\u00e9s III&nbsp;<a href=\"https:\/\/drive.google.com\/file\/d\/16HXb5AMCXBIJWdhl85FDMKayZuwR-ueF\/view?usp=sharing\">2024<\/a><\/li>\n\n\n\n<li>Fon\u00e9tica y Fonolog\u00eda Inglesa III&nbsp;<a href=\"https:\/\/drive.google.com\/file\/d\/1KH7uaRmsZ_ug9DGFNkYBYd6Y_z2k-WT6\/view?usp=sharing\">2024<\/a><\/li>\n\n\n\n<li>Gram\u00e1tica Inglesa III&nbsp;<a href=\"https:\/\/drive.google.com\/file\/d\/1jlZtGCmas8IEBUeFwLEGEp7l_yABeufQ\/view?usp=sharing\">2024<\/a><\/li>\n\n\n\n<li>Ling\u00fc\u00edstica I&nbsp;<a href=\"https:\/\/drive.google.com\/file\/d\/1cvCsdUB6s3GFITckXYhYZwwE_DzEcSQG\/view?usp=sharing\">2024<\/a><\/li>\n\n\n\n<li>Estudios Socioculturales y Literarios de Pueblos de habla Inglesa III&nbsp;<a href=\"https:\/\/drive.google.com\/file\/d\/1WyO7oojR7JcapWGs8qoPXFHxFoF5KpHW\/view?usp=sharing\">2024<\/a><\/li>\n\n\n\n<li>Did\u00e1ctica del Ingl\u00e9s I&nbsp;<a href=\"https:\/\/drive.google.com\/file\/d\/1qMAUbxwaiNcWb8TXVJcCqZ-0Vr8NReoS\/view?usp=sharing\">2024<\/a><\/li>\n<\/ul>\n\n\n\n<p><strong>&nbsp; &nbsp; &nbsp; &nbsp;<\/strong><\/p>\n\n\n\n<p><strong>Profesorado de Educaci\u00f3n Secundaria en Lengua y Literatura<\/strong><\/p>\n\n\n\n<p><strong>&nbsp; &nbsp;&nbsp; &nbsp; 1\u00b0 A\u00f1o<\/strong><\/p>\n\n\n\n<ul>\n<li>Pedagog\u00eda&nbsp;<a href=\"https:\/\/drive.google.com\/file\/d\/1kL9asv3lPqvpmkNd2e22ENCS2Mct7odT\/view?usp=sharing\">2024<\/a><\/li>\n\n\n\n<li>Problem\u00e1ticas Socioantropol\u00f3gicas en Educaci\u00f3n&nbsp;<a href=\"https:\/\/drive.google.com\/file\/d\/1VkCsb9GCNkeSGSN-9ATsjGt1fZlp-JW2\/view?usp=sharing\">2024<\/a><\/li>\n\n\n\n<li>Pr\u00e1ctica de Oralidad Lectura y Escritura&nbsp;<a href=\"https:\/\/drive.google.com\/file\/d\/1if9MyDO3Zrcai9X-3GdM8cjwYk-qIjgD\/view?usp=sharing\">2024<\/a><\/li>\n\n\n\n<li>Pr\u00e1ctica Docente I: Escuelas, Contextos y Pr\u00e1cticas&nbsp;<a href=\"https:\/\/drive.google.com\/file\/d\/1oUnpLZdsDXTgctkjfTgV0v53C66_hm38\/view?usp=sharing\">2024<\/a><\/li>\n\n\n\n<li>Introducci\u00f3n a los Estudios del Lenguaje&nbsp;<a href=\"https:\/\/drive.google.com\/file\/d\/1uZPkDBGaxj37FXqr_9fGir5VrL-Y9ZFE\/view?usp=sharing\">2024<\/a><\/li>\n\n\n\n<li>Gram\u00e1tica Te\u00f3rica y Aplicada I&nbsp;<\/li>\n\n\n\n<li>Teor\u00eda y An\u00e1lisis Literario I&nbsp;<a href=\"https:\/\/drive.google.com\/file\/d\/1Py76khYLaRXBZmv5LUWcuRfBV9cGlmHy\/view?usp=sharing\">2024<\/a><\/li>\n\n\n\n<li>Literatura Cl\u00e1sica Griega y Latina&nbsp;<a href=\"https:\/\/drive.google.com\/file\/d\/1DhhSxI9pAU6uQVQYOLh9oW0N-cB8aYKH\/view?usp=sharing\">2024<\/a><\/li>\n\n\n\n<li>Literatura Espa\u00f1ola&nbsp;<a href=\"https:\/\/drive.google.com\/file\/d\/13TZRPAm8m8N_JOCQ0_cBWrP1RyrwurZ6\/view?usp=sharing\">2024<\/a><\/li>\n<\/ul>\n\n\n\n<p><strong>&nbsp; &nbsp; &nbsp; &nbsp; &nbsp;<\/strong><\/p>\n\n\n\n<p><strong> &nbsp;Profesorado de Educaci\u00f3n Secundaria en Historia<\/strong><\/p>\n\n\n\n<p><strong>&nbsp; &nbsp; &nbsp;2\u00b0 A\u00f1o<\/strong><\/p>\n\n\n\n<ul>\n<li>Psicolog\u00eda y Educaci\u00f3n&nbsp;<a href=\"https:\/\/drive.google.com\/file\/d\/1JgpW5-ch_4mC_SddP1WdMM3TGigoqB6C\/view?usp=sharing\">2024<\/a><\/li>\n\n\n\n<li>Did\u00e1ctica General&nbsp;<a href=\"https:\/\/drive.google.com\/file\/d\/1oRlAlHoNyfESXLEcWcVhS8ddKAYa4C3-\/view?usp=sharing\">2024<\/a><\/li>\n\n\n\n<li>Sujetos de la Educaci\u00f3n&nbsp;<a href=\"https:\/\/drive.google.com\/file\/d\/1pymJbzfjNqpy02Bg-M9nqDuSRzewGsyP\/view?usp=sharing\">2024<\/a><\/li>\n\n\n\n<li>Pr\u00e1ctica Docente II. Historias Documentadas y Cotidianeidad&nbsp;<a href=\"https:\/\/drive.google.com\/file\/d\/1klO2Yw3XFy6fClBRxDQO1xnBHMOG6oqI\/view?usp=sharing\">2024<\/a><\/li>\n\n\n\n<li>Historia de Am\u00e9rica I&nbsp;<a href=\"https:\/\/drive.google.com\/file\/d\/1ozEmd4MVeOsy-p_szv6v2eKCewDZ2Rlu\/view?usp=sharing\">2024<\/a><\/li>\n\n\n\n<li>Introducci\u00f3n a la Econom\u00eda y las Ciencias Pol\u00edticas&nbsp;<a href=\"https:\/\/drive.google.com\/file\/d\/1g09JOdwb00YFuACacoObnCcanUZe3agb\/view?usp=sharing\">2024<\/a><\/li>\n\n\n\n<li>Did\u00e1ctica de la Historia I&nbsp;<a href=\"https:\/\/drive.google.com\/file\/d\/16U6qSNkO-9Nq1DNzj-e1BGnRfelQmC2O\/view?usp=sharing\">2024<\/a><\/li>\n\n\n\n<li>Historia Mundial II&nbsp;<a href=\"https:\/\/drive.google.com\/file\/d\/1M2R0CgtNMbuwtJ1Gs0iOTW7RG6sNmkFT\/view?usp=sharing\">2024<\/a><\/li>\n\n\n\n<li>UDI 1 Historia Regional&nbsp;<a href=\"https:\/\/drive.google.com\/file\/d\/1E3AHhzgGznu7OWbgW9WYbRj7PhL9M2wf\/view?usp=sharing\">2024<\/a><\/li>\n<\/ul>\n\n\n\n<p><strong>&nbsp;4\u00b0 A\u00f1o<\/strong><\/p>\n\n\n\n<ul>\n<li>\u00c9tica y Construcci\u00f3n de Ciudadan\u00eda&nbsp;<a href=\"https:\/\/drive.google.com\/file\/d\/104Vsz7vuHV0WK6zXZ1Vz44Efbmu2BQqX\/view?usp=sharing\">2024<\/a><\/li>\n\n\n\n<li>Problem\u00e1ticas y Desaf\u00edos de la Educaci\u00f3n <a href=\"https:\/\/drive.google.com\/file\/d\/1JPNGxuS2GlP0zRH6gvGIKeaUcUd9oFEz\/view?usp=sharing\">2024<\/a><\/li>\n\n\n\n<li>Pr\u00e1ctica Docente IV y Residencia <a href=\"https:\/\/drive.google.com\/file\/d\/1FsI-7oU1I4y4UmWgzkktBs8pShLLBKdS\/view?usp=sharing\">2024<\/a><\/li>\n\n\n\n<li>Historia de Am\u00e9rica III <a href=\"https:\/\/drive.google.com\/file\/d\/1PpljcfTsQDw8aqhHDbVITLlrf-UhEc2e\/view?usp=sharing\">2024<\/a><\/li>\n\n\n\n<li>Historia Mundial IV <a href=\"https:\/\/drive.google.com\/file\/d\/1jiKYC_t2kAyZkyYCQaQ7B-Kk8PhsSDTk\/view?usp=sharing\">2024<\/a><\/li>\n\n\n\n<li>Historia de Argentina II&nbsp;<a href=\"https:\/\/drive.google.com\/file\/d\/1kkF9fRMMlDF_o5ZVaU5NOjGlfAFPwpRg\/view?usp=sharing\">2024<\/a><\/li>\n\n\n\n<li>Historia de C\u00f3rdoba en el Siglo XX&nbsp;<a href=\"https:\/\/drive.google.com\/file\/d\/1poqvzDOPxuKtNtaP0kTWUPo9_dqHXvhX\/view?usp=sharing\">2024<\/a><\/li>\n\n\n\n<li>Arte en sus Contextos Socio-hist\u00f3ricos&nbsp;<a href=\"https:\/\/drive.google.com\/file\/d\/1JdocjOSvQBqD8mbOZ80zDN6Q1h4nQQ6F\/view?usp=sharing\">2024<\/a><\/li>\n<\/ul>\n\n\n\n<p><strong>&nbsp; <\/strong><\/p>\n\n\n\n<p><strong>Profesorado de Matem\u00e1tica<\/strong><\/p>\n\n\n\n<p><strong>&nbsp; &nbsp; &nbsp; &nbsp; &nbsp; 2\u00b0A\u00f1o<\/strong><\/p>\n\n\n\n<ul>\n<li>Psicolog\u00eda y Educaci\u00f3n&nbsp;<a href=\"https:\/\/drive.google.com\/file\/d\/12z2YIKA4OOWvSRugnAEuCaYetgS2r0dY\/view?usp=sharing\">2024<\/a><\/li>\n\n\n\n<li>Did\u00e1ctica General&nbsp;<a href=\"https:\/\/drive.google.com\/file\/d\/1aLbxXH1zFTZXefxXvnJgEByCw3gmZ-Sc\/view?usp=sharing\">2024<\/a><\/li>\n\n\n\n<li>Pr\u00e1ctica Docente II: Escuelas, Historias Documentadas y Cotidianeidad&nbsp;<a href=\"https:\/\/drive.google.com\/file\/d\/1-etHvjXQv-0OxGJZWRxSUyQxnXXuz4cB\/view?usp=sharing\">2024<\/a><\/li>\n\n\n\n<li>Sujetos de la Educaci\u00f3n&nbsp;<a href=\"https:\/\/drive.google.com\/file\/d\/1PnZ-sxZpS1s3XIuunnPFwH45TLwyjLNA\/view?usp=sharing\">2024<\/a><\/li>\n\n\n\n<li>Problem\u00e1ticas del \u00c1lgebra I&nbsp;<a href=\"https:\/\/drive.google.com\/file\/d\/1rUj3bLEM7hWhGVJpPqo_bfz3Y-H7aER9\/view?usp=sharing\">2024<\/a><\/li>\n\n\n\n<li>Problem\u00e1ticas de la Geometr\u00eda II <a href=\"https:\/\/drive.google.com\/file\/d\/1WSkAChHUOF6KHf-8bCBegbTtrmtttm3D\/view?usp=sharing\">2024<\/a><\/li>\n\n\n\n<li>Problem\u00e1ticas de An\u00e1lisis Matem\u00e1tico I <a href=\"https:\/\/drive.google.com\/file\/d\/1qYIcCXDkHGkSdiusV8AaB8VTG5Dj47wP\/view?usp=sharing\">2024<\/a><\/li>\n\n\n\n<li>Did\u00e1ctica de la Matem\u00e1tica&nbsp;<a href=\"https:\/\/drive.google.com\/file\/d\/1W4eUm7TbyoveMDqCsxHJrd74Fccz0zfS\/view?usp=sharing\">2024<\/a><\/li>\n<\/ul>\n\n\n\n<p><strong>&nbsp; &nbsp; &nbsp; &nbsp; &nbsp; <\/strong><\/p>\n\n\n\n<p><strong>&nbsp; Profesorado Educaci\u00f3n Especial<\/strong><\/p>\n\n\n\n<p><strong>1\u00b0 A\u00f1o<\/strong><\/p>\n\n\n\n<ul>\n<li>Pedagog\u00eda&nbsp;<a href=\"https:\/\/drive.google.com\/file\/d\/1FK0tio5dHQ3I55wVXq76EDd1J9rsXa78\/view?usp=sharing\">2024<\/a><\/li>\n\n\n\n<li>Problem\u00e1ticas Socioantropol\u00f3gicas en Educaci\u00f3n&nbsp;<a href=\"https:\/\/drive.google.com\/file\/d\/1HfggR5_XGITAXO6gFGehXXgA981GixM5\/view?usp=sharing\">2024<\/a><\/li>\n\n\n\n<li>Psicolog\u00eda y Educaci\u00f3n&nbsp;<a href=\"https:\/\/drive.google.com\/file\/d\/1kZfPZzAwrVXYMYuLaYJWIhIjK1on30NP\/view?usp=sharing\">2024<\/a><\/li>\n\n\n\n<li>Lectura y Escritura Acad\u00e9mica&nbsp;<a href=\"https:\/\/drive.google.com\/file\/d\/1o78-JAbtDBAfaDXvAJs7UpE0GDra2_Yd\/view?usp=sharing\">2024<\/a><\/li>\n\n\n\n<li>Pr\u00e1ctica Docente I&nbsp;<a href=\"https:\/\/drive.google.com\/file\/d\/1-Wnl8h27bFC8H4DShX1LwwsuxuoLg4Ps\/view?usp=sharing\">2024<\/a><\/li>\n\n\n\n<li>Historia y Perspectivas de la Educaci\u00f3n Especial&nbsp;<a href=\"https:\/\/drive.google.com\/file\/d\/1uQHEklqKS1dXARXYLZOXZX89PwCoo7_8\/view?usp=sharing\">2024<\/a><\/li>\n\n\n\n<li>Lenguaje Corporal y Educaci\u00f3n Especial&nbsp;<a href=\"https:\/\/drive.google.com\/file\/d\/1ZZE5eybV89XdvTdg5lN64BUhbnh4creL\/view?usp=sharing\">2024<\/a><\/li>\n\n\n\n<li>Neuropsicolog\u00eda del Desarrollo&nbsp;<a href=\"https:\/\/drive.google.com\/file\/d\/1QlqfDgMYCNwn6F9q4OxPhNNdaHlipPtX\/view?usp=sharing\">2024<\/a><\/li>\n\n\n\n<li>Educaci\u00f3n Psicomotriz&nbsp;<a href=\"https:\/\/drive.google.com\/file\/d\/145Qrl_JUin5SHLJ2nWrHAqkfR2VpG0bB\/view?usp=sharing\">2024<\/a><\/li>\n<\/ul>\n\n\n\n<p>&nbsp; &nbsp; &nbsp;<strong>3\u00b0 A\u00f1o<\/strong><\/p>\n\n\n\n<ul>\n<li>Historia y Pol\u00edtica de la Educaci\u00f3n Argentina&nbsp;<a href=\"https:\/\/drive.google.com\/file\/d\/1m38tK6gewj9GuVPBlQu3na0U-6T1pbin\/view?usp=sharing\">2024<\/a><\/li>\n\n\n\n<li>Pr\u00e1ctica Docente III Y Residencia&nbsp;<a href=\"https:\/\/drive.google.com\/file\/d\/1SntxJACZGm1NTyPTtfAiuAwCciOJRvkD\/view?usp=sharing\">2024<\/a><\/li>\n\n\n\n<li>Ciencias Naturales y su Did\u00e1ctica&nbsp;<a href=\"https:\/\/drive.google.com\/file\/d\/1uG7GpaeRT78GOFd9vJ8x6BabInPY61t8\/view?usp=sharing\">2024<\/a><\/li>\n\n\n\n<li>Ciencias Sociales y su Did\u00e1ctica&nbsp;<a href=\"https:\/\/drive.google.com\/file\/d\/1xNhXBT42jKVvTolm-0qBXhaIUdTepb0H\/view?usp=sharing\">2024<\/a><\/li>\n\n\n\n<li>Multidiscapacidad&nbsp;<a href=\"https:\/\/drive.google.com\/file\/d\/1KRTkdS1IelulHDsZwZ4jvtXBCvfOPlQk\/view?usp=sharing\">2024<\/a><\/li>\n\n\n\n<li>Problem\u00e1ticas de la Discapacidad y Subjetividad&nbsp;<a href=\"https:\/\/drive.google.com\/file\/d\/148a_ZIRTfNxfjhD3ZvOTEVcVguPkGtI_\/view?usp=sharing\">2024<\/a><\/li>\n\n\n\n<li>Abordajes Pedag\u00f3gicos en Sujetos con DI&nbsp;<a href=\"https:\/\/drive.google.com\/file\/d\/1r3M_258-fXgFRmhopOhIJOB1naPvXasP\/view?usp=sharing\">2024<\/a><\/li>\n\n\n\n<li>TIC&nbsp; y su Ense\u00f1anza en DI&nbsp;<a href=\"https:\/\/drive.google.com\/file\/d\/1OWqZyimBqgMk81MWE3C6ZNiSEwycpWVI\/view?usp=sharing\">2024<\/a><\/li>\n\n\n\n<li>Comunicaci\u00f3n y Trastornos del Lenguaje en DI&nbsp;<a href=\"https:\/\/drive.google.com\/file\/d\/1EoIZh1sDfENnVCBhR5Rbvz8JnoBf6FAh\/view?usp=sharing\">2024<\/a><\/li>\n\n\n\n<li>UDI I M\u00fasica y Educaci\u00f3n Especial&nbsp;<a href=\"https:\/\/drive.google.com\/file\/d\/1-mlRhjLwYi3_kscK0Q9itPlfWPUwNPiA\/view?usp=sharing\">2024<\/a><\/li>\n<\/ul>\n\n\n\n<p><strong>&nbsp; &nbsp; &nbsp; &nbsp; &nbsp; &nbsp;<\/strong><\/p>\n\n\n\n<p><strong>Profesorado de Educaci\u00f3n Inicial<\/strong><\/p>\n\n\n\n<p><strong>1<strong>\u00b0<\/strong> A\u00f1o<\/strong><\/p>\n\n\n\n<ul>\n<li>Pedagog\u00eda&nbsp;<a href=\"https:\/\/drive.google.com\/file\/d\/1yGfbalUC78cORvXtETX5fA0bPnDpkyzs\/view?usp=sharing\">2024<\/a><\/li>\n\n\n\n<li>Problem\u00e1ticas&nbsp;Socio-antropol\u00f3gicas en Educaci\u00f3n&nbsp;<a href=\"https:\/\/drive.google.com\/file\/d\/1llff_lRufv4ut28LjgNLIp7IHbL8Z-3b\/view?usp=sharing\">2024<\/a><\/li>\n\n\n\n<li>Psicolog\u00eda y Educaci\u00f3n&nbsp;<a href=\"https:\/\/drive.google.com\/file\/d\/1udCy0bAoSmWsE1hXmvsCx3uzY3yAAEkd\/view?usp=sharing\">2024<\/a><\/li>\n\n\n\n<li>Argentina en el Mundo Contempor\u00e1neo&nbsp;<a href=\"https:\/\/drive.google.com\/file\/d\/1eLZfPTmWI65dE1626CPPoH-6u58JpS0O\/view?usp=sharing\">2024<\/a><\/li>\n\n\n\n<li>Lenguaje Digital y Audiovisual&nbsp;<a href=\"https:\/\/drive.google.com\/file\/d\/1L1rJtSDqeIQukc2MZjzSOO6-om9Fo6pN\/view?usp=sharing\">2024<\/a><\/li>\n\n\n\n<li>Lenguaje Corporal&nbsp;<a href=\"https:\/\/drive.google.com\/file\/d\/1lXScs_9qVI70FQOVPGO7QCRSwJuzLEH0\/view?usp=sharing\">2024<\/a><\/li>\n\n\n\n<li>Pr\u00e1ctica Docente I: Contextos y Pr\u00e1cticas Educativas&nbsp;<a href=\"https:\/\/drive.google.com\/file\/d\/1b6JM-ValS_M8bNgFmVuGv3rA_Z68unrF\/view?usp=sharing\">2024<\/a><\/li>\n\n\n\n<li>Educaci\u00f3n Inicial: Jard\u00edn Maternal <a href=\"https:\/\/drive.google.com\/file\/d\/1Q546cMHtBOIpS7dMwawrxjNHfVitsh6z\/view?usp=sharing\">2024<\/a><\/li>\n\n\n\n<li>Oralidad, Lectura y Escritura&nbsp;<a href=\"https:\/\/drive.google.com\/file\/d\/1p5hupwXDifY3FTS05NDqyIn6koDmlJNa\/view?usp=sharing\">2024<\/a><\/li>\n\n\n\n<li>Alfabetizaci\u00f3n en Lengua Inglesa&nbsp;<a href=\"https:\/\/drive.google.com\/file\/d\/1EOEuhP5V6NGeLAJEsu7j4nzuuFZO58Qo\/view?usp=sharing\">2024<\/a><\/li>\n\n\n\n<li>Educaci\u00f3n Art\u00edstica: M\u00fasica&nbsp;<a href=\"https:\/\/drive.google.com\/file\/d\/1kgdpfafQUPkaGaHzJ-gMeiEGEhWsuKwh\/view?usp=sharing\">2024<\/a><\/li>\n<\/ul>\n\n\n\n<p><strong>&nbsp; 4\u00b0 A\u00f1o<\/strong><\/p>\n\n\n\n<ul>\n<li>\u00c9tica y Construcci\u00f3n de Ciudadan\u00eda&nbsp;<a href=\"https:\/\/drive.google.com\/file\/d\/1KU462YgHhmflJ_Yg0P4l7NWME45CQh6P\/view?usp=sharing\">2024<\/a><\/li>\n\n\n\n<li>Pr\u00e1ctica Docente IV y Residencia: Recrear las Pr\u00e1cticas Docentes&nbsp;<a href=\"https:\/\/drive.google.com\/file\/d\/14N8-SdBoOWP26wq9s62d12MO-E9C4CMm\/view?usp=sharing\">2024<\/a><\/li>\n\n\n\n<li>Problem\u00e1ticas y Desaf\u00edos del Nivel Inicial: JM y JI&nbsp;<a href=\"https:\/\/drive.google.com\/file\/d\/1eKZRSl0UHi6RnlmGH0Jjpu1ri8R1-LkH\/view?usp=sharing\">2024<\/a><\/li>\n\n\n\n<li>Educaci\u00f3n Art\u00edstica: Teatro&nbsp;<a href=\"https:\/\/drive.google.com\/file\/d\/1uMjpL8CKreELcY50kiGZjMPMhWRynq-0\/view?usp=sharing\">2024<\/a><\/li>\n\n\n\n<li>Educaci\u00f3n Sexual Integral&nbsp;<a href=\"https:\/\/drive.google.com\/file\/d\/1iv_Ro9wXyRG4nluKc5D3mC3Zl6Oa0y4Q\/view?usp=sharing\">2024<\/a><\/li>\n\n\n\n<li>Trabajo de Campo<\/li>\n\n\n\n<li>Seminario II Juego y Recreaci\u00f3n en NI&nbsp;<a href=\"https:\/\/drive.google.com\/file\/d\/1sNYq1BWakDPqtoyQnIndFdWT_g1FRf7V\/view?usp=sharing\">2024<\/a><\/li>\n<\/ul>\n\n\n\n<p><em><strong>ATENEOS<\/strong><\/em><\/p>\n\n\n\n<ul>\n<li>Ciencias Naturales y su Did\u00e1ctica&nbsp;<a href=\"https:\/\/drive.google.com\/file\/d\/1lL_BPY9WwBQUVstX1x48MXRBUN5fu0wA\/view?usp=sharing\">2024<\/a><\/li>\n\n\n\n<li>Ciencias Sociales y su Did\u00e1ctica&nbsp; <a href=\"https:\/\/drive.google.com\/file\/d\/1n6IsSBeuA_AYKMesZjN1GbDN7DTUb7k7\/view?usp=sharing\">2024<\/a><\/li>\n\n\n\n<li>Lengua y su Did\u00e1ctica&nbsp;<a href=\"https:\/\/drive.google.com\/file\/d\/1lO2xs8sdAZ0rzdrBe_MzcykJPih9jDrG\/view?usp=sharing\">2024<\/a><\/li>\n\n\n\n<li>Matem\u00e1tica y su Did\u00e1ctica&nbsp;<a href=\"https:\/\/drive.google.com\/file\/d\/1v64HdJ7woYNpHRhno-qljfOsWBRclRlK\/view?usp=sharing\">2024<\/a><\/li>\n<\/ul>\n\n\n\n<p><\/p>\n","protected":false},"excerpt":{"rendered":"<p>Profesorado de Educaci\u00f3n Primaria &nbsp; &nbsp;1\u00b0 A\u00f1o &nbsp; &nbsp; &nbsp; &nbsp; 2\u00b0 A\u00f1o &nbsp;&nbsp; &nbsp; &nbsp; &nbsp; &nbsp;3\u00b0 A\u00f1o &nbsp; &nbsp; &nbsp; &nbsp; 4\u00b0 A\u00f1o ATENEOS &nbsp; &nbsp; &nbsp; &nbsp; Profesorado de Ingl\u00e9s &nbsp; &nbsp; &nbsp;&nbsp;2\u00b0 A\u00f1o &nbsp; &nbsp; &nbsp; 3\u00b0 A\u00f1o &nbsp; &nbsp; &nbsp; &nbsp; Profesorado de Educaci\u00f3n Secundaria en Lengua y Literatura &nbsp; &#8230; <a title=\"Programas de Formaci\u00f3n Docente 2024\" class=\"read-more\" href=\"https:\/\/iscarena-cba.infd.edu.ar\/sitio\/programas-de-formacion-docente-2024\/\" aria-label=\"More on Programas de Formaci\u00f3n Docente 2024\">[+]<\/a><\/p>\n","protected":false},"author":1733,"featured_media":0,"parent":0,"menu_order":0,"comment_status":"closed","ping_status":"closed","template":"","meta":[],"acf":[],"_links":{"self":[{"href":"https:\/\/iscarena-cba.infd.edu.ar\/sitio\/wp-json\/wp\/v2\/pages\/3566"}],"collection":[{"href":"https:\/\/iscarena-cba.infd.edu.ar\/sitio\/wp-json\/wp\/v2\/pages"}],"about":[{"href":"https:\/\/iscarena-cba.infd.edu.ar\/sitio\/wp-json\/wp\/v2\/types\/page"}],"author":[{"embeddable":true,"href":"https:\/\/iscarena-cba.infd.edu.ar\/sitio\/wp-json\/wp\/v2\/users\/1733"}],"replies":[{"embeddable":true,"href":"https:\/\/iscarena-cba.infd.edu.ar\/sitio\/wp-json\/wp\/v2\/comments?post=3566"}],"version-history":[{"count":103,"href":"https:\/\/iscarena-cba.infd.edu.ar\/sitio\/wp-json\/wp\/v2\/pages\/3566\/revisions"}],"predecessor-version":[{"id":4152,"href":"https:\/\/iscarena-cba.infd.edu.ar\/sitio\/wp-json\/wp\/v2\/pages\/3566\/revisions\/4152"}],"wp:attachment":[{"href":"https:\/\/iscarena-cba.infd.edu.ar\/sitio\/wp-json\/wp\/v2\/media?parent=3566"}],"curies":[{"name":"wp","href":"https:\/\/api.w.org\/{rel}","templated":true}]}}