{"id":3276,"date":"2023-07-03T20:00:38","date_gmt":"2023-07-03T23:00:38","guid":{"rendered":"https:\/\/iscarena-cba.infd.edu.ar\/sitio\/?page_id=3276"},"modified":"2023-09-19T02:20:27","modified_gmt":"2023-09-19T05:20:27","slug":"programas-de-formacion-docente-2023","status":"publish","type":"page","link":"https:\/\/iscarena-cba.infd.edu.ar\/sitio\/programas-de-formacion-docente-2023\/","title":{"rendered":"Programas de Formaci\u00f3n Docente 2023"},"content":{"rendered":"\n<h1 class=\"wp-block-heading\"><\/h1>\n\n\n\n<p><strong>&nbsp;<\/strong><strong>Profesorado de Educaci\u00f3n Primaria<\/strong><\/p>\n\n\n\n<p><strong>&nbsp; &nbsp;1\u00b0 A\u00f1o<\/strong><\/p>\n\n\n\n<ul>\n<li>Pedagog\u00eda&nbsp;202<\/li>\n\n\n\n<li>Problem\u00e1ticas Socioantropol\u00f3gicas en Educaci\u00f3n&nbsp;202<\/li>\n\n\n\n<li>Psicolog\u00eda y Educaci\u00f3n&nbsp;<a href=\"https:\/\/drive.google.com\/file\/d\/12lDkmBu1oVqB3mOpq-lKtwHn1e38xkpU\/view?usp=sharing\">2023<\/a><\/li>\n\n\n\n<li>Argentina en el Mundo Contempor\u00e1neo&nbsp;<a href=\"https:\/\/drive.google.com\/file\/d\/1osBWf3SkCmvQfQtgnEbQhcbsTZeom2ad\/view?usp=sharing\">2023<\/a><\/li>\n\n\n\n<li>Lenguaje Digital y Audiovisual\u00a0<a href=\"https:\/\/drive.google.com\/file\/d\/1ZhhFWa-Mtcrakevlnrv21WGLuHn53-E7\/view?usp=sharing\">2023<\/a><\/li>\n\n\n\n<li>Lenguaje Corporal&nbsp;202<\/li>\n\n\n\n<li>Pr\u00e1ctica Docente I: Contextos y Pr\u00e1cticas Educativas&nbsp;202<\/li>\n\n\n\n<li>Desarrollo del Pensamiento Matem\u00e1tico&nbsp;<a href=\"https:\/\/drive.google.com\/file\/d\/11ui_9IkuEtbbi746qYS0Oy3YfXBcGpGP\/view?usp=sharing\">2023<\/a><\/li>\n\n\n\n<li>Oralidad, Lectura y Escritura\u00a0<a href=\"https:\/\/drive.google.com\/file\/d\/1LNn4KQJUUkaV967EjqRDQaYIEIyQ8INk\/view?usp=sharing\">2023<\/a><\/li>\n\n\n\n<li>Alfabetizaci\u00f3n en Lengua Inglesa I&nbsp;202<\/li>\n<\/ul>\n\n\n\n<p><strong>&nbsp; &nbsp; &nbsp; &nbsp; 2\u00b0 A\u00f1o<\/strong><\/p>\n\n\n\n<ul>\n<li>Filosof\u00eda y Educaci\u00f3n&nbsp;202<\/li>\n\n\n\n<li>Did\u00e1ctica General&nbsp;<a href=\"https:\/\/drive.google.com\/file\/d\/1l1Kq-G3E4b7czvKF81Itev7SDZ4oyW18\/view?usp=drive_link\">2023<\/a><\/li>\n\n\n\n<li>Lenguaje Art\u00edstico Expresivo\u00a0<a href=\"https:\/\/drive.google.com\/file\/d\/1U5PsUNi9MoNkUAtSwe9SDSC0O_o3z89-\/view?usp=sharing\">2023<\/a><\/li>\n\n\n\n<li>Pr\u00e1ctica Docente II: Escuelas, Historias Documentadas y Cotidianeidad\u00a0<a href=\"https:\/\/drive.google.com\/file\/d\/1oR21HrvYZUSWU7yw1YW98eFpr7LiPXW7\/view?usp=sharing\">2023<\/a><\/li>\n\n\n\n<li>Matem\u00e1tica y su Did\u00e1ctica I\u00a0<a href=\"https:\/\/drive.google.com\/file\/d\/1vexkVmN44H11LwlxUOY9nwzm_IC0bcA2\/view?usp=sharing\">2023<\/a><\/li>\n\n\n\n<li>Lengua y su Did\u00e1ctica\u00a0<a href=\"https:\/\/drive.google.com\/file\/d\/1mBQNOg3caYi7s7MougqVa_HG852sYQb2\/view?usp=sharing\">2023<\/a><\/li>\n\n\n\n<li>Ciencias Naturales y su Did\u00e1ctica I\u00a0<a href=\"https:\/\/drive.google.com\/file\/d\/1Ie3elu76UhIM73cG_RAyW7gYya7laVnS\/view?usp=sharing\">2023<\/a><\/li>\n\n\n\n<li>Ciencias Sociales y su Did\u00e1ctica I\u00a0<a href=\"https:\/\/drive.google.com\/file\/d\/18rfGeBqewOFka7_dpD116W8GJjlkGUtW\/view?usp=sharing\">2023<\/a><\/li>\n\n\n\n<li>Sujetos de la Educaci\u00f3n y Convivencia Escolar <a href=\"https:\/\/drive.google.com\/file\/d\/150jtGL33gY3UsTsvcVwW3d6NVqDrIn9w\/view?usp=sharing\">2023<\/a><\/li>\n\n\n\n<li>Alfabetizaci\u00f3n en Lengua Inglesa II&nbsp;202<\/li>\n<\/ul>\n\n\n\n<p><strong>&nbsp;<\/strong><strong>&nbsp; &nbsp; &nbsp; &nbsp; &nbsp;3\u00b0 A\u00f1o<\/strong><\/p>\n\n\n\n<ul>\n<li>Historia y Pol\u00edtica de la Educaci\u00f3n Argentina&nbsp;202<\/li>\n\n\n\n<li>Pr\u00e1ctica Docente III: El Aula, Espacio del Aprender y del Ense\u00f1ar\u00a0<a href=\"https:\/\/drive.google.com\/file\/d\/18Tr1LA2TqdGM50jmI-4Iv3UORZlyoLP2\/view?usp=sharing\">2023<\/a><\/li>\n\n\n\n<li>Matem\u00e1tica y su Did\u00e1ctica II\u00a0<a href=\"https:\/\/drive.google.com\/file\/d\/1hQxiLHvZN5PvcnY6CLatUjNJ-AyZscNC\/view?usp=sharing\">2023<\/a><\/li>\n\n\n\n<li>Literatura en el Nivel Primario\u00a0<a href=\"https:\/\/drive.google.com\/file\/d\/1zZ93DyIm9K1BT8cm87vFoNl2RNWPNWY-\/view?usp=sharing\">2023<\/a><\/li>\n\n\n\n<li>Alfabetizaci\u00f3n Inicial\u00a0<a href=\"https:\/\/drive.google.com\/file\/d\/1mpYAIf3A8D1j8ITRQzWmBlcUecbak3xI\/view?usp=sharing\">2023<\/a><\/li>\n\n\n\n<li>Ciencias Naturales y su Did\u00e1ctica II\u00a0<a href=\"https:\/\/drive.google.com\/file\/d\/1DBORxJ2uZITc_MLl9iUzEZJoNCtOzPAa\/view?usp=sharing\">2023<\/a><\/li>\n\n\n\n<li>Taller de Ciencias en la Escuela\u00a0<a href=\"https:\/\/drive.google.com\/file\/d\/1Em-3S5qpWqoDrnu2hEj8PmeAUA1COBjx\/view?usp=sharing\">2023<\/a><\/li>\n\n\n\n<li>Ciencias Sociales y su Did\u00e1ctica II&nbsp;202<\/li>\n\n\n\n<li>Educaci\u00f3n Art\u00edstico Expresiva\u00a0<a href=\"https:\/\/drive.google.com\/file\/d\/1BP_OjGHkxIoD5qF_AwvjUzYZawVMLBul\/view?usp=sharing\">2023<\/a><\/li>\n\n\n\n<li>TIC y la Ense\u00f1anza en el Nivel Primario&nbsp;202<\/li>\n\n\n\n<li>Alfabetizaci\u00f3n en Lengua Inglesa III&nbsp;202<\/li>\n<\/ul>\n\n\n\n<p><strong>&nbsp; &nbsp; &nbsp; &nbsp; 4\u00b0 A\u00f1o<\/strong><\/p>\n\n\n\n<ul>\n<li>\u00c9tica y Construcci\u00f3n de Ciudadan\u00eda\u00a0<a href=\"https:\/\/drive.google.com\/file\/d\/1GiZ7S3XE9GNo56icTZ2o56vB_LLLNDhn\/view?usp=sharing\">2023<\/a><\/li>\n\n\n\n<li>Pr\u00e1ctica Docente IV y Residencia: Recrear las Pr\u00e1cticas Docentes <a href=\"https:\/\/drive.google.com\/file\/d\/1WtNfJubZbbC29ylyb160YEaE4spjw7aX\/view?usp=sharing\">2023<\/a><\/li>\n\n\n\n<li>Trabajo de Campo\u00a0<a href=\"https:\/\/drive.google.com\/file\/d\/1g1yiEe5C3wvMw2ku7UqTbqKWBSjUZ0KZ\/view?usp=sharing\">2023<\/a><\/li>\n\n\n\n<li>Problem\u00e1ticas y Desaf\u00edos del Nivel Primario&nbsp;202<\/li>\n\n\n\n<li>Educaci\u00f3n F\u00edsica en el Nivel Primario\u00a0<a href=\"https:\/\/drive.google.com\/file\/d\/1Ip0bYGptzbIlEheDCSKqfXMQBOzzxgef\/view?usp=sharing\">2023<\/a><\/li>\n\n\n\n<li>Educaci\u00f3n Sexual Integral\u00a0<a href=\"https:\/\/drive.google.com\/file\/d\/1KNXcuV3P4nnrS-QeL-LdD3Hc2TJRHy43\/view?usp=sharing\">2023<\/a><\/li>\n\n\n\n<li>Seminario Aprendizajes en Contextos Rurales\u00a0<a href=\"https:\/\/drive.google.com\/file\/d\/1_bmxM59F-4mnrO_skri7gx3PrRO-xTKa\/view?usp=sharing\">2023<\/a><\/li>\n<\/ul>\n\n\n\n<p><em><strong>ATENEOS<\/strong><\/em><\/p>\n\n\n\n<ul>\n<li>Ciencias Sociales y su Did\u00e1ctica\u00a0<a href=\"https:\/\/drive.google.com\/file\/d\/1g3uvdtN7WDL8FgCF2huOLYnSpmBN6jbk\/view?usp=sharing\">2023<\/a><\/li>\n\n\n\n<li>Ciencias Naturales y su Did\u00e1ctica\u00a0<a href=\"https:\/\/drive.google.com\/file\/d\/1MqtvqkwS1rb3To_Tx8cycxvwO3eetMfe\/view?usp=sharing\">2023<\/a><\/li>\n\n\n\n<li>Matem\u00e1tica y su Did\u00e1ctica\u00a0<a href=\"https:\/\/drive.google.com\/file\/d\/1NEEF5F1BHpI8XlSYThZpVLcDfWKFfEY7\/view?usp=sharing\">2023<\/a><\/li>\n\n\n\n<li>Lengua y su Did\u00e1ctica&nbsp;202<\/li>\n<\/ul>\n\n\n\n<p><strong>&nbsp; &nbsp; &nbsp; &nbsp; &nbsp; &nbsp; Profesorado de Ingl\u00e9s<\/strong><\/p>\n\n\n\n<p><strong>&nbsp; &nbsp; &nbsp; 1\u00b0 A\u00f1o<\/strong><\/p>\n\n\n\n<ul>\n<li>Pedagog\u00eda&nbsp;<a href=\"https:\/\/drive.google.com\/file\/d\/1wTr3VxYrRxCtqtGGJrOaam9PGIiXEpuP\/view?usp=sharing\">2023<\/a><\/li>\n\n\n\n<li>Problem\u00e1ticas Socio antropol\u00f3gicas en Educaci\u00f3n&nbsp;<a href=\"https:\/\/drive.google.com\/file\/d\/1xwCjinrwGCXsfdPdXHWt-KYPr12kp_vb\/view?usp=sharing\">2023<\/a><\/li>\n\n\n\n<li>Psicolog\u00eda y Educaci\u00f3n&nbsp;<a href=\"https:\/\/drive.google.com\/file\/d\/185zqbG0fCZyqXvWYTrWFbztUQw8xSLit\/view?usp=sharing\">2023<\/a><\/li>\n\n\n\n<li>Pr\u00e1ctica Docente I: Contextos y Pr\u00e1cticas Educativas\u00a0<a href=\"https:\/\/drive.google.com\/file\/d\/1xGJKorWJsZzk2ZT70GJYWfffBcXBVVxH\/view?usp=sharing\">2023<\/a><\/li>\n\n\n\n<li>Pr\u00e1cticas Discursivas en Ingl\u00e9s I&nbsp;<a href=\"https:\/\/drive.google.com\/file\/d\/1BhlzxF5UfFAiAbGxfGOk63SQB48gvpcs\/view?usp=sharing\">2023<\/a><\/li>\n\n\n\n<li>Fon\u00e9tica y Fonolog\u00eda Inglesa I&nbsp;<a href=\"https:\/\/drive.google.com\/file\/d\/1RWBxR_7mWkYJEuC1MaxAUHJAeuFfoqL4\/view?usp=sharing\">2023<\/a><\/li>\n\n\n\n<li>Gram\u00e1tica Inglesa I&nbsp;<a href=\"https:\/\/drive.google.com\/file\/d\/1BkRQigpVspJmTT9eHqPXesvVl2Nja2Xk\/view?usp=sharing\">2023<\/a><\/li>\n\n\n\n<li>Estudios Socioculturales y Literarios de Pueblos de Habla Inglesa I&nbsp;<a href=\"https:\/\/drive.google.com\/file\/d\/1kOAGXQSZHsV6in2S_CeTUkOAC1BSrXpe\/view?usp=sharing\">2023<\/a><\/li>\n\n\n\n<li>UDI Taller de Lengua Castellana <a href=\"https:\/\/drive.google.com\/file\/d\/1_FvwQNh-89IzVFSxv6-lEf6Z7sNQQ0Dy\/view?usp=sharing\">2023<\/a><\/li>\n<\/ul>\n\n\n\n<p>&nbsp; &nbsp; &nbsp;&nbsp;<strong>2\u00b0 A\u00f1o<\/strong><\/p>\n\n\n\n<ul>\n<li>Historia y Pol\u00edtica de la Educaci\u00f3n Argentina&nbsp;<a href=\"https:\/\/drive.google.com\/file\/d\/1dC37TLIXUFl9HN8UiDHTEWW2CIa-ULxh\/view?usp=sharing\">2023<\/a>&nbsp;<\/li>\n\n\n\n<li>Did\u00e1ctica General&nbsp;2023&nbsp;<\/li>\n\n\n\n<li>Pr\u00e1ctica Docente II: Escuelas, Historias Documentadas y Cotidianeidad\u00a0<a href=\"https:\/\/drive.google.com\/file\/d\/1122V8-5JpzUJQYRbLKhoSPzm3Lm47mbg\/view?usp=sharing\">2023<\/a>\u00a0<\/li>\n\n\n\n<li>Pr\u00e1cticas Discursivas en Ingl\u00e9s II&nbsp;<a href=\"https:\/\/drive.google.com\/file\/d\/1QjBT0sFUK-1lfYu5TyWMQ1CGJtGqZURt\/view?usp=sharing\">2023<\/a>&nbsp;<\/li>\n\n\n\n<li>Fon\u00e9tica y Fonolog\u00eda Inglesa II&nbsp;<a href=\"https:\/\/drive.google.com\/file\/d\/1q3USVe_o0dH33Fgd4y8uscvC4UZbPxNT\/view?usp=sharing\">2023<\/a>&nbsp;<\/li>\n\n\n\n<li>Gram\u00e1tica Inglesa&nbsp;<a href=\"https:\/\/drive.google.com\/file\/d\/13TQCFnDcIvmi5KzUQqT11uWlqOzQHJfR\/view?usp=sharing\">2023<\/a><\/li>\n\n\n\n<li>Estudios Socioculturales y Literarios de Pueblos de Habla Inglesa II <a href=\"https:\/\/drive.google.com\/file\/d\/1t2mhJNmdKwHtvdI4uNV4CZ4tEQMBGTl4\/view?usp=sharing\">2023<\/a><\/li>\n\n\n\n<li>Problem\u00e1ticas de Adquisici\u00f3n de una Segunda Lengua&nbsp;<a href=\"https:\/\/drive.google.com\/file\/d\/1AB4yIbql_U3Dg1TAqPqk4f74zLaHBymb\/view?usp=sharing\">2023<\/a><\/li>\n\n\n\n<li>Sujetos de la Educaci\u00f3n <a href=\"https:\/\/drive.google.com\/file\/d\/1yEF001jDVn0HrEZHVlTklBKusYrtMX5N\/view?usp=sharing\">2023<\/a>&nbsp;<\/li>\n<\/ul>\n\n\n\n<p><\/p>\n\n\n\n<p><strong>\u00a0 \u00a0 \u00a0 \u00a0 \u00a0 \u00a0Profesorado de Educaci\u00f3n Secundaria en Lengua y Literatura<\/strong><\/p>\n\n\n\n<p><strong>&nbsp; &nbsp;&nbsp; &nbsp; 4\u00b0 A\u00f1o<\/strong><\/p>\n\n\n\n<ul>\n<li>\u00c9tica y Construcci\u00f3n de Ciudadan\u00eda&nbsp;<a href=\"https:\/\/drive.google.com\/file\/d\/1DEeXtEhActv6tYmPtloLBcAvhDS6ipph\/view?usp=sharing\">2023<\/a><\/li>\n\n\n\n<li>Problem\u00e1ticas y Desaf\u00edos de la Educaci\u00f3n&nbsp;<a href=\"https:\/\/drive.google.com\/file\/d\/1h4N6Y3Lrz4Ox6B2iIV0GHDqTQqbxEy8q\/view?usp=sharing\">2023<\/a><\/li>\n\n\n\n<li>Pr\u00e1ctica Docente IV y Residencia&nbsp;<a href=\"https:\/\/drive.google.com\/file\/d\/1d-uLrDqsecpP2u4E_s-j6LfBOmCxQAnR\/view?usp=sharing\">2023<\/a><\/li>\n\n\n\n<li>Socio y Etnoling\u00fc\u00edstica&nbsp;<a href=\"https:\/\/drive.google.com\/file\/d\/10i94gHtNX8DChkiWgySRmhdJ9v5tyaBu\/view?usp=sharing\">2023<\/a><\/li>\n\n\n\n<li>Lectura y Escritura Cr\u00edtica y Creativa&nbsp;<a href=\"https:\/\/drive.google.com\/file\/d\/1-5zOQfEUQisTt3o2Sge7Grmc8eoW4e1y\/view?usp=sharing\">2023<\/a><\/li>\n\n\n\n<li>Literaturas en Lenguas Extranjeras II&nbsp;<a href=\"https:\/\/drive.google.com\/file\/d\/1nLzNiypGxLXhZg9qXzLBJOxPnk0OjeDI\/view?usp=sharing\">2023<\/a><\/li>\n\n\n\n<li>Literatura Argentina II&nbsp;<a href=\"https:\/\/drive.google.com\/file\/d\/1nllIy8fhcKrJ7jHKLRJN8OQz7lhRe1mg\/view?usp=sharing\">2023<\/a><\/li>\n\n\n\n<li>Alfabetizaci\u00f3n Inicial&nbsp;<a href=\"https:\/\/drive.google.com\/file\/d\/1Wmb0VRUq-VKhGjPbiSvk5bqfbhy4Le-s\/view?usp=sharing\">2023<\/a><\/li>\n<\/ul>\n\n\n\n<p><strong>&nbsp; &nbsp; &nbsp; &nbsp; &nbsp; &nbsp;Profesorado de Educaci\u00f3n Secundaria en Historia<\/strong><\/p>\n\n\n\n<p><strong>&nbsp; &nbsp; &nbsp;1\u00b0 A\u00f1o<\/strong><\/p>\n\n\n\n<ul>\n<li>Pedagog\u00eda&nbsp;2023<\/li>\n\n\n\n<li>Problem\u00e1ticas Socioantropol\u00f3gicas&nbsp;en Educaci\u00f3n <a href=\"https:\/\/drive.google.com\/file\/d\/1RmkaGURYbqRdKEGBTYyQDrZVMnRXwpZ8\/view?usp=sharing\">2023<\/a><\/li>\n\n\n\n<li>Sociolog\u00eda\u00a0<a href=\"https:\/\/drive.google.com\/file\/d\/17KaV7aIbWNAy8v3N3hNxy2TQAMsmFy1Q\/view?usp=sharing\">2023<\/a><\/li>\n\n\n\n<li>Pr\u00e1ctica Docente I: Escuelas, Contextos y Pr\u00e1cticas Educativas <a href=\"https:\/\/drive.google.com\/file\/d\/168GKCSoey0oypn3M-QdUUiiMIT6_eI0N\/view?usp=sharing\">2023<\/a><\/li>\n\n\n\n<li>Introducci\u00f3n a la Historia&nbsp;<a href=\"https:\/\/drive.google.com\/file\/d\/1Grtn-oOKx-t2hhrlKUsPDFyeid2voBvz\/view?usp=sharing\">2023<\/a><\/li>\n\n\n\n<li>Discursos y Formatos de las Producciones Historiogr\u00e1ficas&nbsp;<a href=\"https:\/\/drive.google.com\/file\/d\/1aO_X4OZmJfQ0Je5JT23VABec8KdKRISR\/view?usp=sharing\">2023<\/a><\/li>\n\n\n\n<li>Arqueolog\u00eda y Etnohistoria de Am\u00e9rica\u00a0<a href=\"https:\/\/drive.google.com\/file\/d\/1UdsTkgpPGzH_JNuVZIkYiwuoSjOTd8iB\/view?usp=sharing\" data-type=\"URL\" data-id=\"https:\/\/drive.google.com\/file\/d\/1UdsTkgpPGzH_JNuVZIkYiwuoSjOTd8iB\/view?usp=sharing\">2023<\/a><\/li>\n\n\n\n<li>Historia Mundial I&nbsp;<a href=\"https:\/\/drive.google.com\/file\/d\/1Z5Ka-SSn0KvLgILKERQGCTrrEgE2qsZx\/view?usp=sharing\">2023<\/a><\/li>\n\n\n\n<li>Geograf\u00eda Sociocultural 2023<\/li>\n<\/ul>\n\n\n\n<p><strong>\u00a0 \u00a0 <\/strong><\/p>\n\n\n\n<p>     <strong>\u00a03\u00b0 A\u00f1o<\/strong><\/p>\n\n\n\n<ul>\n<li>Historia y Pol\u00edtica de la Educaci\u00f3n&nbsp;Argentina <a href=\"https:\/\/drive.google.com\/file\/d\/1aXL7YwEHUHGv73765otM2zZ5ju7nvYpH\/view?usp=sharing\">2023<\/a><\/li>\n\n\n\n<li>Filosof\u00eda y Educaci\u00f3n&nbsp;<a href=\"https:\/\/drive.google.com\/file\/d\/1CMCSub4y06sEidOjMjr2u4dHUs9RBnBq\/view?usp=sharing\">2023<\/a><\/li>\n\n\n\n<li>Pr\u00e1ctica Docente III: El Aula: Espacio del Aprender y del Ense\u00f1ar&nbsp;<a href=\"https:\/\/drive.google.com\/file\/d\/1gN97uQredYXwUB1Liet0A4tzYRobaB6h\/view?usp=sharing\">2023<\/a><\/li>\n\n\n\n<li>Epistemolog\u00eda e Investigaci\u00f3n Hist\u00f3rica&nbsp;<a href=\"https:\/\/drive.google.com\/file\/d\/1QvistlX-MICLaQrVveYaeSGZCjb8--n7\/view?usp=sharing\">2023<\/a><\/li>\n\n\n\n<li>Historia de Am\u00e9rica II&nbsp;<a href=\"https:\/\/drive.google.com\/file\/d\/1A-JrTfBwN92Dp0HJvZ_b6FvlWiJQ8i-y\/view?usp=sharing\">2023<\/a><\/li>\n\n\n\n<li>Historia Mundial III&nbsp;<a href=\"https:\/\/drive.google.com\/file\/d\/1Tbl3LtL6Pv1YJBLnm6nW5GIfDcmLFaoO\/view?usp=sharing\">2023<\/a><\/li>\n\n\n\n<li>Historia de Argentina I&nbsp;<a href=\"https:\/\/drive.google.com\/file\/d\/1XIPhTQ576GENIhT8zQoa5ikDdyou9_go\/view?usp=sharing\">2023<\/a><\/li>\n\n\n\n<li>Did\u00e1ctica de la Historia&nbsp;<a href=\"https:\/\/drive.google.com\/file\/d\/1A51Ms9Y0dxoVvtGYiPuv4Zdbc9rFEoGt\/view?usp=sharing\">2023<\/a><\/li>\n<\/ul>\n\n\n\n<p><strong>\u00a0 \u00a0 \u00a0 \u00a0 \u00a0 <\/strong><\/p>\n\n\n\n<p><strong>\u00a0      Profesorado de Matem\u00e1tica<\/strong><\/p>\n\n\n\n<p><strong>&nbsp; &nbsp; &nbsp; &nbsp; &nbsp; 1\u00b0A\u00f1o<\/strong><\/p>\n\n\n\n<ul>\n<li>Pedagog\u00eda\u00a0<a href=\"https:\/\/drive.google.com\/file\/d\/1f5TUKoir_vQgWKDOJn8JwJHII5Lkdy_b\/view?usp=sharing\">2023<\/a><\/li>\n\n\n\n<li>Problem\u00e1ticas Socioantropol\u00f3gicas en Educaci\u00f3n <a href=\"https:\/\/drive.google.com\/file\/d\/1OyM6NNoGKtmeqMWLk5OH3a92d9ZR6MP8\/view?usp=sharing\">2023<\/a><\/li>\n\n\n\n<li>Lenguaje Digital y Audiovisual\u00a0<a href=\"https:\/\/drive.google.com\/file\/d\/1PavUzUTKPCZeD09KpV0ESeeMWjsR0clA\/view?usp=sharing\">2023<\/a><\/li>\n\n\n\n<li>Pr\u00e1ctica Docente I: Contextos y Pr\u00e1cticas Educativas\u00a0<a href=\"https:\/\/drive.google.com\/file\/d\/1kUjAPYb3ZhHlYOFh7ywLep6c4IV54Emo\/view?usp=sharing\">2023<\/a><\/li>\n\n\n\n<li>Elementos de la Aritm\u00e9tica y del \u00c1lgebra\u00a0<a href=\"https:\/\/drive.google.com\/file\/d\/1-EaAIAv-oqJ8OX133W1uFlJvSpzqcOvY\/view?usp=sharing\">2023<\/a><\/li>\n\n\n\n<li>Problem\u00e1ticas de la Geometr\u00eda I&nbsp;2023<\/li>\n\n\n\n<li>Modelizaci\u00f3n Matem\u00e1tica&nbsp;2023<\/li>\n<\/ul>\n\n\n\n<p><strong>&nbsp; &nbsp; &nbsp; &nbsp; &nbsp; 4\u00b0A\u00f1o<\/strong><\/p>\n\n\n\n<ul>\n<li>\u00c9tica y Construcci\u00f3n de Ciudadan\u00eda&nbsp;<a href=\"https:\/\/drive.google.com\/file\/d\/1LQs94QTcTYhzVtMk7k0bNWE7yHNflxAe\/view?usp=sharing\">2023<\/a><\/li>\n\n\n\n<li>Problem\u00e1ticas y Desaf\u00edos de la Educaci\u00f3n <a href=\"https:\/\/drive.google.com\/file\/d\/1l7CcuWBj-OqNc6m1QK3znNh4mhdwgpDW\/view?usp=sharing\">2023<\/a><\/li>\n\n\n\n<li>Pr\u00e1ctica Docente IV y Residencia&nbsp;<a href=\"https:\/\/drive.google.com\/file\/d\/1WXcHEesyrkOE_69lCCB-H6x6oPnc6Tg2\/view?usp=sharing\">2023<\/a><\/li>\n\n\n\n<li>Problem\u00e1ticas del \u00c1lgebra III&nbsp;<a href=\"https:\/\/drive.google.com\/file\/d\/1_QtYHncXFVf9A3cs8IQvMwxq62xuVlvA\/view?usp=sharing\">2023<\/a><\/li>\n\n\n\n<li>Problem\u00e1ticas de la Geometr\u00eda III&nbsp;202<\/li>\n\n\n\n<li>Did\u00e1ctica de la Matem\u00e1tica II&nbsp;<a href=\"https:\/\/drive.google.com\/file\/d\/11pxUjQ-hvZ-IIHtjpJdOCv0ZlsGDy4QS\/view?usp=sharing\">2023<\/a><\/li>\n\n\n\n<li>Historia y Epistemolog\u00eda de la Matem\u00e1tica&nbsp;<a href=\"https:\/\/drive.google.com\/file\/d\/13Wa93RRmMN4q9vdjx3uKcNsC-DNDYwvp\/view?usp=sharing\">2023<\/a>\n<ul>\n<li><\/li>\n<\/ul>\n<\/li>\n<\/ul>\n\n\n\n<p><strong>&nbsp; &nbsp; &nbsp; &nbsp; &nbsp; &nbsp; Profesorado Educaci\u00f3n Especial<\/strong><\/p>\n\n\n\n<p>     <strong>2\u00b0 A\u00f1o<\/strong><\/p>\n\n\n\n<ul>\n<li>Filosof\u00eda y Educaci\u00f3n\u00a0<a href=\"https:\/\/drive.google.com\/file\/d\/12RCbtifd7ibSKILSWucN0YrNrOP9HS_0\/view?usp=sharing\">2023<\/a><\/li>\n\n\n\n<li>Did\u00e1ctica General&nbsp;2023<\/li>\n\n\n\n<li>Pr\u00e1ctica Docente II <a href=\"https:\/\/drive.google.com\/file\/d\/1zWrq4-2bFMfyH0OnrmmHZ6wO7aq0vmOx\/view?usp=sharing\">2023<\/a><\/li>\n\n\n\n<li>Lectura y Escritura Acad\u00e9mica&nbsp;2023<\/li>\n\n\n\n<li>Lengua, Literatura y su Did\u00e1ctica&nbsp;<a href=\"https:\/\/drive.google.com\/file\/d\/1q3lZpF_0PPEZKW_vR3rERu_dIseNtRsO\/view?usp=sharing\">2023<\/a><\/li>\n\n\n\n<li>Matem\u00e1tica y su Did\u00e1ctica&nbsp;<a href=\"https:\/\/drive.google.com\/file\/d\/15ieKrr4p4PMW5e-QANHpC4SZ-b4OQOEa\/view?usp=sharing\">2023<\/a><\/li>\n\n\n\n<li>Educaci\u00f3n Art\u00edstico Expresiva&nbsp;2023<\/li>\n\n\n\n<li>Sujetos de la Educaci\u00f3n Especial&nbsp;<a href=\"https:\/\/drive.google.com\/file\/d\/1sWknaScO26atqNbAH9Ta9fDe2vG6YqTJ\/view?usp=sharing\">2023<\/a><\/li>\n\n\n\n<li>Alfabetizaci\u00f3n Inicial y Discapacidad Intelectual&nbsp;2023<\/li>\n\n\n\n<li>Educaci\u00f3n Inicial y DI <a href=\"https:\/\/drive.google.com\/file\/d\/1Dfpr2nf-WNuGzZq0QlgFbylEyQtkapVZ\/view?usp=sharing\">2023<\/a><\/li>\n\n\n\n<li>Trastornos del Desarrollo en Sujetos con DI <a href=\"https:\/\/drive.google.com\/file\/d\/1Ih1Ojz69ypYEB3X36KN38tThuPRbud7O\/view?usp=sharing\">2023<\/a><\/li>\n<\/ul>\n\n\n\n<p>&nbsp; &nbsp; &nbsp;<strong>4\u00b0 A\u00f1o<\/strong><\/p>\n\n\n\n<ul>\n<li>\u00c9tica y Construcci\u00f3n de Ciudadan\u00eda <a href=\"https:\/\/drive.google.com\/file\/d\/1oXYFrPw8uRN7G2Jh4AX158dJ-tvuls1A\/view?usp=sharing\">2023<\/a><\/li>\n\n\n\n<li>Pr\u00e1ctica Docente IV, Residencia y Ateneos sobre Multidiscapacidad <a href=\"https:\/\/drive.google.com\/file\/d\/1SpUlccIONl8YJHoNRhussq0OeLj_mUf0\/view?usp=sharing\">2023<\/a><\/li>\n\n\n\n<li>Trabajo Integrado con Familia y Comunidad <a href=\"https:\/\/drive.google.com\/file\/d\/17W8BsZcHaa95FarVuqRN1QWfi7l9ozwM\/view?usp=sharing\">2023<\/a><\/li>\n\n\n\n<li>Perspectivas Sociopol\u00edticas de la Discapacidad <a href=\"https:\/\/drive.google.com\/file\/d\/15DPfIrZI2hprJ-_ciUZ_3nXFjoVnEbUp\/view?usp=sharing\">2023<\/a><\/li>\n\n\n\n<li>Educaci\u00f3n Sexual Integral <a href=\"https:\/\/drive.google.com\/file\/d\/1NJ0aEK8zXM2ZJDFXn8f6Gvyyvjp_-lDN\/view?usp=sharing\">2023<\/a><\/li>\n\n\n\n<li>Trayectorias Educativas Integradas <a href=\"https:\/\/drive.google.com\/file\/d\/1Z92Ux9qVLSkCQtADLLzxTn3DUKFcXbQl\/view?usp=sharing\">2023<\/a><\/li>\n\n\n\n<li>Investigaci\u00f3n en Ed. Especial <a href=\"https:\/\/drive.google.com\/file\/d\/1x3p9-Y5pb7dABSBLNTiEqTAzHWsTr3B2\/view?usp=sharing\">2023<\/a><\/li>\n\n\n\n<li>Educaci\u00f3n del Adulto y Formaci\u00f3n Laboral en DI <a href=\"https:\/\/drive.google.com\/file\/d\/1MI83lGsv-NsZ8iPeVF0TsIJDp8z3N2qW\/view?usp=sharing\">2023<\/a><\/li>\n\n\n\n<li>UDI Estrategias de Ense\u00f1anza en DI <a href=\"https:\/\/drive.google.com\/file\/d\/1agj7FErb-7XfAt4NqkwlyWDuZJFajEqk\/view?usp=sharing\">2023<\/a><\/li>\n<\/ul>\n\n\n\n<p><strong>&nbsp; &nbsp; &nbsp; &nbsp; &nbsp; &nbsp;Profesorado de Educaci\u00f3n Inicial<\/strong><\/p>\n\n\n\n<p><strong>3\u00b0 A\u00f1o<\/strong><\/p>\n\n\n\n<ul>\n<li>Historia y Pol\u00edtica de la Educaci\u00f3n Argentina&nbsp;<a href=\"https:\/\/drive.google.com\/file\/d\/1QkjcD4k4UTZOE89jLVcGiwMDt07f4EDH\/view?usp=sharing\">2023<\/a><\/li>\n\n\n\n<li>Pr\u00e1ctica Docente III: La Sala: Espacio del Aprender y del Ense\u00f1ar&nbsp;2023<\/li>\n\n\n\n<li>Matem\u00e1tica y su Did\u00e1ctica&nbsp;<a href=\"https:\/\/drive.google.com\/file\/d\/1uq9Mao7pl5-oXgm8QWu0CYKT2fJuRPqs\/view?usp=sharing\">2023<\/a><\/li>\n\n\n\n<li>Literatura en el Nivel Inicial <a href=\"https:\/\/drive.google.com\/file\/d\/15x_haUWkV-6qGDKOoYEeqKEdDcdqn-ZJ\/view?usp=sharing\">2023<\/a><\/li>\n\n\n\n<li>Ciencias Sociales y su Did\u00e1ctica&nbsp;2023<\/li>\n\n\n\n<li>Ciencias Naturales:&nbsp;Educaci\u00f3n para la Salud 1er Cuatrim <a href=\"https:\/\/drive.google.com\/file\/d\/1BEpAWAOX4uZW_Zil4dCNG_lcnN-53kel\/view?usp=sharing\">2023<\/a> \/ Educaci\u00f3n Ambiental 2do Cuatrim <a href=\"https:\/\/drive.google.com\/file\/d\/1Nesa-oGHsZA2o4i8G9GXywi4nBHBuPWN\/view?usp=sharing\">2023<\/a><\/li>\n\n\n\n<li>Educaci\u00f3n F\u00edsica en JM y JI&nbsp;2023<\/li>\n<\/ul>\n\n\n\n<p><strong>&nbsp; 4\u00b0 A\u00f1o<\/strong><\/p>\n\n\n\n<ul>\n<li>\u00c9tica y Construcci\u00f3n de Ciudadan\u00eda&nbsp;<a href=\"https:\/\/drive.google.com\/file\/d\/1bVVpy2uyWK899OoNvaDmDcSxOMa6Dg3f\/view?usp=sharing\">2023<\/a><\/li>\n\n\n\n<li>Pr\u00e1ctica Docente IV y Residencia: Recrear las Pr\u00e1cticas Docentes <a href=\"https:\/\/drive.google.com\/file\/d\/1y3Y5uCbMPDPlADnWS2uP_-uF_QIOgWCo\/view?usp=sharing\">2023<\/a><\/li>\n\n\n\n<li><mark style=\"background-color:rgba(0, 0, 0, 0)\" class=\"has-inline-color has-contrast-color\">Problem\u00e1ticas y Desaf\u00edos del Nivel Inicial: JM y JI <a href=\"https:\/\/drive.google.com\/file\/d\/1yQS3aRro1cvSX6Hc8cRVV_m5W7w2pvQt\/view?usp=sharing\">2023<\/a><\/mark><\/li>\n\n\n\n<li><mark style=\"background-color:rgba(0, 0, 0, 0)\" class=\"has-inline-color has-contrast-color\">Educaci\u00f3n Art\u00edstica: Teatro\u00a02023<\/mark><\/li>\n\n\n\n<li><mark style=\"background-color:rgba(0, 0, 0, 0)\" class=\"has-inline-color has-contrast-color\">Educaci\u00f3n Sexual Integral\u00a0<a href=\"https:\/\/drive.google.com\/file\/d\/1HqKXpf-W2C-e1LsY5BH2KK8xfaX_ZK8u\/view?usp=sharing\">2023<\/a><\/mark><\/li>\n\n\n\n<li><mark style=\"background-color:rgba(0, 0, 0, 0)\" class=\"has-inline-color has-contrast-color\">Ciencias Naturales y su Did\u00e1ctica\u00a0<a href=\"https:\/\/drive.google.com\/file\/d\/138hHf7ManCp9Vjnt8gJUzvk3bpMvPN10\/view?usp=sharing\">2023<\/a><\/mark><\/li>\n\n\n\n<li><mark style=\"background-color:rgba(0, 0, 0, 0)\" class=\"has-inline-color has-contrast-color\">Ciencias Sociales y su Did\u00e1ctica\u00a02023<\/mark><\/li>\n\n\n\n<li><mark style=\"background-color:rgba(0, 0, 0, 0)\" class=\"has-inline-color has-contrast-color\">Lengua y su Did\u00e1ctica\u00a02023<\/mark><\/li>\n\n\n\n<li><mark style=\"background-color:rgba(0, 0, 0, 0)\" class=\"has-inline-color has-contrast-color\">Matem\u00e1tica y su Did\u00e1ctica\u00a02023<\/mark><\/li>\n\n\n\n<li><mark style=\"background-color:rgba(0, 0, 0, 0)\" class=\"has-inline-color has-contrast-color\">Trabajo de Campo<\/mark><\/li>\n\n\n\n<li>Seminario II Juego y Recreaci\u00f3n en NI <a href=\"https:\/\/drive.google.com\/file\/d\/1fh1wkwPFwQPebeCWpelhkUDh31Fq60oj\/view?usp=sharing\">2023<\/a><\/li>\n\n\n\n<li>Teatro en el Nivel Inicial <a href=\"https:\/\/drive.google.com\/file\/d\/19GebAnOF2Pl2zKE7_i5865LGdZG6UgYP\/view?usp=sharing\">2023<\/a><\/li>\n<\/ul>\n\n\n\n<p><\/p>\n","protected":false},"excerpt":{"rendered":"<p>&nbsp;Profesorado de Educaci\u00f3n Primaria &nbsp; &nbsp;1\u00b0 A\u00f1o &nbsp; &nbsp; &nbsp; &nbsp; 2\u00b0 A\u00f1o &nbsp;&nbsp; &nbsp; &nbsp; &nbsp; &nbsp;3\u00b0 A\u00f1o &nbsp; &nbsp; &nbsp; &nbsp; 4\u00b0 A\u00f1o ATENEOS &nbsp; &nbsp; &nbsp; &nbsp; &nbsp; &nbsp; Profesorado de Ingl\u00e9s &nbsp; &nbsp; &nbsp; 1\u00b0 A\u00f1o &nbsp; &nbsp; &nbsp;&nbsp;2\u00b0 A\u00f1o \u00a0 \u00a0 \u00a0 \u00a0 \u00a0 \u00a0Profesorado de Educaci\u00f3n Secundaria en Lengua &#8230; <a title=\"Programas de Formaci\u00f3n Docente 2023\" class=\"read-more\" href=\"https:\/\/iscarena-cba.infd.edu.ar\/sitio\/programas-de-formacion-docente-2023\/\" aria-label=\"More on Programas de Formaci\u00f3n Docente 2023\">[+]<\/a><\/p>\n","protected":false},"author":1733,"featured_media":0,"parent":0,"menu_order":0,"comment_status":"closed","ping_status":"closed","template":"","meta":[],"acf":[],"_links":{"self":[{"href":"https:\/\/iscarena-cba.infd.edu.ar\/sitio\/wp-json\/wp\/v2\/pages\/3276"}],"collection":[{"href":"https:\/\/iscarena-cba.infd.edu.ar\/sitio\/wp-json\/wp\/v2\/pages"}],"about":[{"href":"https:\/\/iscarena-cba.infd.edu.ar\/sitio\/wp-json\/wp\/v2\/types\/page"}],"author":[{"embeddable":true,"href":"https:\/\/iscarena-cba.infd.edu.ar\/sitio\/wp-json\/wp\/v2\/users\/1733"}],"replies":[{"embeddable":true,"href":"https:\/\/iscarena-cba.infd.edu.ar\/sitio\/wp-json\/wp\/v2\/comments?post=3276"}],"version-history":[{"count":46,"href":"https:\/\/iscarena-cba.infd.edu.ar\/sitio\/wp-json\/wp\/v2\/pages\/3276\/revisions"}],"predecessor-version":[{"id":3437,"href":"https:\/\/iscarena-cba.infd.edu.ar\/sitio\/wp-json\/wp\/v2\/pages\/3276\/revisions\/3437"}],"wp:attachment":[{"href":"https:\/\/iscarena-cba.infd.edu.ar\/sitio\/wp-json\/wp\/v2\/media?parent=3276"}],"curies":[{"name":"wp","href":"https:\/\/api.w.org\/{rel}","templated":true}]}}