{"id":286,"date":"2016-10-31T13:17:59","date_gmt":"2016-10-31T16:17:59","guid":{"rendered":"https:\/\/iscarena-cba.infd.edu.ar\/sitio\/?page_id=286"},"modified":"2026-02-05T17:55:54","modified_gmt":"2026-02-05T20:55:54","slug":"inicio","status":"publish","type":"page","link":"https:\/\/iscarena-cba.infd.edu.ar\/sitio\/","title":{"rendered":"Pr\u00f3rroga de Preinscripciones. Del 02\/02 al 20\/02."},"content":{"rendered":"<p><img decoding=\"async\" loading=\"lazy\" class=\"alignnone wp-image-4817 size-medium\" src=\"https:\/\/iscarena-cba.infd.edu.ar\/sitio\/wp-content\/uploads\/2026\/02\/Prorroga-de-Prenscripciones-800x1000.png\" alt=\"\" width=\"800\" height=\"1000\" srcset=\"https:\/\/iscarena-cba.infd.edu.ar\/sitio\/wp-content\/uploads\/2026\/02\/Prorroga-de-Prenscripciones-800x1000.png 800w, https:\/\/iscarena-cba.infd.edu.ar\/sitio\/wp-content\/uploads\/2026\/02\/Prorroga-de-Prenscripciones-768x960.png 768w, https:\/\/iscarena-cba.infd.edu.ar\/sitio\/wp-content\/uploads\/2026\/02\/Prorroga-de-Prenscripciones.png 1080w\" sizes=\"(max-width: 800px) 100vw, 800px\" \/><\/p>\n<p><img decoding=\"async\" loading=\"lazy\" class=\"wp-image-3926 aligncenter\" src=\"https:\/\/iscarena-cba.infd.edu.ar\/sitio\/wp-content\/uploads\/2024\/11\/Carena-Frente.png\" alt=\"\" width=\"555\" height=\"420\" \/><\/p>\n<div id=\"metaslider-id-3462\" style=\"max-width: 400px; margin: 0 auto;\" class=\"ml-slider-3-33-0 metaslider metaslider-flex metaslider-3462 ml-slider ms-theme-default\" role=\"region\" aria-roledescription=\"Slideshow\" aria-label=\"Slideshow\">\n    <div id=\"metaslider_container_3462\">\n        <div id=\"metaslider_3462\" class=\"flexslider\">\n            <ul aria-live=\"polite\" class=\"slides\">\n                <li style=\"display: block; width: 100%;\" class=\"slide-3846 ms-image\" aria-roledescription=\"slide\" aria-label=\"slide-3846\"><a href=\"https:\/\/iscarena-cba.infd.edu.ar\/sitio\/tenemos-un-nuevo-canal-de-difusion\/\" target=\"_blank\"><img width=\"366\" height=\"299\" src=\"https:\/\/iscarena-cba.infd.edu.ar\/sitio\/wp-content\/uploads\/2024\/09\/WhatsApp-Canal.png\" class=\"slider-3462 slide-3846\" alt=\"\" decoding=\"async\" loading=\"lazy\" rel=\"\" title=\"IS CARENA En L\u00ednea\" \/><\/a><div class=\"caption-wrap\"><div class=\"caption\">S\u00famate a nuestro canal de WhatsApp!!!<\/div><\/div><\/li>\n                <li style=\"display: none; width: 100%;\" class=\"slide-3931 ms-image\" aria-roledescription=\"slide\" aria-label=\"slide-3931\"><a href=\"https:\/\/drive.google.com\/file\/d\/1B4QSvSlc7nf5TfQp8_wdmlY5xbwrSglJ\/view?usp=sharing\" target=\"_self\"><img width=\"1348\" height=\"799\" src=\"https:\/\/iscarena-cba.infd.edu.ar\/sitio\/wp-content\/uploads\/2024\/11\/WhatsApp-Image-2024-11-04-at-8.16.47-PM.jpeg\" class=\"slider-3462 slide-3931\" alt=\"\" decoding=\"async\" loading=\"lazy\" rel=\"\" title=\"WhatsApp Image 2024-11-04 at 8.16.47 PM\" srcset=\"https:\/\/iscarena-cba.infd.edu.ar\/sitio\/wp-content\/uploads\/2024\/11\/WhatsApp-Image-2024-11-04-at-8.16.47-PM.jpeg 1348w, https:\/\/iscarena-cba.infd.edu.ar\/sitio\/wp-content\/uploads\/2024\/11\/WhatsApp-Image-2024-11-04-at-8.16.47-PM-1000x593.jpeg 1000w, https:\/\/iscarena-cba.infd.edu.ar\/sitio\/wp-content\/uploads\/2024\/11\/WhatsApp-Image-2024-11-04-at-8.16.47-PM-768x455.jpeg 768w\" sizes=\"(max-width: 1348px) 100vw, 1348px\" \/><\/a><\/li>\n            <\/ul>\n        <\/div>\n        \n    <\/div>\n<\/div>\n<p>&nbsp;<\/p>\n<p><img decoding=\"async\" loading=\"lazy\" class=\"wp-image-4438 aligncenter\" src=\"https:\/\/iscarena-cba.infd.edu.ar\/sitio\/wp-content\/uploads\/2025\/06\/40-anos-de-Carena-2-800x1000.jpg\" alt=\"\" width=\"477\" height=\"596\" srcset=\"https:\/\/iscarena-cba.infd.edu.ar\/sitio\/wp-content\/uploads\/2025\/06\/40-anos-de-Carena-2-800x1000.jpg 800w, https:\/\/iscarena-cba.infd.edu.ar\/sitio\/wp-content\/uploads\/2025\/06\/40-anos-de-Carena-2-768x960.jpg 768w, https:\/\/iscarena-cba.infd.edu.ar\/sitio\/wp-content\/uploads\/2025\/06\/40-anos-de-Carena-2.jpg 1080w\" sizes=\"(max-width: 477px) 100vw, 477px\" \/><\/p>\n<p style=\"text-align: center;\">&#x2728; Este 27 de mayo celebramos con orgullo los <strong>40 a\u00f1os del Instituto Superior Dr. Carlos Mar\u00eda Carena<\/strong>.<br \/>Desde 1985, nuestra instituci\u00f3n forma con compromiso a generaciones de estudiantes en Traslasierra.<br \/>\u00a1Gracias a toda la comunidad educativa por ser parte de esta historia!<\/p>\n","protected":false},"excerpt":{"rendered":"<p>&nbsp; &#x2728; Este 27 de mayo celebramos con orgullo los 40 a\u00f1os del Instituto Superior Dr. Carlos Mar\u00eda Carena.Desde 1985, nuestra instituci\u00f3n forma con compromiso a generaciones de estudiantes en Traslasierra.\u00a1Gracias a toda la comunidad educativa por ser parte de esta historia!<\/p>\n","protected":false},"author":1,"featured_media":0,"parent":0,"menu_order":0,"comment_status":"closed","ping_status":"closed","template":"","meta":[],"acf":[],"_links":{"self":[{"href":"https:\/\/iscarena-cba.infd.edu.ar\/sitio\/wp-json\/wp\/v2\/pages\/286"}],"collection":[{"href":"https:\/\/iscarena-cba.infd.edu.ar\/sitio\/wp-json\/wp\/v2\/pages"}],"about":[{"href":"https:\/\/iscarena-cba.infd.edu.ar\/sitio\/wp-json\/wp\/v2\/types\/page"}],"author":[{"embeddable":true,"href":"https:\/\/iscarena-cba.infd.edu.ar\/sitio\/wp-json\/wp\/v2\/users\/1"}],"replies":[{"embeddable":true,"href":"https:\/\/iscarena-cba.infd.edu.ar\/sitio\/wp-json\/wp\/v2\/comments?post=286"}],"version-history":[{"count":329,"href":"https:\/\/iscarena-cba.infd.edu.ar\/sitio\/wp-json\/wp\/v2\/pages\/286\/revisions"}],"predecessor-version":[{"id":4825,"href":"https:\/\/iscarena-cba.infd.edu.ar\/sitio\/wp-json\/wp\/v2\/pages\/286\/revisions\/4825"}],"wp:attachment":[{"href":"https:\/\/iscarena-cba.infd.edu.ar\/sitio\/wp-json\/wp\/v2\/media?parent=286"}],"curies":[{"name":"wp","href":"https:\/\/api.w.org\/{rel}","templated":true}]}}