{"id":2856,"date":"2022-05-11T19:05:04","date_gmt":"2022-05-11T22:05:04","guid":{"rendered":"https:\/\/iscarena-cba.infd.edu.ar\/sitio\/?page_id=2856"},"modified":"2022-07-08T19:01:47","modified_gmt":"2022-07-08T22:01:47","slug":"programas-de-formacion-tecnica-2022","status":"publish","type":"page","link":"https:\/\/iscarena-cba.infd.edu.ar\/sitio\/programas-de-formacion-tecnica-2022\/","title":{"rendered":"Programas de Formaci\u00f3n T\u00e9cnica 2022"},"content":{"rendered":"\n<p><strong>Tecnicatura Superior en Desarrollo de Software<\/strong><\/p>\n\n\n\n<p>      <strong>1\u00b0 A\u00f1o<\/strong><\/p>\n\n\n\n<ul><li>Matem\u00e1tica y L\u00f3gica <a href=\"https:\/\/drive.google.com\/file\/d\/1FVyepqSLZhtxOQhnKZc6NU8H1ryu_OxU\/view?usp=sharing\">2022<\/a><\/li><li>Sistemas y Organizaciones\u00a0<a href=\"https:\/\/drive.google.com\/file\/d\/1j9nWfdT6_5QfS1st4w4L5dQ9GqHSM2d3\/view?usp=sharing\">2022<\/a><\/li><li>Arquitectura de las Computadoras\u00a0<\/li><li>Programaci\u00f3n I\u00a0<a href=\"https:\/\/drive.google.com\/file\/d\/1P-3df5qK1zaXFFWTgOQwhjUcZszkqYGa\/view?usp=sharing\">2022<\/a><\/li><li>Ingl\u00e9s <a href=\"https:\/\/drive.google.com\/file\/d\/1c-wRuHI4wKDHpotoUzAXeb7HXbp6dGz5\/view?usp=sharing\">2022<\/a><\/li><li>Lengua y Comunicaci\u00f3n <a href=\"https:\/\/drive.google.com\/file\/d\/1QS1IkDEyqpS_y9N_lsuXCjKRZnbH6uTo\/view?usp=sharing\">2022<\/a><\/li><\/ul>\n\n\n\n<p><strong>2\u00b0 A\u00f1o<\/strong><\/p>\n\n\n\n<ul><li>Sistemas Operativos\u00a0<a href=\"https:\/\/drive.google.com\/file\/d\/1mt7VMCBtwqg81I18JhEqFlrQDyGZfBSc\/view?usp=sharing\">2022<\/a><\/li><li>Matem\u00e1tica Aplicada\u00a0 <a href=\"https:\/\/drive.google.com\/file\/d\/1tZ8SQfQApjKgH7lkB4jwKpfo81n598Mt\/view?usp=sharing\">2022<\/a><\/li><li>Modelado de Sistemas\u00a0<a href=\"https:\/\/drive.google.com\/file\/d\/1KO5xruEujFScR8Q70iKCp_sYfTSh8Bs-\/view?usp=sharing\">2022<\/a><\/li><li>Programaci\u00f3n II\u00a0<a href=\"https:\/\/drive.google.com\/file\/d\/1NHA394cFHUhL5nQ6U0rIt1QuZxJNIncT\/view?usp=sharing\">2022<\/a><\/li><li>Base de Datos <a href=\"https:\/\/drive.google.com\/file\/d\/1W7jr0jL5_E8IOIYNNw2xBIZMXbCKdcit\/view?usp=sharing\">2022<\/a><\/li><li>Pr\u00e1ctica Profesionalizante I\u00a0<\/li><\/ul>\n\n\n\n<p><strong>3\u00b0 A\u00f1o<\/strong><\/p>\n\n\n\n<ul><li>Interfaz del Usuario\u00a0<a href=\"https:\/\/drive.google.com\/file\/d\/1uATlKS0vMiPmv2FzLqiEw_g_Kf6iFJb9\/view?usp=sharing\">2022<\/a><\/li><li>Redes\u00a0<a href=\"https:\/\/drive.google.com\/file\/d\/1M2gj0Lnj-nYNCLFMN0jS-qJSSmMyE93Y\/view?usp=sharing\">2022<\/a><\/li><li>Ingenier\u00eda del Software\u00a0<\/li><li>Programaci\u00f3n III\u00a0<a href=\"https:\/\/drive.google.com\/file\/d\/163WFND-i7ETViXET96Te37WaPSAjGPSz\/view?usp=sharing\">2022<\/a><\/li><li>Validaci\u00f3n y Verificaci\u00f3n de Programas\u00a0<a href=\"https:\/\/drive.google.com\/file\/d\/1XmLhxcOWOyr8ZIIfPFrD_83XaBvIY_vO\/view?usp=sharing\">2022<\/a><\/li><li>\u00c9tica y Deontolog\u00eda Profesional\u00a0 <a href=\"https:\/\/drive.google.com\/file\/d\/1uXN_eGM7LmA_OEzAqhlFKOvu0K_Y3gG4\/view?usp=sharing\">2022<\/a><\/li><li>Pr\u00e1ctica Profesionalizante II\u00a0<\/li><\/ul>\n","protected":false},"excerpt":{"rendered":"<p>Tecnicatura Superior en Desarrollo de Software 1\u00b0 A\u00f1o Matem\u00e1tica y L\u00f3gica 2022 Sistemas y Organizaciones\u00a02022 Arquitectura de las Computadoras\u00a0 Programaci\u00f3n I\u00a02022 Ingl\u00e9s 2022 Lengua y Comunicaci\u00f3n 2022 2\u00b0 A\u00f1o Sistemas Operativos\u00a02022 Matem\u00e1tica Aplicada\u00a0 2022 Modelado de Sistemas\u00a02022 Programaci\u00f3n II\u00a02022 Base de Datos 2022 Pr\u00e1ctica Profesionalizante I\u00a0 3\u00b0 A\u00f1o Interfaz del Usuario\u00a02022 Redes\u00a02022 Ingenier\u00eda del Software\u00a0 &#8230; <a title=\"Programas de Formaci\u00f3n T\u00e9cnica 2022\" class=\"read-more\" href=\"https:\/\/iscarena-cba.infd.edu.ar\/sitio\/programas-de-formacion-tecnica-2022\/\" aria-label=\"More on Programas de Formaci\u00f3n T\u00e9cnica 2022\">[+]<\/a><\/p>\n","protected":false},"author":1733,"featured_media":0,"parent":0,"menu_order":0,"comment_status":"closed","ping_status":"closed","template":"","meta":[],"acf":[],"_links":{"self":[{"href":"https:\/\/iscarena-cba.infd.edu.ar\/sitio\/wp-json\/wp\/v2\/pages\/2856"}],"collection":[{"href":"https:\/\/iscarena-cba.infd.edu.ar\/sitio\/wp-json\/wp\/v2\/pages"}],"about":[{"href":"https:\/\/iscarena-cba.infd.edu.ar\/sitio\/wp-json\/wp\/v2\/types\/page"}],"author":[{"embeddable":true,"href":"https:\/\/iscarena-cba.infd.edu.ar\/sitio\/wp-json\/wp\/v2\/users\/1733"}],"replies":[{"embeddable":true,"href":"https:\/\/iscarena-cba.infd.edu.ar\/sitio\/wp-json\/wp\/v2\/comments?post=2856"}],"version-history":[{"count":14,"href":"https:\/\/iscarena-cba.infd.edu.ar\/sitio\/wp-json\/wp\/v2\/pages\/2856\/revisions"}],"predecessor-version":[{"id":2974,"href":"https:\/\/iscarena-cba.infd.edu.ar\/sitio\/wp-json\/wp\/v2\/pages\/2856\/revisions\/2974"}],"wp:attachment":[{"href":"https:\/\/iscarena-cba.infd.edu.ar\/sitio\/wp-json\/wp\/v2\/media?parent=2856"}],"curies":[{"name":"wp","href":"https:\/\/api.w.org\/{rel}","templated":true}]}}