{"id":2841,"date":"2022-05-10T18:30:16","date_gmt":"2022-05-10T21:30:16","guid":{"rendered":"https:\/\/iscarena-cba.infd.edu.ar\/sitio\/?page_id=2841"},"modified":"2022-11-22T20:11:09","modified_gmt":"2022-11-22T23:11:09","slug":"programas-de-formacion-docente-2022","status":"publish","type":"page","link":"https:\/\/iscarena-cba.infd.edu.ar\/sitio\/programas-de-formacion-docente-2022\/","title":{"rendered":"Programas de Formaci\u00f3n Docente 2022"},"content":{"rendered":"<p style=\"padding-left: 30px;\"><strong>\u00a0<\/strong><strong>Profesorado de Educaci\u00f3n Primaria<\/strong><\/p>\n<p style=\"padding-left: 30px;\"><strong>\u00a0 \u00a01\u00b0 A\u00f1o<\/strong><\/p>\n<ul>\n<li>Pedagog\u00eda <a href=\"https:\/\/drive.google.com\/file\/d\/1Ee4AglZhdl1-YaA5BxNjBzzkqneqvM4y\/view?usp=sharing\">2022<\/a><\/li>\n<li>Problem\u00e1ticas Socioantropol\u00f3gicas en Educaci\u00f3n <a href=\"https:\/\/drive.google.com\/file\/d\/1cBstc9aR0BQsUIOsp283FpdMXye-6KPy\/view?usp=sharing\">2022<\/a><\/li>\n<li>Psicolog\u00eda y Educaci\u00f3n <a href=\"https:\/\/drive.google.com\/file\/d\/1q6wpl1gXlrXkYbdFYsQSNN8w1o1Put1j\/view?usp=sharing\">2022<\/a><\/li>\n<li>Argentina en el Mundo Contempor\u00e1neo <a href=\"https:\/\/drive.google.com\/file\/d\/1xsjNGN6GMObRKz9w36nkq7nykme_C80p\/view?usp=sharing\">2022<\/a><\/li>\n<li>Lenguaje Digital y Audiovisual <a href=\"https:\/\/drive.google.com\/file\/d\/1UUS5BED9NSeFOE3w573gtFLmgwi-2Jkk\/view?usp=sharing\">2022<\/a><\/li>\n<li>Lenguaje Corporal <a href=\"https:\/\/drive.google.com\/file\/d\/1rblfD181dzcr7bMYdWZVlZ9NhI8fDLuh\/view?usp=sharing\">2022<\/a><\/li>\n<li>Pr\u00e1ctica Docente I: Contextos y Pr\u00e1cticas Educativas <a href=\"https:\/\/drive.google.com\/file\/d\/1I9p3LD6njNzQlYvne7aGMZoigP97Mq_g\/view?usp=sharing\">2022<\/a><\/li>\n<li>Desarrollo del Pensamiento Matem\u00e1tico <a href=\"https:\/\/drive.google.com\/file\/d\/1He6QURyzxOeSj0PloxVGpwg7szNca2ha\/view?usp=share_link\">2022<\/a><\/li>\n<li>Oralidad, Lectura y Escritura <a href=\"https:\/\/drive.google.com\/file\/d\/1WSZw3PFBWRTO2kB_m9Q6Cmu7K5b7tU-y\/view?usp=sharing\">2022<\/a><\/li>\n<li>Alfabetizaci\u00f3n en Lengua Inglesa I <a href=\"https:\/\/drive.google.com\/file\/d\/1wqRZIJF_MIJxEqNLTCNlO1IbT0QCDiKF\/view?usp=sharing\">2022<\/a><\/li>\n<\/ul>\n<p><strong>\u00a0 \u00a0 \u00a0 \u00a0 2\u00b0 A\u00f1o<\/strong><\/p>\n<ul>\n<li>Filosof\u00eda y Educaci\u00f3n <a href=\"https:\/\/drive.google.com\/file\/d\/1yXHHR3o7uEl8O3w5wrx73Pr4HtOgtQii\/view?usp=sharing\">2022<\/a><\/li>\n<li>Did\u00e1ctica General <a href=\"https:\/\/drive.google.com\/file\/d\/1yAsv2oSA8alOIE9WsCJ3jOsqtcQmQUmd\/view?usp=sharing\">2022<\/a><\/li>\n<li>Lenguaje Art\u00edstico Expresivo <a href=\"https:\/\/drive.google.com\/file\/d\/1MTF_W0bvjhhybJPRo6g_mA4BrxX5IAYn\/view?usp=sharing\">2022<\/a><\/li>\n<li>Pr\u00e1ctica Docente II: Escuelas, Historias Documentadas y Cotidianeidad <a href=\"https:\/\/drive.google.com\/file\/d\/1x_J9RtQDS93MvYq2zPlM7zq5wo4VmlfO\/view?usp=sharing\">2022<\/a><\/li>\n<li>Matem\u00e1tica y su Did\u00e1ctica I <a href=\"https:\/\/drive.google.com\/file\/d\/1sU2wx7A88gurV8FazZsmWIMW10FhERES\/view?usp=sharing\">2022<\/a><\/li>\n<li>Lengua y su Did\u00e1ctica <a href=\"https:\/\/drive.google.com\/file\/d\/1hkOmLXv2glqIKI7fx62Gz9XJPjaX2R-v\/view?usp=share_link\">2022<\/a><\/li>\n<li>Ciencias Naturales y su Did\u00e1ctica I <a href=\"https:\/\/drive.google.com\/file\/d\/1hVlx5rWtTXMJO86wEIdSneuSdx8mXNKB\/view?usp=sharing\">2022<\/a><\/li>\n<li>Ciencias Sociales y su Did\u00e1ctica I <a href=\"https:\/\/drive.google.com\/file\/d\/19Di46aHnBHI1t9XhtEC4LB9aC9-Vjwdv\/view?usp=sharing\">2022<\/a><\/li>\n<li>Sujetos de la Educaci\u00f3n y Convivencia Escolar 2022<\/li>\n<li>Alfabetizaci\u00f3n en Lengua Inglesa II <a href=\"https:\/\/drive.google.com\/file\/d\/1sazigzmsbK2bET5ABMyMHUG3XjL1znau\/view?usp=sharing\">2022<\/a><\/li>\n<\/ul>\n<p><strong style=\"line-height: 1.5;\">\u00a0<\/strong><strong style=\"line-height: 1.5;\">\u00a0 \u00a0 \u00a0 \u00a0 \u00a03\u00b0 A\u00f1o<\/strong><\/p>\n<ul>\n<li>Historia y Pol\u00edtica de la Educaci\u00f3n Argentina <a href=\"https:\/\/drive.google.com\/file\/d\/19UUpOHdyCmpxAMCniERbb8RiYGrxqzi_\/view?usp=sharing\">2022<\/a><\/li>\n<li>Pr\u00e1ctica Docente III: El Aula, Espacio del Aprender y del Ense\u00f1ar <a href=\"https:\/\/drive.google.com\/file\/d\/1SqTNYds7doPYIc0PWYqM9I8Fnn8L650k\/view?usp=sharing\">2022<\/a><\/li>\n<li>Matem\u00e1tica y su Did\u00e1ctica II <a href=\"https:\/\/drive.google.com\/file\/d\/1XYsWOGZl-fELGvBTBQrOpbiBPxKSSCdZ\/view?usp=sharing\">2022<\/a><\/li>\n<li>Literatura en el Nivel Primario <a href=\"https:\/\/drive.google.com\/file\/d\/1bH03abCvN9oZdbMPTB4_r6Tzs-lsDD7Q\/view?usp=sharing\">2022<\/a><\/li>\n<li>Alfabetizaci\u00f3n Inicial <a href=\"https:\/\/drive.google.com\/file\/d\/1XSCN8frRlpejMezGmLggmWv8bOm4EXlI\/view?usp=sharing\">2022<\/a><\/li>\n<li>Ciencias Naturales y su Did\u00e1ctica II <a href=\"https:\/\/drive.google.com\/file\/d\/1PKAJHv-NdJWMa8yGOPD1ckbzfBuI3RmY\/view?usp=sharing\">2022<\/a><\/li>\n<li>Taller de Ciencias en la Escuela <a href=\"https:\/\/drive.google.com\/file\/d\/1MFC43Q13T4dYd-RA1io_6SLPSrY5PTEn\/view?usp=sharing\">2022<\/a><\/li>\n<li>Ciencias Sociales y su Did\u00e1ctica II <a href=\"https:\/\/drive.google.com\/file\/d\/1xV-PxCWY_t5p4yMkJLfExX1mrKH8lfRe\/view?usp=sharing\">2022<\/a><\/li>\n<li>Educaci\u00f3n Art\u00edstico Expresiva <a href=\"https:\/\/drive.google.com\/file\/d\/1hyoEbyvPEjFD1FSAfB4I7h-Grr2QXUG4\/view?usp=sharing\">2022<\/a><\/li>\n<li>TIC y la Ense\u00f1anza en el Nivel Primario <a href=\"https:\/\/drive.google.com\/file\/d\/12zUgi5Epizjv_nH0mXk9kdYfeb2QyeVK\/view?usp=sharing\">2022<\/a><\/li>\n<li>Alfabetizaci\u00f3n en Lengua Inglesa III <a href=\"https:\/\/drive.google.com\/file\/d\/1W4IoOs-owTJQAuHv2s-Qz-vsy2BFQOj4\/view?usp=sharing\">2022<\/a><\/li>\n<\/ul>\n<p><strong>\u00a0 \u00a0 \u00a0 \u00a0 4\u00b0 A\u00f1o<\/strong><\/p>\n<ul>\n<li>\u00c9tica y Construcci\u00f3n de Ciudadan\u00eda <a href=\"https:\/\/drive.google.com\/file\/d\/11sLllTL9HhU32UdUsM5lTNTaJmknGri5\/view?usp=sharing\">2022<\/a><\/li>\n<li>Pr\u00e1ctica Docente IV y Residencia: Recrear las Pr\u00e1cticas Docentes 2022<\/li>\n<li>Trabajo de Campo <a href=\"https:\/\/drive.google.com\/file\/d\/1PzRT3RCTUxz2oaFOMa_4uG5OPf6JiKrY\/view?usp=sharing\">2022<\/a><\/li>\n<li>Problem\u00e1ticas y Desaf\u00edos del Nivel Primario<a href=\"https:\/\/drive.google.com\/file\/d\/19GkEwbCj9Fs2mICvZmvpDjQMt1XtCCKU\/view?usp=sharing\"> 2022<\/a><\/li>\n<li>Educaci\u00f3n F\u00edsica en el Nivel Primario <a href=\"https:\/\/drive.google.com\/file\/d\/1lM9O3vXQouRoTqMjjxSvZ7K7aVJ6o94P\/view?usp=sharing\">2022<\/a><\/li>\n<li>Educaci\u00f3n Sexual Integral <a href=\"https:\/\/drive.google.com\/file\/d\/1RuQXCT2tle_1r1arOc0k1pDW8eEsHalo\/view?usp=sharing\">2022<\/a><\/li>\n<li>Seminario en Educaci\u00f3n Rural <a href=\"https:\/\/drive.google.com\/file\/d\/1CIjwUoYXB3FP6Ghb0qtQa8CkmwZrWgV-\/view?usp=sharing\">2022<\/a><\/li>\n<\/ul>\n<p><em><strong>ATENEOS<\/strong><\/em><\/p>\n<ul>\n<li>Ciencias Sociales y su Did\u00e1ctica <a href=\"https:\/\/drive.google.com\/file\/d\/1bCtKwpYZO6TwxvmqPFe-QWmK72Go69wv\/view?usp=sharing\">2022<\/a><\/li>\n<li>Ciencias Naturales y su Did\u00e1ctica <a href=\"https:\/\/drive.google.com\/file\/d\/1JmRvg4rMPbfDDcIxfjGbdGRtvBt_Ase7\/view?usp=sharing\">2022<\/a><\/li>\n<li>Matem\u00e1tica y su Did\u00e1ctica <a href=\"https:\/\/drive.google.com\/file\/d\/1ASxMAXyY4JwkuZG8QWPNBq2Ao9poopkh\/view?usp=sharing\">2022<\/a><\/li>\n<li>Lengua y su Did\u00e1ctica <a href=\"https:\/\/drive.google.com\/file\/d\/18hC0LpRDOK90M_6i8-fUT0Cp56RTmkC5\/view?usp=sharing\">2022<\/a><\/li>\n<\/ul>\n<p><strong>\u00a0 \u00a0 \u00a0 \u00a0 \u00a0 \u00a0 Profesorado de Ingl\u00e9s<\/strong><\/p>\n<p><strong>\u00a0 \u00a0 \u00a0 \u00a0 \u00a0 \u00a0 1\u00b0 A\u00f1o<\/strong><\/p>\n<ul>\n<li>Pedagog\u00eda <a href=\"https:\/\/drive.google.com\/file\/d\/1KAnIxLLQMyo-UIpTPBepqNccuOkyFMgg\/view?usp=sharing\">2022<\/a><\/li>\n<li>Problem\u00e1ticas Socio antropol\u00f3gicas en Educaci\u00f3n <a href=\"https:\/\/drive.google.com\/file\/d\/1FjNctT-ImfwArozjyTkI_lv0t-jesaMX\/view?usp=sharing\">2022<\/a><\/li>\n<li>Psicolog\u00eda y Educaci\u00f3n <a href=\"https:\/\/drive.google.com\/file\/d\/1sf3ewpDm5JTUOPs9Sy2XF4kuYtSyUf4M\/view?usp=sharing\">2022<\/a><\/li>\n<li>Pr\u00e1ctica Docente I: Contextos y Pr\u00e1cticas Educativas <a href=\"https:\/\/drive.google.com\/file\/d\/1Y_evvU07IMmovfI4UfMFSUGvXNBLGJXl\/view?usp=sharing\">2022<\/a><\/li>\n<li>Pr\u00e1cticas Discursivas en Ingl\u00e9s I <a href=\"https:\/\/drive.google.com\/file\/d\/148SkCmYD-PuDNm8Zf4bY6if7R8MNKOHI\/view?usp=sharing\">2022<\/a><\/li>\n<li>Fon\u00e9tica y Fonolog\u00eda Inglesa I <a href=\"https:\/\/drive.google.com\/file\/d\/1PZ8EkzM1V7HS1FktFacZyWG9-i68S21J\/view?usp=sharing\">2022<\/a><\/li>\n<li>Gram\u00e1tica Inglesa I <a href=\"https:\/\/drive.google.com\/file\/d\/1BuLLi7iqDQsMEmd2duvKcw0Vb6CBV5N6\/view?usp=sharing\">2022<\/a><\/li>\n<li>Estudios Socioculturales y Literarios de Pueblos de Habla Inglesa I <a href=\"https:\/\/drive.google.com\/file\/d\/14bQ4aZ0Rzxwo9BmLcQl8oUE0OoWfcP-m\/view?usp=sharing\">2022<\/a><\/li>\n<li>UDI Taller de Lengua Castellana 2022<\/li>\n<\/ul>\n<p>\u00a0 \u00a0 \u00a0\u00a0<strong>4\u00b0 A\u00f1o<\/strong><\/p>\n<ul>\n<li>\u00c9tica y Construcci\u00f3n de Ciudadan\u00eda <a href=\"https:\/\/drive.google.com\/file\/d\/1X97hJbFtOH6H7pIP_17Yb7Uoz42knhqE\/view?usp=share_link\">2022<\/a>\u00a0<\/li>\n<li>Pr\u00e1ctica Docente IV y Residencia <a href=\"https:\/\/drive.google.com\/file\/d\/19WXGQ1a2wNmEy6TGYikgvzUZ-fQp8-uf\/view?usp=sharing\">2022\u00a0<\/a><\/li>\n<li>Pr\u00e1cticas Discursivas en Ingl\u00e9s IV <a href=\"https:\/\/drive.google.com\/file\/d\/1nOiUGeR23k-ThPowDw_-0L_hC8elJdKM\/view?usp=sharing\">2022\u00a0<\/a><\/li>\n<li>Educaci\u00f3n Sexual Integral <a href=\"https:\/\/drive.google.com\/file\/d\/18JTkbLnboUsXGMs642kyEqvOwu8RDg-K\/view?usp=sharing\">2022<\/a>\u00a0<\/li>\n<li>Ling\u00fc\u00edstica II <a href=\"https:\/\/drive.google.com\/file\/d\/1c91zZJbAnJ0i36D7SLo76xOr628-v_Fv\/view?usp=sharing\">2022<\/a>\u00a0<\/li>\n<li>Literatura de Pueblos de Habla Inglesa <a href=\"https:\/\/drive.google.com\/file\/d\/1ua9iNk8HVdxyMdQnxs2WsS0TkbrdFSG0\/view?usp=sharing\">2022<\/a>\u00a0<\/li>\n<li>Did\u00e1ctica del Ingl\u00e9s II <a href=\"https:\/\/drive.google.com\/file\/d\/12DYGVEZfTOn1q_ksaytlIRTdtjt7PRzr\/view?usp=sharing\">2022\u00a0<\/a><\/li>\n<\/ul>\n<p><strong>\u00a0 \u00a0 \u00a0 \u00a0 \u00a0 \u00a0Profesorado de Lengua y Literatura<\/strong><\/p>\n<p style=\"padding-left: 30px;\"><strong>\u00a0 \u00a0 \u00a0 3\u00b0 A\u00f1o<\/strong><\/p>\n<ul>\n<li>Historia y Pol\u00edtica de la Educaci\u00f3n Argentina <a href=\"https:\/\/drive.google.com\/file\/d\/1NEcAJEbjd39xTsUiCDYPC09SlI6OJidW\/view?usp=sharing\">2022<\/a><\/li>\n<li>Filosof\u00eda y Educaci\u00f3n <a href=\"https:\/\/drive.google.com\/file\/d\/1nu8xvLHyEW5WiIKcBsD5QrWBxqbLAL4K\/view?usp=sharing\">2022<\/a><\/li>\n<li>Educaci\u00f3n Sexual Integral <a href=\"https:\/\/drive.google.com\/file\/d\/1y1SrdccJscqRECsjbhpZgan4wNbPJDeN\/view?usp=sharing\">2022<\/a><\/li>\n<li>Pr\u00e1ctica Docente III: El Aula: Espacio del Aprender y del Ense\u00f1ar <a href=\"https:\/\/drive.google.com\/file\/d\/1fEkNYHj8J0JGBzxq8OzJG8s4nUWHSNnY\/view?usp=sharing\">2022<\/a><\/li>\n<li>Estudios del Discurso <a href=\"https:\/\/drive.google.com\/file\/d\/1mJW7bXBAE9COEklvEQBsL03S_7xW6GBs\/view?usp=sharing\">2022<\/a><\/li>\n<li>Historia de la Lengua II <a href=\"https:\/\/drive.google.com\/file\/d\/1PEXlZU4-TUxOh-M4gTchZQQfWBOAL84-\/view?usp=sharing\">2022<\/a><\/li>\n<li>Literatura Latinoamericana II <a href=\"https:\/\/drive.google.com\/file\/d\/1bXPnrXnN2te4t-8SufncUwYu_By6ad8u\/view?usp=sharing\">2022<\/a><\/li>\n<li>Literatura Argentina I <a href=\"https:\/\/drive.google.com\/file\/d\/1-jMHRI8FtX9OQ7x3I4Nq_7SN-3if8SJA\/view?usp=sharing\">2022<\/a><\/li>\n<li>Did\u00e1ctica de la Lengua <a href=\"https:\/\/drive.google.com\/file\/d\/1N3KIl8YdQdlpyxPPcfgT6hmgLFxx5QfH\/view?usp=sharing\">2022<\/a><\/li>\n<li>Did\u00e1ctica de la Literatura <a href=\"https:\/\/drive.google.com\/file\/d\/1nW21OVwSRK4OB8Jb836pCxgWql76OUk4\/view?usp=sharing\">2022<\/a><\/li>\n<\/ul>\n<p style=\"padding-left: 30px;\"><strong>\u00a0 \u00a0 4\u00b0 A\u00f1o<\/strong><\/p>\n<ul>\n<li>\u00c9tica y Construcci\u00f3n de Ciudadan\u00eda <a href=\"https:\/\/drive.google.com\/file\/d\/1NPVTq5S0s5RRo4SgRoR-tXYLQmQvFZNt\/view?usp=sharing\">2022<\/a><\/li>\n<li>Problem\u00e1ticas y Desaf\u00edos de la Educaci\u00f3n <a href=\"https:\/\/drive.google.com\/file\/d\/1TtVm17H5Dis-FHRzSPXXJ-3_mM_suJE1\/view?usp=sharing\">2022<\/a><\/li>\n<li>Pr\u00e1ctica Docente IV y Residencia <a href=\"https:\/\/drive.google.com\/file\/d\/1Hticm-26A0UyD6-cI3-C2BM97qKjHWwv\/view?usp=sharing\">2022<\/a><\/li>\n<li>Socio y Etnoling\u00fc\u00edstica <a href=\"https:\/\/drive.google.com\/file\/d\/1xHxJulU0ShrbesSwDTdB2hYDsaS4QgHR\/view?usp=sharing\">2022<\/a><\/li>\n<li>Lectura y Escritura Cr\u00edtica y Creativa <a href=\"https:\/\/drive.google.com\/file\/d\/1l3nIjLxxrVTFsxw9AYItQ0gAD-tagZzA\/view?usp=sharing\">2022<\/a><\/li>\n<li>Literaturas en Lenguas Extranjeras II <a href=\"https:\/\/drive.google.com\/file\/d\/1H_ZFzT-dLvuDmyBI8Dzh4p_JIYMzmgWh\/view?usp=share_link\">2022<\/a><\/li>\n<li>Literatura Argentina II <a href=\"https:\/\/drive.google.com\/file\/d\/1ctMpR_FrvfXuB5hLMP_IeOHTIaGIq054\/view?usp=sharing\">2022<\/a><\/li>\n<li>Alfabetizaci\u00f3n Inicial <a href=\"https:\/\/drive.google.com\/file\/d\/122oTmpRvE_ygPgsoZaDMo2vdkfoNkYBq\/view?usp=sharing\">2022<\/a><\/li>\n<\/ul>\n<p><strong>\u00a0 \u00a0 \u00a0 \u00a0 \u00a0 \u00a0Profesorado de Educaci\u00f3n Secundaria en Historia<\/strong><\/p>\n<p><strong>\u00a0 \u00a0 \u00a02\u00b0 A\u00f1o<\/strong><\/p>\n<ul>\n<li>Psicolog\u00eda y Educaci\u00f3n <a href=\"https:\/\/drive.google.com\/file\/d\/1emYZRuAo1w7I_acEN4IrA7ykdpwPdNK9\/view?usp=sharing\">2022<\/a><\/li>\n<li>Did\u00e1ctica General <a href=\"https:\/\/drive.google.com\/file\/d\/1kNjNoJDFrMtUoozDIzHseD3EGNVnh6RU\/view?usp=sharing\">2022<\/a><\/li>\n<li>Sujetos de la Educaci\u00f3n <a href=\"https:\/\/drive.google.com\/file\/d\/1e2MKiXWO2xCjFbKyOV64TKYNk2zLRABE\/view?usp=sharing\">2022<\/a><\/li>\n<li>Pr\u00e1ctica Docente II. Historias Documentadas y Cotidianeidad <a href=\"https:\/\/drive.google.com\/file\/d\/14uD9vb3IHPAqZqsRhqcdBgWPtzp0_6a8\/view?usp=sharing\">2022<\/a><\/li>\n<li>Historia de Am\u00e9rica I <a href=\"https:\/\/drive.google.com\/file\/d\/1GrRIcUawm28Mv3rZMFaWBTIPc6u2Tidb\/view?usp=sharing\">2022<\/a><\/li>\n<li>Introducci\u00f3n a la Econom\u00eda y las Ciencias Pol\u00edticas <a href=\"https:\/\/drive.google.com\/file\/d\/1LVsSBAb11te5UjGva6_k-03S4NDhfcv4\/view?usp=sharing\">2022<\/a><\/li>\n<li>Did\u00e1ctica de la Historia I <a href=\"https:\/\/drive.google.com\/file\/d\/1E9rYRnvyW1fNlrJqSgYHslzGrcjHPLci\/view?usp=sharing\">2022<\/a><\/li>\n<li>Historia Mundial II <a href=\"https:\/\/drive.google.com\/file\/d\/1CIrKtboyQDSBqCVRHJnVzZ8BFDZQbBGK\/view?usp=sharing\">2022<\/a><\/li>\n<li>UDI 1 Historia Regional <a href=\"https:\/\/drive.google.com\/file\/d\/1HYOztAAfn4aZ5CM0Bwx7hb1Oapii3Oj7\/view?usp=sharing\">2022<\/a><\/li>\n<\/ul>\n<p><strong>\u00a0 \u00a0 \u00a0 \u00a0 \u00a0 \u00a0Profesorado de Matem\u00e1tica<\/strong><\/p>\n<p><strong>\u00a0 \u00a0 \u00a0 \u00a0 \u00a0 3\u00b0A\u00f1o<\/strong><\/p>\n<ul>\n<li>Historia y Pol\u00edtica de la Educaci\u00f3n Argentina <a href=\"https:\/\/drive.google.com\/file\/d\/1rygRgedlTd9KFRMyP1HHqOIbA5IGy-gF\/view?usp=sharing\">2022<\/a><\/li>\n<li>Pr\u00e1ctica Docente III: El Aula: Espacio Del Aprender y del Ense\u00f1ar <a href=\"https:\/\/drive.google.com\/file\/d\/199VR0FXPgFIuZ5616qky1qgOB-VEdMO8\/view?usp=sharing\">2022<\/a><\/li>\n<li>Problem\u00e1ticas del \u00c1lgebra II <a href=\"https:\/\/drive.google.com\/file\/d\/1mt6VTQk3fd_xXM1cik_SlAThR-M_i0Wg\/view?usp=sharing\">2022<\/a><\/li>\n<li>Problem\u00e1ticas De Probabilidad y Estad\u00edstica <a href=\"https:\/\/drive.google.com\/file\/d\/1iA9MUOY-ftMewesIJ_dNOxcIvLKXpSIV\/view?usp=sharing\">2022<\/a><\/li>\n<li>Problem\u00e1ticas Del An\u00e1lisis Matem\u00e1tico II <a href=\"https:\/\/drive.google.com\/file\/d\/1xGbVi1kLSC3rg4KUur-HmpRITWM5tqGT\/view?usp=sharing\">2022<\/a><\/li>\n<li>Did\u00e1ctica de la Matem\u00e1tica II <a href=\"https:\/\/drive.google.com\/file\/d\/1v_U7viz19slhDRL8aEVb2e8T0zmTovOr\/view?usp=sharing\">2022<\/a><\/li>\n<li>Filosof\u00eda de las Ciencias <a href=\"https:\/\/drive.google.com\/file\/d\/1pcmt8NNRt7_nlVb6Ulz6k6tJW-l_g5KV\/view?usp=sharing\">2022<\/a><\/li>\n<li>UDI Estrategias de abordaje en Procesos de Inclusi\u00f3n <a href=\"https:\/\/drive.google.com\/file\/d\/1vlRGx3Lfl3mMgZnNeNLZ6dbsVqGg80TS\/view?usp=sharing\">2022<\/a><\/li>\n<\/ul>\n<p><strong>\u00a0 \u00a0 \u00a0 \u00a0 \u00a0 \u00a0 Profesorado Educaci\u00f3n Especial<\/strong><\/p>\n<p style=\"padding-left: 30px;\"><strong>1\u00b0 A\u00f1o<\/strong><\/p>\n<ul>\n<li>Pedagog\u00eda <a href=\"https:\/\/drive.google.com\/file\/d\/1Jt5UBAet_l4GRUY1cBaPbxQ1N97h7cHg\/view?usp=share_link\">2022<\/a><\/li>\n<li>Problem\u00e1ticas Socioantropol\u00f3gicas en Educaci\u00f3n <a href=\"https:\/\/drive.google.com\/file\/d\/1FyVxr_0Gpnlt--FYV8Hem7OCeVFaRCKF\/view?usp=sharing\">2022<\/a><\/li>\n<li>Psicolog\u00eda y Educaci\u00f3n <a href=\"https:\/\/drive.google.com\/file\/d\/1ePwVJS1sVMncd_qZpeiaUbplqmT8Wmmx\/view?usp=sharing\">2022<\/a><\/li>\n<li>Lectura y Escritura Acad\u00e9mica <a href=\"https:\/\/drive.google.com\/file\/d\/1CmaT5H34AuPjYtRrHRbdRPY6S8xdYw2p\/view?usp=share_link\">2022<\/a><\/li>\n<li>Pr\u00e1ctica Docente I <a href=\"https:\/\/drive.google.com\/file\/d\/1cDK6eXodVqGIPk0v3QmtjKA_Lo70Ct4F\/view?usp=sharing\">2022<\/a><\/li>\n<li>Historia y Perspectivas de la Educaci\u00f3n Especial <a href=\"https:\/\/drive.google.com\/file\/d\/1jbAyqMuG2IVmROU0k3-ClJSYHe73QIfI\/view?usp=share_link\">2022<\/a><\/li>\n<li>Lenguaje Corporal y Educaci\u00f3n Especial <a href=\"https:\/\/drive.google.com\/file\/d\/18hLqW-wEqGGaASODbrGW-GRCd1B3l6-S\/view?usp=sharing\">2022<\/a><\/li>\n<li>Neuropsicolog\u00eda del Desarrollo <a href=\"https:\/\/drive.google.com\/file\/d\/1qm_M5qXPuum9FLydPzOPYu1-g2uEzn5X\/view?usp=sharing\">2022<\/a><\/li>\n<li>Educaci\u00f3n Psicomotriz <a href=\"https:\/\/drive.google.com\/file\/d\/1E1rd13XKnK0jPumwpbJiOYbsfs3UXNTW\/view?usp=sharing\">2022<\/a><\/li>\n<\/ul>\n<p>\u00a0 \u00a0 \u00a0<strong>3\u00b0 A\u00f1o<\/strong><\/p>\n<ul>\n<li>Historia y Pol\u00edtica de la Educaci\u00f3n Argentina <a href=\"https:\/\/drive.google.com\/file\/d\/1YAfGAHbe6M4KVu6quGWHmEP5wfQ2L-aY\/view?usp=sharing\">2022<\/a><\/li>\n<li>Pr\u00e1ctica Docente III Y Residencia <a href=\"https:\/\/drive.google.com\/file\/d\/1uK_NHqBQpL9SjGkLaVNm49rDNNfgOlDB\/view?usp=sharing\">2022<\/a><\/li>\n<li>Ciencias Naturales y su Did\u00e1ctica <a href=\"https:\/\/drive.google.com\/file\/d\/1NcmK94ZFRGhPXokHE7HVFtoFdGA0PZqo\/view?usp=sharing\">2022<\/a><\/li>\n<li>Ciencias Sociales y su Did\u00e1ctica <a href=\"https:\/\/drive.google.com\/file\/d\/1koqyxLN0vSNHjGWAIQE8eX2j3mNV55SD\/view?usp=sharing\">2022<\/a><\/li>\n<li>Multidiscapacidad <a href=\"https:\/\/drive.google.com\/file\/d\/18XRLkH8DlgZwBDt9pvNwMyxtnKiSkdby\/view?usp=sharing\">2022<\/a><\/li>\n<li>Problem\u00e1ticas de la Discapacidad y Subjetividad <a href=\"https:\/\/drive.google.com\/file\/d\/1huzep2edQljL4_1K5Euo7f_SBDIwpN9u\/view?usp=sharing\">2022<\/a><\/li>\n<li>Abordajes Pedag\u00f3gicos en Sujetos con DI <a href=\"https:\/\/drive.google.com\/file\/d\/14q0HxzU0_lnUAisCqavIzPGJla_FpXzz\/view?usp=sharing\">2022<\/a><\/li>\n<li>TIC\u00a0 y su Ense\u00f1anza en DI <a href=\"https:\/\/drive.google.com\/file\/d\/1PeelmnD2BE29FPtKmaYLJQXckLyseYgu\/view?usp=sharing\">2022<\/a><\/li>\n<li>Comunicaci\u00f3n y Trastornos del Lenguaje en DI <a href=\"https:\/\/drive.google.com\/file\/d\/1lSGOjmrWkmiDbKzd41s7gU04wsRngwkl\/view?usp=sharing\">2022<\/a><\/li>\n<li>UDI I M\u00fasica y Educaci\u00f3n Especial <a href=\"https:\/\/drive.google.com\/file\/d\/1WOj8ITjRoWVf1Yb-d2IC2-RNGNN9Lsfs\/view?usp=sharing\">2022<\/a><\/li>\n<\/ul>\n<p><strong>\u00a0 \u00a0 \u00a0 \u00a0 \u00a0 \u00a0Profesorado de Educaci\u00f3n Inicial<\/strong><\/p>\n<p style=\"padding-left: 30px;\"><strong>\u00a0 2\u00b0 A\u00f1o<\/strong><\/p>\n<ul>\n<li>Filosof\u00eda y Educaci\u00f3n <a href=\"https:\/\/drive.google.com\/file\/d\/1Vxv0R_Rq3gJk0DNyk4czbhmweqD6_M_o\/view?usp=sharing\">2022<\/a><\/li>\n<li>Did\u00e1ctica General <a href=\"https:\/\/drive.google.com\/file\/d\/1cRalhljrkzJUibN2k5xYHfrhyqUHQVG3\/view?usp=sharing\">2022<\/a><\/li>\n<li>Pr\u00e1ctica Docente II: Escuelas, Historias Documentadas y Cotidianeidad <a href=\"https:\/\/drive.google.com\/file\/d\/1R-rur7azLwYwk6dEGUI-fMt79Uv3ZGuU\/view?usp=sharing\">2022<\/a><\/li>\n<li>Desarrollo del Pensamiento Matem\u00e1tico <a href=\"https:\/\/drive.google.com\/file\/d\/1WtJmXpyd1sdjGu5dKiq_o4MTRON5WIra\/view?usp=sharing\">2022<\/a><\/li>\n<li>Lengua: Lengua y su Did\u00e1ctica <a href=\"https:\/\/drive.google.com\/file\/d\/1fj8XE7wtXiwT1YudkRUj7rHalRnEnV5x\/view?usp=sharing\">2022<\/a><\/li>\n<li>Lengua: Alfabetizaci\u00f3n Inicial <a href=\"https:\/\/drive.google.com\/file\/d\/1oHLl9D4v4wtbxlqq5fjMS6P8Epb0PNCf\/view?usp=share_link\">2022<\/a><\/li>\n<li>Ciencias Naturales y su Did\u00e1ctica <a href=\"https:\/\/drive.google.com\/file\/d\/1oDT4TbGVkaPzXylextu2fEKRKzxtprAc\/view?usp=share_link\">2022<\/a><\/li>\n<li>Sujetos de la Educaci\u00f3n y Convivencia Escolar <a href=\"https:\/\/drive.google.com\/file\/d\/1PcIMYb_bKcfuIAEgaTvjam66Xy19_k0U\/view?usp=sharing\">2022<\/a><\/li>\n<li>Educaci\u00f3n Art\u00edstica: Pl\u00e1stica <a href=\"https:\/\/drive.google.com\/file\/d\/18W26i_qXc4BFEAm3XZZS2T3Z30Lhny9W\/view?usp=sharing\">2022<\/a><\/li>\n<li>TIC y la Ense\u00f1anza en el Nivel Inicial <a href=\"https:\/\/drive.google.com\/file\/d\/1eo-o29a_HviUL-SzGI79XFnQHkGMvn7m\/view?usp=sharing\">2022<\/a><\/li>\n<li>Seminario M\u00fasica <a href=\"https:\/\/drive.google.com\/file\/d\/1Ah0uFCaUtAZMR-1NYSP0jnIA5knC49ok\/view?usp=sharing\">2022<\/a><\/li>\n<li>Dise\u00f1o y construcci\u00f3n de material did\u00e1ctico <a href=\"https:\/\/drive.google.com\/file\/d\/14DovMZDfkKKj5UnJLl6TO7vH2o_fsBNA\/view?usp=sharing\">2022<\/a><\/li>\n<\/ul>\n<p><strong>3\u00b0 A\u00f1o<\/strong><\/p>\n<ul>\n<li>Historia y Pol\u00edtica de la Educaci\u00f3n Argentina <a href=\"https:\/\/drive.google.com\/file\/d\/1815r2fru3uzQKrNshYiTr5NdHXmP_rq5\/view?usp=sharing\">2022<\/a><\/li>\n<li>Pr\u00e1ctica Docente III: La Sala: Espacio del Aprender y del Ense\u00f1ar <a href=\"https:\/\/drive.google.com\/file\/d\/10W3ITDCQkFop4sh762E2Rtt7gG02VDuK\/view?usp=sharing\">2022<\/a><\/li>\n<li>Matem\u00e1tica y su Did\u00e1ctica <a href=\"https:\/\/drive.google.com\/file\/d\/1ftkDS07z9IO79ckcx4chjteaodtZuOeP\/view?usp=sharing\">2022<\/a><\/li>\n<li>Literatura en el Nivel Inicial\u00a0<\/li>\n<li>Ciencias Sociales y su Did\u00e1ctica <a href=\"https:\/\/drive.google.com\/file\/d\/12Ly9qjlnJPmlE3wpPDERVQRS-BMlePV3\/view?usp=sharing\">2022<\/a><\/li>\n<li>Ciencias Naturales:\u00a0Educaci\u00f3n para la Salud 1er Cuatrim\/ Educaci\u00f3n Ambiental 2do Cuatrim<\/li>\n<li>Educaci\u00f3n F\u00edsica en JM y JI <a href=\"https:\/\/drive.google.com\/file\/d\/1tW4Im-04X97yR3YDdTDOr_BcdJA24PE1\/view?usp=sharing\">2022<\/a><\/li>\n<\/ul>\n\n\n<p><\/p>\n","protected":false},"excerpt":{"rendered":"<p>\u00a0Profesorado de Educaci\u00f3n Primaria \u00a0 \u00a01\u00b0 A\u00f1o Pedagog\u00eda 2022 Problem\u00e1ticas Socioantropol\u00f3gicas en Educaci\u00f3n 2022 Psicolog\u00eda y Educaci\u00f3n 2022 Argentina en el Mundo Contempor\u00e1neo 2022 Lenguaje Digital y Audiovisual 2022 Lenguaje Corporal 2022 Pr\u00e1ctica Docente I: Contextos y Pr\u00e1cticas Educativas 2022 Desarrollo del Pensamiento Matem\u00e1tico 2022 Oralidad, Lectura y Escritura 2022 Alfabetizaci\u00f3n en Lengua Inglesa I &#8230; <a title=\"Programas de Formaci\u00f3n Docente 2022\" class=\"read-more\" href=\"https:\/\/iscarena-cba.infd.edu.ar\/sitio\/programas-de-formacion-docente-2022\/\" aria-label=\"More on Programas de Formaci\u00f3n Docente 2022\">[+]<\/a><\/p>\n","protected":false},"author":1733,"featured_media":0,"parent":0,"menu_order":0,"comment_status":"closed","ping_status":"closed","template":"","meta":[],"acf":[],"_links":{"self":[{"href":"https:\/\/iscarena-cba.infd.edu.ar\/sitio\/wp-json\/wp\/v2\/pages\/2841"}],"collection":[{"href":"https:\/\/iscarena-cba.infd.edu.ar\/sitio\/wp-json\/wp\/v2\/pages"}],"about":[{"href":"https:\/\/iscarena-cba.infd.edu.ar\/sitio\/wp-json\/wp\/v2\/types\/page"}],"author":[{"embeddable":true,"href":"https:\/\/iscarena-cba.infd.edu.ar\/sitio\/wp-json\/wp\/v2\/users\/1733"}],"replies":[{"embeddable":true,"href":"https:\/\/iscarena-cba.infd.edu.ar\/sitio\/wp-json\/wp\/v2\/comments?post=2841"}],"version-history":[{"count":59,"href":"https:\/\/iscarena-cba.infd.edu.ar\/sitio\/wp-json\/wp\/v2\/pages\/2841\/revisions"}],"predecessor-version":[{"id":3246,"href":"https:\/\/iscarena-cba.infd.edu.ar\/sitio\/wp-json\/wp\/v2\/pages\/2841\/revisions\/3246"}],"wp:attachment":[{"href":"https:\/\/iscarena-cba.infd.edu.ar\/sitio\/wp-json\/wp\/v2\/media?parent=2841"}],"curies":[{"name":"wp","href":"https:\/\/api.w.org\/{rel}","templated":true}]}}