{"id":2836,"date":"2022-04-20T17:56:38","date_gmt":"2022-04-20T20:56:38","guid":{"rendered":"https:\/\/iscarena-cba.infd.edu.ar\/sitio\/?page_id=2836"},"modified":"2025-11-17T20:39:05","modified_gmt":"2025-11-17T23:39:05","slug":"publicaciones","status":"publish","type":"page","link":"https:\/\/iscarena-cba.infd.edu.ar\/sitio\/publicaciones\/","title":{"rendered":"Publicaciones"},"content":{"rendered":"\n<p><strong>Publicaciones del Instituto<\/strong><\/p>\n\n\n\n<figure class=\"wp-block-table aligncenter\"><table><tbody><tr><td><strong>T\u00edtulo:<\/strong> \u00bb A 200 a\u00f1os del Pacto de los Cha\u00f1ares\u00bb. 2025<br>Compiladores: Debernardi, Nicol\u00e1s &#8211; Cabanelas, Guillermo<br>JUNTA MUNICIPAL DE HISTORIA DE VILLA DOLORES<br>JUNTA MUNICIPAL DE HISTORIA DE NONO<br>INSTITUTO SUPERIOR \u201cDR. CARLOS M. CARENA\u201d<\/td><td><a href=\"https:\/\/drive.google.com\/file\/d\/1s8pdX6Z6djy6NSr0qei0rRCZXvofma96\/view?usp=sharing\" target=\"_blank\" rel=\"noreferrer noopener\">https:\/\/drive.google.com\/file\/d\/1s8pdX6Z6djy6NSr0qei0rRCZXvofma96\/view?usp=sharing<\/a><\/td><\/tr><tr><td><br><br><strong>T\u00edtulo:<\/strong> UDI &#8211; \u00a0Seminario de Historia Regional y Seminario de Historia de C\u00f3rdoba. 2020<br>Debernardi, N. y Cabanelas, G. (Dir.)<br>Villa de las Rosas. A\u00f1o 2022.<br>Libro digital, PDF<\/td><td><br><br><br><br><a href=\"https:\/\/drive.google.com\/file\/d\/1AaB9Vjc6GzEL1yf-DWWmVwGGXRabso5F\/view?usp=sharing\">Seminario de Historia Regional y Seminario de Historia de C\u00f3rdoba<\/a><\/td><\/tr><tr><td><\/td><td><\/td><\/tr><tr><td><strong>III JORNADAS DE HISTORIA DE TRASLASIERRA<\/strong><br><strong>Patrimonio, Identidad e Historia<\/strong><br>Compiladores: Nicolas Debernardi &#8211; Rodrigo Navarro Akiki<br>JUNTA MUNICIPAL DE HISTORIA DE VILLA DOLORES<br>JUNTA MUNICIPAL DE HISTORIA DE NONO<br>INSTITUTO SUPERIOR \u201cDR. CARLOS M. CARENA\u201d<\/td><td><a href=\"https:\/\/drive.google.com\/file\/d\/1lhyti8fGAKWho684kvyjMl0UVjIbA24b\/view?usp=sharing\">III Jornadas de Historia de Traslasierra<\/a><\/td><\/tr><tr><td><strong>T\u00edtulo:<\/strong>&nbsp;UDI-Seminario de Historia Regional 2016 \/ Mar\u00eda Bel\u00e9n Allende \u2026 [et al.] ; dirigido por Nicol\u00e1s Debernardi. &#8211; 1a ed . &#8211; Villa de las Rosas : Nicol\u00e1s Debernardi, 2020.<br>Libro digital, DOC<br><br>Con motivo de brindar a los futuros docentes herramientas para la<br>investigaci\u00f3n sobre la historia local, se realiz\u00f3 un compendio de trabajos de investigaci\u00f3n de los estudiantes del profesorado de Educaci\u00f3n Secundaria en Historia del Instituto Carena, en el Seminario de Historia Regional.<\/td><td><a href=\"https:\/\/drive.google.com\/file\/d\/14A2vDHCIyPQk5qKML-9vCZb6ETTQCaaj\/view?usp=sharing\">UDI &#8211; Seminario de Historia Regional<\/a><\/td><\/tr><tr><td><strong>2014<\/strong><br>E- Book:&nbsp; Actas de la Jornada de Intercambio de Experiencias de Investigaci\u00f3n Educativa 2013 \/&nbsp;Liliana Abrate \u2026 [<a rel=\"noreferrer noopener\" href=\"http:\/\/et.al\/\" target=\"_blank\">et.al<\/a>.] ; compilado por Roxana Mercado y Liliana Abrate. \u2013 1a ed. \u2013&nbsp;&nbsp;C\u00f3rdoba: Direcci\u00f3n General de Educaci\u00f3n Superior. Ministerio de Educaci\u00f3n, 2014.&nbsp;<br>&nbsp;E-Book.&nbsp;&nbsp;ISBN 978-987-26108-6-9&nbsp;<\/td><td>&nbsp;<a rel=\"noreferrer noopener\" href=\"http:\/\/ansenuza.ffyh.unc.edu.ar\/comunidades\/handle\/ffyh\/798\" target=\"_blank\">http:\/\/ansenuza.ffyh.unc.edu.ar\/comunidades\/handle\/ffyh\/798<\/a><\/td><\/tr><tr><td><strong>2012<\/strong><br><strong>&nbsp;<\/strong>E- Book. Conocer para incidir en las pr\u00e1cticas pedag\u00f3gicas. Primeros resultados de una pol\u00edtica nacional de investigaci\u00f3n en el sistema formador\/ Tamara Gilli\u2026 (et\u2026 al) Compilado por Andrea Molinari. 1ra Ed. Buenos Aires. Ministerio de Educaci\u00f3n de la Naci\u00f3n 2012.        <\/td><td><br><strong>&nbsp;<\/strong><a href=\"http:\/\/issuu.com\/estudio-late\/docs\/libro-infd\">http:\/\/issuu.com\/estudio-late\/docs\/libro-infd<\/a><br>&nbsp;<a href=\"http:\/\/repositorio.educacion.gov.ar\/dspace\/bitstream\/handle\/123456789\/109615\/INFD-investigacion-v2012b.pdf?sequence=1\">http:\/\/repositorio.educacion.gov.ar\/dspace\/bitstream\/handle\/123456789\/109615\/INFD-investigacion-v2012b.pdf?sequence=1<\/a><\/td><\/tr><tr><td><strong>2009<\/strong><br><strong>&nbsp;<\/strong>SABERES Revista del Ministerio de Educaci\u00f3n de la Provincia de C\u00f3rdoba. N\u00b03. Julio de 2009.<br>Art\u00edculo: De Actividades Extraescolares. P\u00e1g 24 a 27.<\/td><td><\/td><\/tr><\/tbody><\/table><\/figure>\n","protected":false},"excerpt":{"rendered":"<p>Publicaciones del Instituto T\u00edtulo: \u00bb A 200 a\u00f1os del Pacto de los Cha\u00f1ares\u00bb. 2025Compiladores: Debernardi, Nicol\u00e1s &#8211; Cabanelas, GuillermoJUNTA MUNICIPAL DE HISTORIA DE VILLA DOLORESJUNTA MUNICIPAL DE HISTORIA DE NONOINSTITUTO SUPERIOR \u201cDR. CARLOS M. CARENA\u201d https:\/\/drive.google.com\/file\/d\/1s8pdX6Z6djy6NSr0qei0rRCZXvofma96\/view?usp=sharing T\u00edtulo: UDI &#8211; \u00a0Seminario de Historia Regional y Seminario de Historia de C\u00f3rdoba. 2020Debernardi, N. y Cabanelas, G. (Dir.)Villa &#8230; <a title=\"Publicaciones\" class=\"read-more\" href=\"https:\/\/iscarena-cba.infd.edu.ar\/sitio\/publicaciones\/\" aria-label=\"More on Publicaciones\">[+]<\/a><\/p>\n","protected":false},"author":1733,"featured_media":0,"parent":0,"menu_order":0,"comment_status":"closed","ping_status":"closed","template":"","meta":[],"acf":[],"_links":{"self":[{"href":"https:\/\/iscarena-cba.infd.edu.ar\/sitio\/wp-json\/wp\/v2\/pages\/2836"}],"collection":[{"href":"https:\/\/iscarena-cba.infd.edu.ar\/sitio\/wp-json\/wp\/v2\/pages"}],"about":[{"href":"https:\/\/iscarena-cba.infd.edu.ar\/sitio\/wp-json\/wp\/v2\/types\/page"}],"author":[{"embeddable":true,"href":"https:\/\/iscarena-cba.infd.edu.ar\/sitio\/wp-json\/wp\/v2\/users\/1733"}],"replies":[{"embeddable":true,"href":"https:\/\/iscarena-cba.infd.edu.ar\/sitio\/wp-json\/wp\/v2\/comments?post=2836"}],"version-history":[{"count":6,"href":"https:\/\/iscarena-cba.infd.edu.ar\/sitio\/wp-json\/wp\/v2\/pages\/2836\/revisions"}],"predecessor-version":[{"id":4701,"href":"https:\/\/iscarena-cba.infd.edu.ar\/sitio\/wp-json\/wp\/v2\/pages\/2836\/revisions\/4701"}],"wp:attachment":[{"href":"https:\/\/iscarena-cba.infd.edu.ar\/sitio\/wp-json\/wp\/v2\/media?parent=2836"}],"curies":[{"name":"wp","href":"https:\/\/api.w.org\/{rel}","templated":true}]}}