{"id":2833,"date":"2022-04-20T17:17:00","date_gmt":"2022-04-20T20:17:00","guid":{"rendered":"https:\/\/iscarena-cba.infd.edu.ar\/sitio\/?page_id=2833"},"modified":"2025-08-19T17:43:59","modified_gmt":"2025-08-19T20:43:59","slug":"vacantes-2","status":"publish","type":"page","link":"https:\/\/iscarena-cba.infd.edu.ar\/sitio\/vacantes-2\/","title":{"rendered":"VACANTES"},"content":{"rendered":"\n<p><\/p>\n\n\n\n<p>Secci\u00f3n destinada a las convocatorias abiertas en el Instituto Superior Dr. Carlos Mar\u00eda Carena<\/p>\n\n\n\n<p>Vacantes 2025<\/p>\n\n\n\n<p>Tecnicatura Superior en Desarrollo de Software<\/p>\n\n\n\n<div class=\"wp-block-buttons is-layout-flex\">\n<div class=\"wp-block-button\"><a class=\"wp-block-button__link wp-element-button\" href=\"https:\/\/iscarena-cba.infd.edu.ar\/sitio\/?page_id=4342\" target=\"_blank\" rel=\"noreferrer noopener\">Publicaci\u00f3n de Convocatoria de horas c\u00e1tedras vacantes de carreras de Nivel Superior correspondientes al Instituto Superior Dr. Carlos M. Carena \u2013  05 de mayo de 2025<\/a><\/div>\n<\/div>\n\n\n\n<p><\/p>\n\n\n\n<h2 class=\"wp-block-heading\">Publicaci\u00f3n de Convocatoria de horas c\u00e1tedras vacantes de carreras de Nivel Superior correspondientes al Instituto Superior Dr. Carlos M. Carena&nbsp;desde el&nbsp;<strong>06\/08\/2025<\/strong>&nbsp;al&nbsp;&nbsp;<strong>08\/08\/2025<\/strong><\/h2>\n\n\n\n<p><strong>Procedimiento establecido en el marco de la Resoluci\u00f3n 197\/22<\/strong><\/p>\n\n\n\n<p>El Instituto Superior Dr. Carlos M. Carena informa que&nbsp;<strong>desde el 06 de agosto al 08 de agosto de 2025<\/strong>, se encontrar\u00e1 abierta la Convocatoria on-line en la p\u00e1gina web Institucional, &nbsp;para cubrir las&nbsp;horas c\u00e1tedras vacantes&nbsp; que se detallan a continuaci\u00f3n:<\/p>\n\n\n\n<p><strong>Carrera<\/strong>: Tecnicatura Superior en Desarrollo de Software RM N\u00b0 166\/23<\/p>\n\n\n\n<figure class=\"wp-block-table\"><table><tbody><tr><td><strong>Tecnicatura Superior en<\/strong><\/td><td><strong>Espacio curricular<\/strong><\/td><td><strong>Divisi\u00f3n\/secci\u00f3n<\/strong><\/td><td><strong>Cant.hs<\/strong>.<\/td><td><strong>Car\u00e1cter<\/strong><\/td><td><strong>Origen de la vacante<\/strong><\/td><\/tr><tr><td>T. S. en Desarrollo de Software (166\/23)<\/td><td>\u00c9tica y deontolog\u00eda Profesional&nbsp;<\/td><td>A<\/td><td>3<\/td><td>Interino<\/td><td>Apertura<\/td><\/tr><\/tbody><\/table><figcaption class=\"wp-element-caption\">INSCRIPCI\u00d3N DE POSTULANTES:<br>Los aspirantes deber\u00e1n, con car\u00e1cter de Declaraci\u00f3n Jurada, cumplir con los siguientes requisitos:<br>Enviar a la casilla de mail\u00a0\u00a0<a rel=\"noreferrer noopener\" href=\"mailto:icarenamclavero@iscarena.edu.ar\" target=\"_blank\">icarenamclavero@iscarena.edu.ar<\/a>\u00a0dentro de los tiempos fehacientemente establecidos y hasta la primera hora del d\u00eda h\u00e1bil posterior al cierre de la inscripci\u00f3n,\u00a0<strong>un \u00fanico archivo claro y legible, en PDF de la siguiente documentaci\u00f3n<\/strong>:<br><br><strong>* <\/strong>Formulario de inscripci\u00f3n, correspondiente a la unidad curricular en que se haya inscripto<br><strong>* <\/strong>Copia del anverso y reverso del t\u00edtulo y\/o Certificado Anal\u00edtico del interesado, certificados.<br><strong>*<\/strong> Constancia de Servicios actualizada.<br><strong>* <\/strong>Copia de DNI en anverso y reverso.<br><strong>*<\/strong> CV nominativo seg\u00fan formato correspondiente.<br>* Proyecto de abordaje del Espacio Curricular que contemple la modalidad combinada presencial y virtual, el documento \u00abOrientaciones y Criterios para la Valoraci\u00f3n del Proyecto\u00bb y los contenidos propios del Espacio Curricular (hasta 5 p\u00e1ginas). El mismo deber\u00e1 contener:<br><br>1 Nombre de la Instituci\u00f3n<br>2 Datos del Postulante<br>3 Espacio Curricular<br>4 Fundamentaci\u00f3n<br>5 Objetivos<br>6 Selecci\u00f3n y secuencia de contenidos<br>7 Escenarios de aprendizaje que contemplen la virtualidad<br>8 Recursos materiales, tiempos<br>9 Propuesta e instrumentos de evaluaci\u00f3n<br><br><strong><a href=\"https:\/\/docs.google.com\/document\/d\/1pND6gOr_IibqEpRxVIn-pkjukvGauFnNWMGQUC2n_cs\/edit?usp=sharing\">Formato de C.V<\/a><\/strong><br><br><a href=\"https:\/\/docs.google.com\/document\/d\/1KQ_x8UBbZmXh2AJIGM9w1VhjjwedXaUdM89C5H9ltLk\/edit?tab=t.0\"><strong>Formulario de inscripci\u00f3n <\/strong><\/a><br><\/figcaption><\/figure>\n\n\n\n<p><a href=\"https:\/\/drive.google.com\/file\/d\/1fdZ_rOhKTXBlzQ70n6BkRu8CAHt0w71e\/view?usp=sharing\">Acta dictamen<\/a><\/p>\n\n\n\n<p><\/p>\n","protected":false},"excerpt":{"rendered":"<p>Secci\u00f3n destinada a las convocatorias abiertas en el Instituto Superior Dr. Carlos Mar\u00eda Carena Vacantes 2025 Tecnicatura Superior en Desarrollo de Software Publicaci\u00f3n de Convocatoria de horas c\u00e1tedras vacantes de carreras de Nivel Superior correspondientes al Instituto Superior Dr. Carlos M. Carena&nbsp;desde el&nbsp;06\/08\/2025&nbsp;al&nbsp;&nbsp;08\/08\/2025 Procedimiento establecido en el marco de la Resoluci\u00f3n 197\/22 El Instituto Superior &#8230; <a title=\"VACANTES\" class=\"read-more\" href=\"https:\/\/iscarena-cba.infd.edu.ar\/sitio\/vacantes-2\/\" aria-label=\"More on VACANTES\">[+]<\/a><\/p>\n","protected":false},"author":1733,"featured_media":0,"parent":0,"menu_order":0,"comment_status":"closed","ping_status":"closed","template":"","meta":[],"acf":[],"_links":{"self":[{"href":"https:\/\/iscarena-cba.infd.edu.ar\/sitio\/wp-json\/wp\/v2\/pages\/2833"}],"collection":[{"href":"https:\/\/iscarena-cba.infd.edu.ar\/sitio\/wp-json\/wp\/v2\/pages"}],"about":[{"href":"https:\/\/iscarena-cba.infd.edu.ar\/sitio\/wp-json\/wp\/v2\/types\/page"}],"author":[{"embeddable":true,"href":"https:\/\/iscarena-cba.infd.edu.ar\/sitio\/wp-json\/wp\/v2\/users\/1733"}],"replies":[{"embeddable":true,"href":"https:\/\/iscarena-cba.infd.edu.ar\/sitio\/wp-json\/wp\/v2\/comments?post=2833"}],"version-history":[{"count":9,"href":"https:\/\/iscarena-cba.infd.edu.ar\/sitio\/wp-json\/wp\/v2\/pages\/2833\/revisions"}],"predecessor-version":[{"id":4588,"href":"https:\/\/iscarena-cba.infd.edu.ar\/sitio\/wp-json\/wp\/v2\/pages\/2833\/revisions\/4588"}],"wp:attachment":[{"href":"https:\/\/iscarena-cba.infd.edu.ar\/sitio\/wp-json\/wp\/v2\/media?parent=2833"}],"curies":[{"name":"wp","href":"https:\/\/api.w.org\/{rel}","templated":true}]}}