{"id":2319,"date":"2020-10-14T00:01:45","date_gmt":"2020-10-14T03:01:45","guid":{"rendered":"https:\/\/iscarena-cba.infd.edu.ar\/sitio\/?page_id=2319"},"modified":"2020-11-05T18:29:49","modified_gmt":"2020-11-05T21:29:49","slug":"vacantes","status":"publish","type":"page","link":"https:\/\/iscarena-cba.infd.edu.ar\/sitio\/vacantes\/","title":{"rendered":"Publicaci\u00f3n de horas c\u00e1tedras\u00a0vacantes\u00a0de carreras de Nivel Superior correspondientes al Instituto Superior Dr. Carlos M. Carena"},"content":{"rendered":"<p style=\"text-align: right;\">Mina Clavero, 14 de Octubre de 2020<\/p>\n<h4>\u00a0<strong>\u00a0 \u00a0 El Instituto Superior Dr. Carlos M. Carena informa que se encuentra abierta la Convocatoria On-Line en la p\u00e1gina Web Institucional, para cubrir las horas c\u00e1tedras\u00a0interinas y suplentes\u00a0vacantes\u00a0de carreras de Nivel Superior<\/strong>,\u00a0<strong>en el marco del Memo 1\/20 y la Resoluci\u00f3n 194\/20.<\/strong><\/h4>\n<p>La convocatoria estar\u00e1 vigente desde el 14\/10\/20 hasta el 16\/10\/20. Es decir por el t\u00e9rmino de 3 (tres) d\u00edas.<\/p>\n<hr \/>\n<table width=\"605\">\n<tbody>\n<tr>\n<td width=\"94\"><strong>Carrera<\/strong><\/td>\n<td width=\"132\"><strong>Unidad Curricular<\/strong><\/td>\n<td width=\"95\"><strong>Causal de la Vacante<\/strong><\/td>\n<td width=\"66\"><strong>Car\u00e1cter<\/strong><\/td>\n<td width=\"95\"><strong>Fecha de Publicaci\u00f3n<\/strong><\/td>\n<td width=\"123\"><strong>D\u00edas y horarios de desempe\u00f1o<\/strong><\/td>\n<\/tr>\n<tr>\n<td width=\"94\">\n<p style=\"text-align: center;\">Profesorado de Educaci\u00f3n Secundaria en Lengua y Literatura<\/p>\n<\/td>\n<td width=\"132\"><a href=\"https:\/\/iscarena-cba.infd.edu.ar\/sitio\/wp-content\/uploads\/2020\/10\/Convocatoria-Did\u00e1ctica-General-Prof-Lengua.pdf\">A76821 &#8211; Did\u00e1ctica General<\/a><\/p>\n<p>Hs. Cat: 3<\/p>\n<p>Segundo A\u00f1o<\/td>\n<td width=\"95\">Apertura de curso<\/td>\n<td width=\"66\">Interino<\/td>\n<td width=\"95\">Desde 14 de Octubre hasta 16 de Octubre de 2020<\/td>\n<td width=\"123\">Viernes<\/p>\n<p>17:05 a 17:45<\/p>\n<p>17:45 a 18:25<\/p>\n<p>18:25 a 19:05<\/td>\n<\/tr>\n<tr>\n<td width=\"94\">\n<p style=\"text-align: center;\">Profesorado de Educaci\u00f3n Primaria<\/p>\n<\/td>\n<td width=\"132\"><a href=\"https:\/\/iscarena-cba.infd.edu.ar\/sitio\/wp-content\/uploads\/2020\/10\/Convocatoria-Ciencias-Sociales-Prof-Educaci\u00f3n-Primaria.pdf\">A76833 &#8211; Ciencias Sociales Y Su Did\u00e1ctica<\/a><\/p>\n<p>Hs. Cat: 4<\/p>\n<p>Segundo A\u00f1o<\/td>\n<td width=\"95\">Renuncia por razones particulares<\/td>\n<td width=\"66\">Interino<\/td>\n<td width=\"95\">Desde 14 de Octubre hasta 16 de Octubre de 2020<\/td>\n<td width=\"123\">Martes:<\/p>\n<p>19:10 a 19:50<\/p>\n<p>19:50 a 20:30<\/p>\n<p>Jueves:<\/p>\n<p>17:45 a 18:25<\/p>\n<p>18:25 a 19:05<\/p>\n<p>&nbsp;<\/td>\n<\/tr>\n<tr>\n<td width=\"94\">\n<p style=\"text-align: center;\">Profesorado de Educaci\u00f3n Primaria<\/p>\n<\/td>\n<td width=\"132\"><a href=\"https:\/\/iscarena-cba.infd.edu.ar\/sitio\/wp-content\/uploads\/2020\/10\/Convocatoria-de-Argentina-en-el-mundo-Contemporaneo-PEP.pdf\">A76038-\u00a0 Argentina En El Mundo Contempor\u00e1neo<\/a><\/p>\n<p>Hs. Cat: 3<\/p>\n<p>Primer\u00a0 A\u00f1o<\/td>\n<td width=\"95\">Renuncia por razones particulares<\/td>\n<td width=\"66\">Interino<\/td>\n<td width=\"95\">Desde 14 de Octubre hasta 16 de Octubre de 2020<\/td>\n<td width=\"123\">Martes:<\/p>\n<p>17:05 a 17:45<\/p>\n<p>17:45 a 18:25<\/p>\n<p>18:25 a 19:0<\/p>\n<p>&nbsp;<\/td>\n<\/tr>\n<tr>\n<td width=\"94\">\n<p style=\"text-align: center;\">Profesorado de Educaci\u00f3n Primaria<\/p>\n<\/td>\n<td width=\"132\"><a href=\"https:\/\/iscarena-cba.infd.edu.ar\/sitio\/wp-content\/uploads\/2020\/10\/Convocatoria-de-Pr\u00e1ctica-III.pdf\">A 77257 Pr\u00e1ctica Docente III<\/a><\/p>\n<p>Hs. Cat: 8<\/p>\n<p>Tercer A\u00f1o<\/td>\n<td width=\"95\">Comisi\u00f3n de Servicios<\/td>\n<td width=\"66\">Suplente<\/td>\n<td width=\"95\">Desde 14 de Octubre hasta 16 de Octubre de 2020<\/td>\n<td width=\"123\">Lunes:<\/p>\n<p>19:10 a 19:50<\/p>\n<p>19:50 a 20:30<\/p>\n<p>Martes:<\/p>\n<p>10:00 a 10:40<\/p>\n<p>10:40 a 11:20<\/p>\n<p>Mi\u00e9rcoles:<\/p>\n<p>11:00 a 11:40<\/p>\n<p>11:40 a 12:20 Viernes:<\/p>\n<p>20:35 a 21:15 \u00a021:15 a 21:55<\/p>\n<p>&nbsp;<\/td>\n<\/tr>\n<tr>\n<td width=\"94\">\n<p style=\"text-align: center;\">Profesorado de Ingl\u00e9s<\/p>\n<\/td>\n<td width=\"132\"><a href=\"https:\/\/iscarena-cba.infd.edu.ar\/sitio\/wp-content\/uploads\/2020\/10\/Convocatoria-Problem\u00e1ticas-de-la-Adquisici\u00f3n-de-una-segunda-LENGUA-Prof-Ingl\u00e9s.pdf\">A79270 Problem\u00e1ticas de la Adquisici\u00f3n de una Segunda Lengua<\/a><\/p>\n<p>Hs. Cat: 3<\/p>\n<p>Segundo A\u00f1o:<\/td>\n<td width=\"95\">Apertura de curso<\/td>\n<td width=\"66\">Interino<\/td>\n<td width=\"95\">Desde 14 de Octubre hasta 16 de Octubre de 2020<\/td>\n<td width=\"123\">Jueves:<\/p>\n<p>17:05 a 17:45<\/p>\n<p>19:10 a 19:50<\/p>\n<p>19:50 a 20:30<\/p>\n<p>&nbsp;<\/td>\n<\/tr>\n<tr>\n<td width=\"94\">\n<p style=\"text-align: center;\">Profesorado de Educaci\u00f3n Secundaria en Matem\u00e1tica<\/p>\n<\/td>\n<td width=\"132\"><a href=\"https:\/\/iscarena-cba.infd.edu.ar\/sitio\/wp-content\/uploads\/2020\/10\/Convocatoria-UDI-Cuidado-de-la-voz-Prof-Matem\u00e1tica.pdf\">A 77148- UDI &#8211; Cuidado de la voz<\/a><\/p>\n<p>&nbsp;<\/p>\n<p>Hs. Cat: 3<\/p>\n<p>&nbsp;<\/p>\n<p>Tercer A\u00f1o:<\/td>\n<td width=\"95\">Apertura de curso<\/td>\n<td width=\"66\">Interino<\/td>\n<td width=\"95\">Desde 14 de Octubre hasta 16 de Octubre de 2020<\/td>\n<td width=\"123\">Mi\u00e9rcoles:<\/p>\n<p>20.35 a 21:15<\/p>\n<p>21:15 a 21:55<\/p>\n<p>21:55 a 22:35<\/p>\n<p>&nbsp;<\/td>\n<\/tr>\n<tr>\n<td width=\"94\">\n<p style=\"text-align: center;\">Profesorado de Educaci\u00f3n Especial. Orientaci\u00f3n en Discapacidad Intelectual<\/p>\n<\/td>\n<td width=\"132\"><a href=\"https:\/\/iscarena-cba.infd.edu.ar\/sitio\/wp-content\/uploads\/2020\/10\/TIC-y-su-Ense\u00f1anza-PEE.pdf\">A77942 TIC y su Ense\u00f1anza en DI<\/a><\/p>\n<p>Hs. Cat: 3<\/p>\n<p>Tercer A\u00f1o<\/p>\n<p>&nbsp;<\/td>\n<td width=\"95\">Licencia por Maternidad<\/td>\n<td width=\"66\">Suplente<\/td>\n<td width=\"95\">Desde 14 de Octubre hasta 16 de Octubre de 2020<\/td>\n<td width=\"123\">Lunes:<\/p>\n<p>20:35 a 21:15<\/p>\n<p>21:15 a 21:55<\/p>\n<p>21:55 a 22:35<\/td>\n<\/tr>\n<\/tbody>\n<\/table>\n<p>El \u00a0procedimiento establecido para las vacantes de horas c\u00e1tedras de las Carreras de Nivel Superior, se ha generado como respuesta al receso administrativo en las instituciones escolares en el marco del cumplimiento del Aislamiento, Preventivo y Obligatorio y\u00a0reemplaza excepcionalmente al sistema generado a partir de la Resoluci\u00f3n 83\/15.<\/p>\n<hr \/>\n<p><strong>INSCRIPCI\u00d3N DE POSTULANTES:<\/strong><\/p>\n<p>Los aspirantes deber\u00e1n, con car\u00e1cter de Declaraci\u00f3n Jurada, cumplir con los siguientes requisitos que deber\u00e1n enviar al email <a href=\"mailto:icarenamclavero@hotmail.com\">icarenamclavero@hotmail.com<\/a> , dentro de los plazos legales establecidos:<\/p>\n<p>1.1 Completar el formulario de inscripci\u00f3n online guardando un ejemplar por cada unidad curricular en que se postule para luego enviarlo por correo electr\u00f3nico conforme se dispone infra (Puede descargarlo desde Aqu\u00ed: <a href=\"https:\/\/iscarena-cba.infd.edu.ar\/sitio\/wp-content\/uploads\/2020\/06\/Form_Insc_194-2020.pdf\">Formulario de Inscripci\u00f3n 194 2020<\/a>).<\/p>\n<p>1.2. Confeccionar el curriculum vitae seg\u00fan formato online\u00a0(Puede descargarlo desde Aqu\u00ed:\u00a0<a href=\"https:\/\/iscarena-cba.infd.edu.ar\/sitio\/wp-content\/uploads\/2020\/06\/FormatoCV-\u00faltimo.pdf\">Formato CV<\/a>)<\/p>\n<p>1.3 Informar el correo electr\u00f3nico que utilizar\u00e1 como medio de comunicaci\u00f3n fehaciente para el procedimiento teniendo la obligaci\u00f3n de notificar a la instituci\u00f3n correspondiente cualquier cambio respecto del mismo, bajo apercibimiento de tener por realizadas las notificaciones en el primer correo electr\u00f3nico informado ante la instituci\u00f3n.<\/p>\n<p>1.4 Enviar por correo electr\u00f3nico a la instituci\u00f3n, dentro de los tiempos fehacientemente establecidos y hasta la primera hora del d\u00eda h\u00e1bil posterior al cierre de la inscripci\u00f3n, Scan o PDF de la siguiente documentaci\u00f3n:<\/p>\n<ol>\n<li>Constancia de inscripci\u00f3n, correspondiente a cada unidad curricular en que se haya inscripto.<\/li>\n<li>DNI.<\/li>\n<li>CV nominativo seg\u00fan formato correspondiente.<\/li>\n<li>T\u00edtulo\/s, Certificados y Constancia de Servicios.<\/li>\n<li>Proyecto de abordaje del Espacio Curricular que contemple la virtualidad (hasta 7 p\u00e1ginas)<\/li>\n<\/ol>\n<p>1.5 El comprobante v\u00e1lido de la documentaci\u00f3n presentada ser\u00e1 el correo que la Instituci\u00f3n enviar\u00e1, en el t\u00e9rmino de 24 hs., confirmando la recepci\u00f3n y su detalle. Ser\u00e1 considerado como \u00fanico comprobante v\u00e1lido de la inscripci\u00f3n y de la documentaci\u00f3n presentada por el aspirante.<\/p>\n<p>1.6. El env\u00edo del correo electr\u00f3nico con la solicitud de inscripci\u00f3n importa, por parte del aspirante, el conocimiento y la aceptaci\u00f3n de las condiciones fijadas por el presente procedimiento.<\/p>\n<p>&nbsp;<\/p>\n<ol start=\"2\">\n<li>COMISI\u00d3N:<\/li>\n<\/ol>\n<ul>\n<li>Tal como establece la Resoluci\u00f3n, a los fines de evaluar los antecedentes, se constituir\u00e1 una Comisi\u00f3n ad hoc.<\/li>\n<li>Recibida la documentaci\u00f3n, cada miembro de la Comisi\u00f3n deber\u00e1 remitir en el t\u00e9rmino de 24h, al correo institucional, su conformidad a lo recibido o informar toda inconsistencia que considere al respecto, debidamente detallada, de la documentaci\u00f3n que corresponde y en el t\u00e9rmino de hasta 5 (cinco) d\u00edas elaborar\u00e1 el Orden de M\u00e9rito.<\/li>\n<li>Para la elaboraci\u00f3n del orden de M\u00e9rito, la valoraci\u00f3n de antecedentes se realizar\u00e1 seg\u00fan los criterios establecidos en el Anexo II de la Resoluci\u00f3n N\u00b0 83\/15, m\u00e1s la valoraci\u00f3n del Proyecto presentado por el Postulante.<\/li>\n<li>La lista de Orden de M\u00e9rito ser\u00e1 publicada por la Instituci\u00f3n educativa en la p\u00e1gina web, durante 48 hs.<\/li>\n<li>Durante el per\u00edodo de publicaci\u00f3n y hasta el d\u00eda h\u00e1bil posterior de la finalizaci\u00f3n de la misma, los aspirantes deber\u00e1n remitir correo electr\u00f3nico a la instituci\u00f3n correspondiente, aceptando el ofrecimiento. Caso contrario, se considerar\u00e1 que ha desistido del mismo.<\/li>\n<li>Una vez aceptado el ofrecimiento la Instituci\u00f3n proceder\u00e1 a la designaci\u00f3n del docente.<\/li>\n<\/ul>\n<p>&nbsp;<\/p>\n<hr \/>\n<p><strong>Se presenta a continuaci\u00f3n el Acta Dictamen de cada UC:<\/strong><\/p>\n<p><a href=\"https:\/\/drive.google.com\/file\/d\/1ri0ifSf6EdDxNCb9PNH2ijg3V_e4EAgn\/view?usp=sharing\">Acta Dictamen Did\u00e1ctica General PLyL<\/a><\/p>\n<p><a href=\"https:\/\/drive.google.com\/file\/d\/16EvSPOvNWVwEkYI9FRg0vUIDVpF5RVK1\/view?usp=sharing\">Acta Dictamen UDI &#8211; Cuidado de la Voz &#8211;\u00a0Profesorado de Educaci\u00f3n Secundaria en Matem\u00e1tica<\/a><\/p>\n<p><a href=\"https:\/\/drive.google.com\/file\/d\/1ltFtKiY_M_VfrHcWwy10E45ZghjqzsFD\/view?usp=sharing\">Acta Dictamen UC TIC y su Ense\u00f1anza en DI &#8211;\u00a0Profesorado de Educaci\u00f3n Especial<\/a><\/p>\n<p><a href=\"https:\/\/drive.google.com\/file\/d\/1TStOvh_RAFcJJPnGhhBZoFhA7bf8f7US\/view?usp=sharing\">Acta Dictamen UC Ciencias Sociales y su Did\u00e1ctica &#8211; PEP<\/a><\/p>\n<p><a href=\"https:\/\/drive.google.com\/file\/d\/1TqdUKDURy5cGlqINyJCRaR7D6wlp0a8M\/view?usp=sharing\">Acta Dictamen UC Argentina en el Mundo Contempor\u00e1neo &#8211; PEP<\/a><\/p>\n<hr \/>\n<p>&nbsp;<\/p>\n<p>ENLACES IMPORTANTES:<\/p>\n<p><a href=\"https:\/\/iscarena-cba.infd.edu.ar\/sitio\/wp-content\/uploads\/2020\/06\/FormatoCV-\u00faltimo.pdf\">Formato CV<\/a><\/p>\n<p><a href=\"https:\/\/iscarena-cba.infd.edu.ar\/sitio\/wp-content\/uploads\/2020\/06\/Form_Insc_194-2020.pdf\">Formulario de Inscripci\u00f3n Res. Minist. 194\/2020<\/a><\/p>\n<p><a href=\"https:\/\/iscarena-cba.infd.edu.ar\/sitio\/wp-content\/uploads\/2020\/10\/Publicaci\u00f3n-de-vacantes-14-de-Octubre-de-2020.pdf\">Publicaci\u00f3n de vacantes 14 de Octubre de 2020<\/a><\/p>\n<p><a href=\"https:\/\/iscarena-cba.infd.edu.ar\/sitio\/wp-content\/uploads\/2020\/10\/Convocatoria-de-Argentina-en-el-mundo-Contemporaneo-PEP.pdf\">Convocatoria de Argentina en el mundo Contemporaneo PEP<\/a><\/p>\n<p><a href=\"https:\/\/iscarena-cba.infd.edu.ar\/sitio\/wp-content\/uploads\/2020\/10\/Convocatoria-de-Pr\u00e1ctica-III.pdf\">Convocatoria de Pr\u00e1ctica III<\/a><\/p>\n<p><a href=\"https:\/\/iscarena-cba.infd.edu.ar\/sitio\/wp-content\/uploads\/2020\/10\/Convocatoria-UDI-Cuidado-de-la-voz-Prof-Matem\u00e1tica.pdf\">Convocatoria UDI Cuidado de la voz Prof Matem\u00e1tica<\/a><\/p>\n<p><a href=\"https:\/\/iscarena-cba.infd.edu.ar\/sitio\/wp-content\/uploads\/2020\/10\/TIC-y-su-Ense\u00f1anza-PEE.pdf\">TIC y su Ense\u00f1anza PEE<\/a><\/p>\n<p><a href=\"https:\/\/iscarena-cba.infd.edu.ar\/sitio\/wp-content\/uploads\/2020\/10\/Convocatoria-Problem\u00e1ticas-de-la-Adquisici\u00f3n-de-una-segunda-LENGUA-Prof-Ingl\u00e9s.pdf\">Convocatoria Problem\u00e1ticas de la Adquisici\u00f3n de una segunda LENGUA Prof Ingl\u00e9s<\/a><\/p>\n<p><a href=\"https:\/\/iscarena-cba.infd.edu.ar\/sitio\/wp-content\/uploads\/2020\/10\/Convocatoria-Ciencias-Sociales-Prof-Educaci\u00f3n-Primaria.pdf\">Convocatoria Ciencias Sociales Prof Educaci\u00f3n Primaria<\/a><\/p>\n<p><a href=\"https:\/\/iscarena-cba.infd.edu.ar\/sitio\/wp-content\/uploads\/2020\/10\/Convocatoria-Did\u00e1ctica-General-Prof-Lengua.pdf\">Convocatoria Did\u00e1ctica General Prof Lengua<\/a><\/p>\n","protected":false},"excerpt":{"rendered":"<p>Mina Clavero, 14 de Octubre de 2020 \u00a0\u00a0 \u00a0 El Instituto Superior Dr. Carlos M. Carena informa que se encuentra abierta la Convocatoria On-Line en la p\u00e1gina Web Institucional, para cubrir las horas c\u00e1tedras\u00a0interinas y suplentes\u00a0vacantes\u00a0de carreras de Nivel Superior,\u00a0en el marco del Memo 1\/20 y la Resoluci\u00f3n 194\/20. La convocatoria estar\u00e1 vigente desde el &#8230; <a title=\"Publicaci\u00f3n de horas c\u00e1tedras\u00a0vacantes\u00a0de carreras de Nivel Superior correspondientes al Instituto Superior Dr. Carlos M. Carena\" class=\"read-more\" href=\"https:\/\/iscarena-cba.infd.edu.ar\/sitio\/vacantes\/\" aria-label=\"More on Publicaci\u00f3n de horas c\u00e1tedras\u00a0vacantes\u00a0de carreras de Nivel Superior correspondientes al Instituto Superior Dr. Carlos M. Carena\">[+]<\/a><\/p>\n","protected":false},"author":1733,"featured_media":0,"parent":0,"menu_order":0,"comment_status":"closed","ping_status":"closed","template":"","meta":[],"acf":[],"_links":{"self":[{"href":"https:\/\/iscarena-cba.infd.edu.ar\/sitio\/wp-json\/wp\/v2\/pages\/2319"}],"collection":[{"href":"https:\/\/iscarena-cba.infd.edu.ar\/sitio\/wp-json\/wp\/v2\/pages"}],"about":[{"href":"https:\/\/iscarena-cba.infd.edu.ar\/sitio\/wp-json\/wp\/v2\/types\/page"}],"author":[{"embeddable":true,"href":"https:\/\/iscarena-cba.infd.edu.ar\/sitio\/wp-json\/wp\/v2\/users\/1733"}],"replies":[{"embeddable":true,"href":"https:\/\/iscarena-cba.infd.edu.ar\/sitio\/wp-json\/wp\/v2\/comments?post=2319"}],"version-history":[{"count":9,"href":"https:\/\/iscarena-cba.infd.edu.ar\/sitio\/wp-json\/wp\/v2\/pages\/2319\/revisions"}],"predecessor-version":[{"id":2375,"href":"https:\/\/iscarena-cba.infd.edu.ar\/sitio\/wp-json\/wp\/v2\/pages\/2319\/revisions\/2375"}],"wp:attachment":[{"href":"https:\/\/iscarena-cba.infd.edu.ar\/sitio\/wp-json\/wp\/v2\/media?parent=2319"}],"curies":[{"name":"wp","href":"https:\/\/api.w.org\/{rel}","templated":true}]}}