{"id":1633,"date":"2018-10-25T13:03:58","date_gmt":"2018-10-25T16:03:58","guid":{"rendered":"https:\/\/iscarena-cba.infd.edu.ar\/sitio\/?page_id=1633"},"modified":"2018-10-25T13:19:24","modified_gmt":"2018-10-25T16:19:24","slug":"app","status":"publish","type":"page","link":"https:\/\/iscarena-cba.infd.edu.ar\/sitio\/app\/","title":{"rendered":"APP"},"content":{"rendered":"<p><a href=\"https:\/\/play.google.com\/store\/apps\/details?id=com.phonegap.carena2018\"><div  class=\"lgc-column lgc-grid-parent lgc-grid-50 lgc-tablet-grid-50 lgc-mobile-grid-100 lgc-equal-heights \"><div  class=\"inside-grid-column\">Ahora podes descargar gratis desde Google Play nuestra App CARENA 2018 con toda la info que necesitas de las carreras, para la inscripci\u00f3n y adem\u00e1s las especializaciones que se dictan a trav\u00e9s del ISEP<\/div><\/div><img decoding=\"async\" loading=\"lazy\" class=\"alignleft wp-image-1634\" src=\"https:\/\/iscarena-cba.infd.edu.ar\/sitio\/wp-content\/uploads\/2018\/10\/CARENA2018.jpg\" alt=\"\" width=\"176\" height=\"176\" \/><\/a><\/p>\n","protected":false},"excerpt":{"rendered":"","protected":false},"author":1285,"featured_media":0,"parent":0,"menu_order":0,"comment_status":"closed","ping_status":"closed","template":"","meta":[],"acf":[],"_links":{"self":[{"href":"https:\/\/iscarena-cba.infd.edu.ar\/sitio\/wp-json\/wp\/v2\/pages\/1633"}],"collection":[{"href":"https:\/\/iscarena-cba.infd.edu.ar\/sitio\/wp-json\/wp\/v2\/pages"}],"about":[{"href":"https:\/\/iscarena-cba.infd.edu.ar\/sitio\/wp-json\/wp\/v2\/types\/page"}],"author":[{"embeddable":true,"href":"https:\/\/iscarena-cba.infd.edu.ar\/sitio\/wp-json\/wp\/v2\/users\/1285"}],"replies":[{"embeddable":true,"href":"https:\/\/iscarena-cba.infd.edu.ar\/sitio\/wp-json\/wp\/v2\/comments?post=1633"}],"version-history":[{"count":7,"href":"https:\/\/iscarena-cba.infd.edu.ar\/sitio\/wp-json\/wp\/v2\/pages\/1633\/revisions"}],"predecessor-version":[{"id":1642,"href":"https:\/\/iscarena-cba.infd.edu.ar\/sitio\/wp-json\/wp\/v2\/pages\/1633\/revisions\/1642"}],"wp:attachment":[{"href":"https:\/\/iscarena-cba.infd.edu.ar\/sitio\/wp-json\/wp\/v2\/media?parent=1633"}],"curies":[{"name":"wp","href":"https:\/\/api.w.org\/{rel}","templated":true}]}}