{"id":1357,"date":"2018-07-02T19:33:56","date_gmt":"2018-07-02T22:33:56","guid":{"rendered":"https:\/\/iscarena-cba.infd.edu.ar\/sitio\/tecnicatura-superior-en-desarrollo-de-software\/"},"modified":"2023-09-19T19:05:46","modified_gmt":"2023-09-19T22:05:46","slug":"tecnicatura-superior-en-desarrollo-de-software","status":"publish","type":"page","link":"https:\/\/iscarena-cba.infd.edu.ar\/sitio\/tecnicatura-superior-en-desarrollo-de-software\/","title":{"rendered":"Tecnicatura Superior en Desarrollo de Software"},"content":{"rendered":"\n<p><strong>Duraci\u00f3n: 3 a\u00f1os<\/strong><\/p>\n\n\n<p><span style=\"font-weight: 400;\">El T\u00e9cnico Superior en Desarrollo de Software ser\u00e1 capaz de utilizar las herramientas inform\u00e1ticas existentes y hacerlas funcionar de manera eficaz y eficiente, contemplando en su formaci\u00f3n distintas \u00e1reas de conocimiento, entre las cuales se encuentran: programaci\u00f3n, metodolog\u00edas de desarrollo, arquitectura y redes, dise\u00f1o de sistemas, bases de datos, direcci\u00f3n de proyectos inform\u00e1ticos, siendo imprescindible que en su formaci\u00f3n profesional adquiera las capacidades para adaptarse a los cambios constantes en la materia, con un perfil creativo e innovador y con mentalidad de trabajo en equipo.\u00a0<\/span><\/p>\n<p><span style=\"font-weight: 400;\">Con esta formaci\u00f3n se encontrar\u00e1 capacitado para producir artefactos de software, lo que comprende su dise\u00f1o detallado, construcci\u00f3n y verificaci\u00f3n unitaria, as\u00ed como su depuraci\u00f3n, optimizaci\u00f3n y mantenimiento; desarrollando las actividades descritas en el perfil profesional y cumpliendo con los criterios de realizaci\u00f3n establecidos para las mismas en el marco de un equipo de trabajo organizado por proyecto.\u00a0<\/span><\/p>\n<p>\u00a0<\/p>\n<h2><span style=\"font-weight: 400;\">PERFIL DEL EGRESADO<\/span><\/h2>\n<p><span style=\"font-weight: 400;\">El T\u00e9cnico Superior en Desarrollo de Software participa en proyectos de desarrollo de software desempe\u00f1ando roles que tienen por objeto producir artefactos de software (programas, m\u00f3dulos, objetos). Estos artefactos suelen integrarse en aplicaciones o subsistemas que interact\u00faan entre s\u00ed, con otras aplicaciones ya existentes desarrolladas con la misma o distinta tecnolog\u00eda, con el sistema operativo del computador u otro software de base (motor de base de datos, navegador, monitor de comunicaciones) configurando distintas capas de software que pueden estar distribuidas en diversas m\u00e1quinas situadas en la misma o distintas ubicaciones.<\/span><\/p>\n<p>\u00a0<\/p>\n<p><b>Plan de estudio RES 166\/2023<\/b><\/p>\n<p><img decoding=\"async\" loading=\"lazy\" class=\"alignnone size-medium wp-image-3438\" src=\"https:\/\/iscarena-cba.infd.edu.ar\/sitio\/wp-content\/uploads\/2023\/09\/Diapositiva12-1000x563.jpg\" alt=\"\" width=\"1000\" height=\"563\" srcset=\"https:\/\/iscarena-cba.infd.edu.ar\/sitio\/wp-content\/uploads\/2023\/09\/Diapositiva12-1000x563.jpg 1000w, https:\/\/iscarena-cba.infd.edu.ar\/sitio\/wp-content\/uploads\/2023\/09\/Diapositiva12-768x432.jpg 768w, https:\/\/iscarena-cba.infd.edu.ar\/sitio\/wp-content\/uploads\/2023\/09\/Diapositiva12.jpg 1280w\" sizes=\"(max-width: 1000px) 100vw, 1000px\" \/><\/p>\n<p><strong>RES 2011<\/strong><\/p>\n<p><img decoding=\"async\" loading=\"lazy\" class=\"wp-image-3162 aligncenter\" src=\"https:\/\/iscarena-cba.infd.edu.ar\/sitio\/wp-content\/uploads\/2022\/09\/Plan-de-Estudios-Software-1.jpg\" alt=\"\" width=\"631\" height=\"333\" srcset=\"https:\/\/iscarena-cba.infd.edu.ar\/sitio\/wp-content\/uploads\/2022\/09\/Plan-de-Estudios-Software-1.jpg 790w, https:\/\/iscarena-cba.infd.edu.ar\/sitio\/wp-content\/uploads\/2022\/09\/Plan-de-Estudios-Software-1-768x405.jpg 768w\" sizes=\"(max-width: 631px) 100vw, 631px\" \/><\/p>\n<p><b>Sistema de correlatividades<\/b><\/p>\n<p><img decoding=\"async\" loading=\"lazy\" class=\"alignnone size-full wp-image-3163\" src=\"https:\/\/iscarena-cba.infd.edu.ar\/sitio\/wp-content\/uploads\/2022\/09\/Desarrollo-de-Software-correlativas.jpg\" alt=\"\" width=\"722\" height=\"728\" \/><\/p>\n<p>\u00a0<\/p>\n<p><span style=\"color: #ffffff;\">Modalidad: <strong>Permanente<\/strong><\/span><\/p>\n<p><span style=\"color: #ffffff;\"><span style=\"text-decoration: underline;\">Resoluci\u00f3n 462<\/span>: <a style=\"color: #ffffff;\" href=\"upload\/Resoluci%F3n%20N%BA%20462%20%93Tecnicatura%20Superior%20en%20Desarrollo%20de%20Software%94.pdf\" target=\"_blank\" rel=\"noopener\">click aqui<\/a><\/span><\/p>","protected":false},"excerpt":{"rendered":"<p>Duraci\u00f3n: 3 a\u00f1os El T\u00e9cnico Superior en Desarrollo de Software ser\u00e1 capaz de utilizar las herramientas inform\u00e1ticas existentes y hacerlas funcionar de manera eficaz y eficiente, contemplando en su formaci\u00f3n distintas \u00e1reas de conocimiento, entre las cuales se encuentran: programaci\u00f3n, metodolog\u00edas de desarrollo, arquitectura y redes, dise\u00f1o de sistemas, bases de datos, direcci\u00f3n de proyectos &#8230; <a title=\"Tecnicatura Superior en Desarrollo de Software\" class=\"read-more\" href=\"https:\/\/iscarena-cba.infd.edu.ar\/sitio\/tecnicatura-superior-en-desarrollo-de-software\/\" aria-label=\"More on Tecnicatura Superior en Desarrollo de Software\">[+]<\/a><\/p>\n","protected":false},"author":1285,"featured_media":0,"parent":0,"menu_order":0,"comment_status":"closed","ping_status":"closed","template":"","meta":[],"acf":[],"_links":{"self":[{"href":"https:\/\/iscarena-cba.infd.edu.ar\/sitio\/wp-json\/wp\/v2\/pages\/1357"}],"collection":[{"href":"https:\/\/iscarena-cba.infd.edu.ar\/sitio\/wp-json\/wp\/v2\/pages"}],"about":[{"href":"https:\/\/iscarena-cba.infd.edu.ar\/sitio\/wp-json\/wp\/v2\/types\/page"}],"author":[{"embeddable":true,"href":"https:\/\/iscarena-cba.infd.edu.ar\/sitio\/wp-json\/wp\/v2\/users\/1285"}],"replies":[{"embeddable":true,"href":"https:\/\/iscarena-cba.infd.edu.ar\/sitio\/wp-json\/wp\/v2\/comments?post=1357"}],"version-history":[{"count":3,"href":"https:\/\/iscarena-cba.infd.edu.ar\/sitio\/wp-json\/wp\/v2\/pages\/1357\/revisions"}],"predecessor-version":[{"id":3440,"href":"https:\/\/iscarena-cba.infd.edu.ar\/sitio\/wp-json\/wp\/v2\/pages\/1357\/revisions\/3440"}],"wp:attachment":[{"href":"https:\/\/iscarena-cba.infd.edu.ar\/sitio\/wp-json\/wp\/v2\/media?parent=1357"}],"curies":[{"name":"wp","href":"https:\/\/api.w.org\/{rel}","templated":true}]}}