{"id":1353,"date":"2018-07-02T19:33:54","date_gmt":"2018-07-02T22:33:54","guid":{"rendered":"https:\/\/iscarena-cba.infd.edu.ar\/sitio\/profesorado-de-educacion-inicial\/"},"modified":"2023-11-23T20:30:41","modified_gmt":"2023-11-23T23:30:41","slug":"profesorado-de-educacion-inicial","status":"publish","type":"page","link":"https:\/\/iscarena-cba.infd.edu.ar\/sitio\/profesorado-de-educacion-inicial\/","title":{"rendered":"Profesorado de Educaci\u00f3n Inicial"},"content":{"rendered":"<p><strong><u>Duraci\u00f3n de la Carrera: <\/u><\/strong>4 a\u00f1os<\/p>\n<p>Alcance del T\u00edtulo<\/p>\n<ul>\n<li>Ejercer la docencia en los distintos establecimientos educativos de la Educaci\u00f3n Inicial: Jardines de Infantes y Jardines Maternales, de orden p\u00fablico y privado.<\/li>\n<li>Dise\u00f1ar, implementar y evaluar proyectos educativos formales y no formales en la Educaci\u00f3n<\/li>\n<li>Dise\u00f1ar, implementar y evaluar proyectos de capacitaci\u00f3n de recursos humanos en la Educaci\u00f3n Inicial, y en la formaci\u00f3n espec\u00edfica de docentes del Nivel Inicial.<\/li>\n<\/ul>\n<p>Como profesional del Nivel Inicial, su desempe\u00f1o ejerce influencia en tres espacios estrechamente vinculados: el \u00e1ulico, el institucional y el social-comunitario.<br \/>\nLas tareas principales en cada uno\u00a0 estos \u00e1mbitos son:<\/p>\n<p>En el \u00e1mbito del aula:<br \/>\n1. Organizar, planificar, implementar y evaluar estrategias para la ense\u00f1anza con el\u00a0 prop\u00f3sito de lograr el aprendizaje de los alumnos.<br \/>\n2. Evaluar y autoevaluar la tarea docente.<br \/>\n3. Sistematizar las propuestas pedag\u00f3gico-did\u00e1cticas y\/o proyectos innovadores que hubiera generado o desarrollado en el aula.<\/p>\n<p>En el \u00e1mbito de la instituci\u00f3n:<br \/>\n1. Interpretar y hacer uso de los instrumentos legales vigentes, referidos a los derechos y obligaciones de los profesionales de la educaci\u00f3n y espec\u00edficamente de los que regulan el funcionamiento de Participar en la\u00a0 elaboraci\u00f3n de proyectos institucionales.<br \/>\n2. Integrarse en equipos de trabajo para analizar, generar o evaluar propuestas curriculares y proyectos de vinculaci\u00f3n con la comunidad,\u00a0 para analizar pol\u00edticas educativas vinculadas al nivel y realizar propuestas para su concreci\u00f3n o modificaci\u00f3n.<\/p>\n<p>En el \u00e1mbito socio comunitario<br \/>\n1. Posibilitar el desarrollo de acciones organizadas de la comunidad, vinculadas a la toma de decisiones conjuntas con la escuela, que favorezcan la tarea educativa.<br \/>\n2. Actuar como mediador entre la cultura de la comunidad y la cultura del Jard\u00edn Maternal o Jard\u00edn de Infantes, en la concreci\u00f3n del curr\u00edculum.<\/p>\n<p>Perfil del Profesional<\/p>\n<ul>\n<li>Integrar equipos interdisciplinarios de trabajo con colegas, directivos y supervisores.<\/li>\n<li>Poseer conocimientos pertinentes de este \u00e1mbito espec\u00edfico de la educaci\u00f3n institucionalizada.<\/li>\n<li>Poseer los saberes y las competencias necesarias para resolver situaciones de ense\u00f1anza que produzcan aprendizajes.<\/li>\n<li>Aceptar comprensivamente las culturas, costumbres, etnias y nacionalidades de los grupos de alumnos.<\/li>\n<li>Disposici\u00f3n permanente para el an\u00e1lisis, la reflexi\u00f3n y la actualizaci\u00f3n de la propia pr\u00e1ctica profesional.<\/li>\n<li>Dise\u00f1ar, implementar y evaluar las instancias curriculares institucionales y \u00e1ulicas.<\/li>\n<li>Participar como agente transformador del medio sociocultural de la instituci\u00f3n.<\/li>\n<li>Actitud de apertura que favorezca la comunicaci\u00f3n entre los distintos actores de la comunidad educativa.<\/li>\n<li>Manifestar responsabilidad y sentido \u00e9tico en el accionar profesional.<\/li>\n<\/ul>\n<p>Modalidad: <strong>a t\u00e9rmino<\/strong><\/p>\n<p><img decoding=\"async\" loading=\"lazy\" class=\"alignnone size-medium wp-image-3398\" src=\"https:\/\/iscarena-cba.infd.edu.ar\/sitio\/wp-content\/uploads\/2023\/09\/Diapositiva6-1000x563.jpg\" alt=\"\" width=\"1000\" height=\"563\" srcset=\"https:\/\/iscarena-cba.infd.edu.ar\/sitio\/wp-content\/uploads\/2023\/09\/Diapositiva6-1000x563.jpg 1000w, https:\/\/iscarena-cba.infd.edu.ar\/sitio\/wp-content\/uploads\/2023\/09\/Diapositiva6-768x432.jpg 768w, https:\/\/iscarena-cba.infd.edu.ar\/sitio\/wp-content\/uploads\/2023\/09\/Diapositiva6.jpg 1280w\" sizes=\"(max-width: 1000px) 100vw, 1000px\" \/><\/p>\n<p><strong>Link a la DGES<\/strong><\/p>\n<p><span style=\"text-decoration: underline;\">Plan de estudio:<\/span> <a href=\"http:\/\/dges-cba.edu.ar\/wp\/wp-content\/uploads\/2022\/11\/PEIni-PLAN-ESTUDIO-979-14.pdf\" target=\"_blank\" rel=\"noopener\">click aqui<\/a><\/p>\n<p style=\"text-align: center;\"><span style=\"color: #ffffff;\"><strong><em>1er A\u00d1O<\/em><\/strong><\/span><\/p>\n<table style=\"margin-left: auto; margin-right: auto; width: 304px; height: 190px;\" border=\"1\">\n<tbody>\n<tr>\n<td class=\"Resaltado1\"><span style=\"color: #ffffff;\"><strong>\u00a0 \u00a0 \u00a0 \u00a0 \u00a0 \u00a0 \u00a0 \u00a0 \u00a0 \u00a0 \u00a0 \u00a0 \u00a0 \u00a0 \u00a0Pedagog\u00eda<\/strong><\/span><\/td>\n<\/tr>\n<tr>\n<td class=\"Resaltado1\"><span style=\"color: #ffffff;\"><strong>Problem\u00e1ticas Socioantropol\u00f3gicas en Educaci\u00f3n.<\/strong><\/span><\/td>\n<\/tr>\n<tr>\n<td class=\"Resaltado1\"><span style=\"color: #ffffff;\"><strong>P<\/strong><strong>sicolog\u00eda y Educaci\u00f3n<\/strong><\/span><\/td>\n<\/tr>\n<tr>\n<td class=\"Resaltado1\"><span style=\"color: #ffffff;\"><strong><strong>\u00a0A<\/strong><strong>rgen<\/strong><strong>tina en el Mundo <strong><strong>Contempor\u00e1neo.<\/strong><\/strong>\u00a0 \u00a0 \u00a0 \u00a0 \u00a0 \u00a0 \u00a0 \u00a0 \u00a0 \u00a0 \u00a0<\/strong><\/strong><\/span><\/td>\n<\/tr>\n<tr>\n<td class=\"Resaltado1\"><span style=\"color: #ffffff;\"><strong>Lenguaje Corporal<\/strong><\/span><\/td>\n<\/tr>\n<tr>\n<td class=\"Resaltado1\"><span style=\"color: #ffffff;\"><strong>L<\/strong><strong>enguaje Digital y Audiovisual<\/strong><\/span><\/td>\n<\/tr>\n<tr>\n<td class=\"Resaltado1\"><span style=\"color: #ffffff;\"><strong>Educaci\u00f3n Inicial: Jard\u00edn Maternal<\/strong><\/span><\/td>\n<\/tr>\n<tr>\n<td class=\"Resaltado1\"><span style=\"color: #ffffff;\"><strong>Oralidad, Lectura y Escritura<\/strong><\/span><\/td>\n<\/tr>\n<\/tbody>\n<\/table>\n<p style=\"text-align: center;\"><span style=\"color: #ffffff;\">\u00a02<span style=\"text-decoration: underline;\"><sup>d<\/sup><\/span><strong><em><span style=\"text-decoration: underline;\"><sup>o<\/sup><\/span>\u00a0A\u00d1O<\/em><\/strong><\/span><\/p>\n<table style=\"margin-left: auto; margin-right: auto;\" border=\"1\" cellspacing=\"0\" cellpadding=\"0\" align=\"center\">\n<tbody>\n<tr>\n<td class=\"Resaltado1\" colspan=\"2\" valign=\"top\" width=\"293\"><span style=\"color: #ffffff;\">\u00a0 \u00a0 \u00a0 \u00a0 \u00a0 \u00a0 \u00a0 \u00a0 \u00a0 \u00a0 \u00a0 \u00a0Filosof\u00eda y Educaci\u00f3n<\/span><\/td>\n<\/tr>\n<tr>\n<td class=\"Resaltado1\" colspan=\"2\" valign=\"top\" width=\"293\"><span style=\"color: #ffffff;\">\u00a0 \u00a0 \u00a0 \u00a0 \u00a0 \u00a0 \u00a0 \u00a0 \u00a0 \u00a0 \u00a0 \u00a0 \u00a0 Did\u00e1ctica General<\/span><\/td>\n<\/tr>\n<tr>\n<td class=\"Resaltado1\" colspan=\"2\" valign=\"top\" width=\"293\"><span style=\"color: #ffffff;\">Pr\u00e1ctica Docente II: Escuelas, Historias Documentadas y Cotidianeidad<\/span><\/td>\n<\/tr>\n<tr>\n<td class=\"Resaltado1\" colspan=\"2\" valign=\"top\" width=\"293\"><span style=\"color: #ffffff;\">\u00a0 \u00a0 \u00a0 \u00a0 \u00a0 \u00a0 \u00a0Desarrollo del Pensamiento Matem\u00e1tico<\/span><\/td>\n<\/tr>\n<tr>\n<td class=\"Resaltado1\" rowspan=\"2\" valign=\"top\" width=\"137\"><span style=\"color: #ffffff;\">\u00a0<\/span><\/p>\n<p><span style=\"color: #ffffff;\">Lengua:<\/span><\/p>\n<p><span style=\"color: #ffffff;\">\u00a0<\/span><\/td>\n<td class=\"Resaltado1\" valign=\"top\" width=\"156\"><span style=\"color: #ffffff;\">Lengua y su Did\u00e1ctica<\/span><\/td>\n<\/tr>\n<tr>\n<td class=\"Resaltado1\" valign=\"top\" width=\"156\"><span style=\"color: #ffffff;\">Alfabetizaci\u00f3n Inicial<\/span><\/td>\n<\/tr>\n<tr>\n<td class=\"Resaltado1\" colspan=\"2\" valign=\"top\" width=\"293\"><span style=\"color: #ffffff;\">\u00a0 \u00a0 \u00a0 \u00a0 \u00a0 \u00a0 \u00a0Ciencias Naturales y su Did\u00e1ctica<\/span><\/td>\n<\/tr>\n<tr>\n<td class=\"Resaltado1\" colspan=\"2\" valign=\"top\" width=\"293\"><span style=\"color: #ffffff;\">\u00a0 \u00a0 \u00a0 \u00a0 \u00a0 Sujetos de la Educaci\u00f3n y Convivencia Escolar<\/span><\/td>\n<\/tr>\n<tr>\n<td class=\"Resaltado1\" colspan=\"2\" valign=\"top\" width=\"293\"><span style=\"color: #ffffff;\">\u00a0 \u00a0 \u00a0 \u00a0 \u00a0 \u00a0 \u00a0 \u00a0Educaci\u00f3n Art\u00edstica: Pl\u00e1stica<\/span><\/td>\n<\/tr>\n<tr>\n<td class=\"Resaltado1\" colspan=\"2\" valign=\"top\" width=\"293\"><span style=\"color: #ffffff;\">\u00a0 \u00a0 \u00a0 \u00a0 \u00a0 \u00a0TIC y la Ense\u00f1anza en el Nivel Inicial<\/span><\/td>\n<\/tr>\n<\/tbody>\n<\/table>\n<p style=\"text-align: center;\"><span style=\"color: #ffffff;\">\u00a0\u00a0<strong><em>3<sup>er<\/sup>\u00a0A\u00d1O<\/em><\/strong><\/span><\/p>\n<table style=\"margin-left: auto; margin-right: auto;\" border=\"1\" cellspacing=\"0\" cellpadding=\"0\">\n<tbody>\n<tr>\n<td class=\"Resaltado1\" colspan=\"2\" valign=\"top\" width=\"293\"><span style=\"color: #ffffff;\">\u00a0 \u00a0 \u00a0 \u00a0 \u00a0Historia y Pol\u00edtica de la Educaci\u00f3n Argentina<\/span><\/td>\n<\/tr>\n<tr>\n<td class=\"Resaltado1\" colspan=\"2\" valign=\"top\" width=\"293\"><span style=\"color: #ffffff;\">Pr\u00e1ctica Docente III: La Sala: Espacio del Aprender y del Ense\u00f1ar<\/span><\/td>\n<\/tr>\n<tr>\n<td class=\"Resaltado1\" colspan=\"2\" valign=\"top\" width=\"293\"><span style=\"color: #ffffff;\">\u00a0 \u00a0 \u00a0 \u00a0 \u00a0 \u00a0 \u00a0 \u00a0 \u00a0 \u00a0Matem\u00e1tica y su Did\u00e1ctica<\/span><\/td>\n<\/tr>\n<tr>\n<td class=\"Resaltado1\" colspan=\"2\" valign=\"top\" width=\"293\"><span style=\"color: #ffffff;\">\u00a0 \u00a0 \u00a0 \u00a0 \u00a0 \u00a0 \u00a0 \u00a0 \u00a0 \u00a0 Literatura en el Nivel Inicial<\/span><\/td>\n<\/tr>\n<tr>\n<td class=\"Resaltado1\" colspan=\"2\" valign=\"top\" width=\"293\"><span style=\"color: #ffffff;\">\u00a0 \u00a0 \u00a0 \u00a0 \u00a0 \u00a0 \u00a0 \u00a0 Ciencias Sociales y su Did\u00e1ctica<\/span><\/td>\n<\/tr>\n<tr>\n<td class=\"Resaltado1\" rowspan=\"2\" valign=\"top\" width=\"136\"><span style=\"color: #ffffff;\">\u00a0<\/span><\/p>\n<p><span style=\"color: #ffffff;\">Ciencias Naturales:<\/span><\/p>\n<p><span style=\"color: #ffffff;\">\u00a0<\/span><\/td>\n<td class=\"Resaltado1\" valign=\"top\" width=\"157\"><span style=\"color: #ffffff;\">Educaci\u00f3n para la Salud<\/span><\/td>\n<\/tr>\n<tr>\n<td class=\"Resaltado1\" valign=\"top\" width=\"157\"><span style=\"color: #ffffff;\">Educaci\u00f3n\u00a0 Ambiental<\/span><\/td>\n<\/tr>\n<tr>\n<td class=\"Resaltado1\" colspan=\"2\" valign=\"top\" width=\"293\"><span style=\"color: #ffffff;\">\u00a0 \u00a0 \u00a0 \u00a0 \u00a0 \u00a0 \u00a0 \u00a0Educaci\u00f3n F\u00edsica en JM y JI<\/span><\/td>\n<\/tr>\n<tr>\n<td class=\"Resaltado1\" colspan=\"2\" valign=\"top\" width=\"293\"><span style=\"color: #ffffff;\">\u00a0 \u00a0 \u00a0 \u00a0 \u00a0 \u00a0 \u00a0 \u00a0 Educaci\u00f3n Art\u00edstica: M\u00fasica<\/span><\/td>\n<\/tr>\n<\/tbody>\n<\/table>\n<p style=\"text-align: center;\"><span style=\"color: #ffffff;\">\u00a0<em><strong>4<sup>to<\/sup>\u00a0A\u00d1O<\/strong><\/em><\/span><\/p>\n<table style=\"margin-left: auto; margin-right: auto;\" border=\"1\" cellspacing=\"0\" cellpadding=\"0\">\n<tbody>\n<tr>\n<td class=\"Resaltado1\" valign=\"top\" width=\"293\"><span style=\"color: #ffffff;\">\u00a0 \u00a0 \u00a0 \u00a0 \u00a0 \u00a0\u00c9tica y Construcci\u00f3n de Ciudadan\u00eda<\/span><\/td>\n<\/tr>\n<tr>\n<td class=\"Resaltado1\" valign=\"top\" width=\"293\"><span style=\"color: #ffffff;\">Pr\u00e1ctica Docente IV y Residencia: Recrear las Pr\u00e1cticas Docentes<\/span><\/td>\n<\/tr>\n<tr>\n<td class=\"Resaltado1\" valign=\"top\" width=\"293\"><span style=\"color: #ffffff;\">\u00a0Problem\u00e1ticas y Desaf\u00edos del Nivel Inicial: JM y JI<\/span><\/td>\n<\/tr>\n<tr>\n<td class=\"Resaltado1\" valign=\"top\" width=\"293\"><span style=\"color: #ffffff;\">\u00a0 \u00a0 \u00a0 \u00a0 \u00a0 \u00a0 \u00a0 \u00a0 \u00a0Educaci\u00f3n Art\u00edstica: Teatro<\/span><\/td>\n<\/tr>\n<tr>\n<td class=\"Resaltado1\" valign=\"top\" width=\"293\"><span style=\"color: #ffffff;\">\u00a0 \u00a0 \u00a0 \u00a0 \u00a0 \u00a0 \u00a0 \u00a0 \u00a0 Educaci\u00f3n Sexual Integral<\/span><\/td>\n<\/tr>\n<tr>\n<td class=\"Resaltado1\" valign=\"top\" width=\"293\"><span style=\"color: #ffffff;\">\u00a0 \u00a0 \u00a0 \u00a0Dise\u00f1o y Construcci\u00f3n de Material Did\u00e1ctico<\/span><\/td>\n<\/tr>\n<\/tbody>\n<\/table>\n","protected":false},"excerpt":{"rendered":"<p>Duraci\u00f3n de la Carrera: 4 a\u00f1os Alcance del T\u00edtulo Ejercer la docencia en los distintos establecimientos educativos de la Educaci\u00f3n Inicial: Jardines de Infantes y Jardines Maternales, de orden p\u00fablico y privado. Dise\u00f1ar, implementar y evaluar proyectos educativos formales y no formales en la Educaci\u00f3n Dise\u00f1ar, implementar y evaluar proyectos de capacitaci\u00f3n de recursos humanos &#8230; <a title=\"Profesorado de Educaci\u00f3n Inicial\" class=\"read-more\" href=\"https:\/\/iscarena-cba.infd.edu.ar\/sitio\/profesorado-de-educacion-inicial\/\" aria-label=\"More on Profesorado de Educaci\u00f3n Inicial\">[+]<\/a><\/p>\n","protected":false},"author":1285,"featured_media":0,"parent":0,"menu_order":0,"comment_status":"closed","ping_status":"closed","template":"","meta":[],"acf":[],"_links":{"self":[{"href":"https:\/\/iscarena-cba.infd.edu.ar\/sitio\/wp-json\/wp\/v2\/pages\/1353"}],"collection":[{"href":"https:\/\/iscarena-cba.infd.edu.ar\/sitio\/wp-json\/wp\/v2\/pages"}],"about":[{"href":"https:\/\/iscarena-cba.infd.edu.ar\/sitio\/wp-json\/wp\/v2\/types\/page"}],"author":[{"embeddable":true,"href":"https:\/\/iscarena-cba.infd.edu.ar\/sitio\/wp-json\/wp\/v2\/users\/1285"}],"replies":[{"embeddable":true,"href":"https:\/\/iscarena-cba.infd.edu.ar\/sitio\/wp-json\/wp\/v2\/comments?post=1353"}],"version-history":[{"count":3,"href":"https:\/\/iscarena-cba.infd.edu.ar\/sitio\/wp-json\/wp\/v2\/pages\/1353\/revisions"}],"predecessor-version":[{"id":3506,"href":"https:\/\/iscarena-cba.infd.edu.ar\/sitio\/wp-json\/wp\/v2\/pages\/1353\/revisions\/3506"}],"wp:attachment":[{"href":"https:\/\/iscarena-cba.infd.edu.ar\/sitio\/wp-json\/wp\/v2\/media?parent=1353"}],"curies":[{"name":"wp","href":"https:\/\/api.w.org\/{rel}","templated":true}]}}