{"id":1313,"date":"2018-07-02T19:33:35","date_gmt":"2018-07-02T22:33:35","guid":{"rendered":"https:\/\/iscarena-cba.infd.edu.ar\/sitio\/autoridades\/"},"modified":"2025-11-25T21:49:00","modified_gmt":"2025-11-26T00:49:00","slug":"autoridades","status":"publish","type":"page","link":"https:\/\/iscarena-cba.infd.edu.ar\/sitio\/autoridades\/","title":{"rendered":"Actores Institucionales"},"content":{"rendered":"\n<div class=\"wp-block-group is-layout-constrained\"><div class=\"wp-block-group__inner-container\">\n<p><\/p>\n\n\n\n<h1 style=\"text-align: center;\"><strong>Bienvenidas\/os a la UPC Sede Regional\u00a0 Mina Clavero<\/strong><\/h1>\n<h1 style=\"text-align: center;\"><strong>\u00abDr. Carlos Mar\u00eda Carena\u00bb<\/strong><\/h1>\n<p><img decoding=\"async\" loading=\"lazy\" class=\"alignnone wp-image-4578 size-medium\" src=\"https:\/\/iscarena-cba.infd.edu.ar\/sitio\/wp-content\/uploads\/2025\/08\/Organigrama-institucional-2025-modificable.pptx-1000x563.png\" alt=\"\" width=\"1000\" height=\"563\" srcset=\"https:\/\/iscarena-cba.infd.edu.ar\/sitio\/wp-content\/uploads\/2025\/08\/Organigrama-institucional-2025-modificable.pptx-1000x563.png 1000w, https:\/\/iscarena-cba.infd.edu.ar\/sitio\/wp-content\/uploads\/2025\/08\/Organigrama-institucional-2025-modificable.pptx-768x432.png 768w, https:\/\/iscarena-cba.infd.edu.ar\/sitio\/wp-content\/uploads\/2025\/08\/Organigrama-institucional-2025-modificable.pptx.png 1280w\" sizes=\"(max-width: 1000px) 100vw, 1000px\" \/><\/p>\n<p>\u00a0<\/p>\n<table style=\"height: 192px;\" width=\"940\">\n<tbody>\n<tr>\n<td colspan=\"2\" width=\"566\">\n<p style=\"text-align: center;\"><strong>EQUIPO DE GESTI\u00d3N<\/strong><\/p>\n<\/td>\n<\/tr>\n<tr>\n<td colspan=\"2\" width=\"566\">\u00a0<\/td>\n<\/tr>\n<tr>\n<td width=\"283\">Directora:<\/td>\n<td width=\"283\">Vice-directora:<\/td>\n<\/tr>\n<tr>\n<td width=\"283\">\u00a0Klare von Hermann, B\u00e1rbara Elena<\/td>\n<td width=\"283\">Quevedo, Ver\u00f3nica<\/td>\n<\/tr>\n<\/tbody>\n<\/table>\n<table>\n<tbody>\n<tr>\n<td colspan=\"2\" width=\"566\">\n<p style=\"text-align: center;\"><strong>SECRETAR\u00cdA<\/strong><\/p>\n<\/td>\n<\/tr>\n<tr>\n<td colspan=\"2\" width=\"566\">\u00a0<\/td>\n<\/tr>\n<tr>\n<td width=\"283\">Secretaria:<\/td>\n<td width=\"283\">Pro-secretario:<\/td>\n<\/tr>\n<tr>\n<td width=\"283\">Esp\u00edndola, Mar\u00eda Eugenia<\/td>\n<td width=\"283\">Cabrera, Gisela<\/td>\n<\/tr>\n<\/tbody>\n<\/table>\n<hr \/>\n<table>\n<tbody>\n<tr>\n<td colspan=\"2\" width=\"566\">\n<p style=\"text-align: center;\"><strong>AYUDANTES T\u00c9CNICOS<\/strong><\/p>\n<\/td>\n<\/tr>\n<tr>\n<td colspan=\"2\" width=\"566\">\u00a0<\/td>\n<\/tr>\n<tr>\n<td width=\"283\">\n<ul>\n<li>Allende, Andrea<\/li>\n<\/ul>\n<\/td>\n<td width=\"283\">\n<ul>\n<li>Morales, Mariela<\/li>\n<\/ul>\n<\/td>\n<\/tr>\n<tr>\n<td width=\"283\">\n<ul>\n<li>Moreno, Lisandro<\/li>\n<\/ul>\n<ul>\n<li>Arolfo, Bel\u00e9n<\/li>\n<\/ul>\n<ul>\n<li>Bruno, Adriana<\/li>\n<\/ul>\n<\/td>\n<td width=\"283\">\n<ul>\n<li>Villarreal, Walter<\/li>\n<\/ul>\n<ul>\n<li>Pedernera, Pablo<\/li>\n<\/ul>\n<\/td>\n<\/tr>\n<\/tbody>\n<\/table>\n<table style=\"height: 298px;\" width=\"939\">\n<tbody>\n<tr>\n<td colspan=\"2\" width=\"566\">\n<p style=\"text-align: center;\"><strong>PRECEPTORES<\/strong><\/p>\n<\/td>\n<\/tr>\n<tr>\n<td colspan=\"2\" width=\"566\">\u00a0<\/td>\n<\/tr>\n<tr>\n<td width=\"283\">\n<ul>\n<li>Cortez, Melisa<\/li>\n<\/ul>\n<\/td>\n<td width=\"283\">\n<ul>\n<li>Deambrogio, Gloria<\/li>\n<\/ul>\n<\/td>\n<\/tr>\n<tr>\n<td width=\"283\">\n<ul>\n<li>Ledesma, Carina<\/li>\n<\/ul>\n<\/td>\n<td width=\"283\">\u00a0<\/td>\n<\/tr>\n<tr>\n<td width=\"283\">\u00a0<\/td>\n<td width=\"283\">\u00a0<\/td>\n<\/tr>\n<\/tbody>\n<\/table>\n<p><strong>\u00a0\u00a0\u00a0\u00a0\u00a0\u00a0\u00a0\u00a0\u00a0\u00a0\u00a0\u00a0\u00a0\u00a0\u00a0\u00a0\u00a0\u00a0\u00a0\u00a0\u00a0\u00a0\u00a0\u00a0\u00a0\u00a0\u00a0\u00a0\u00a0\u00a0\u00a0\u00a0\u00a0\u00a0\u00a0\u00a0\u00a0<\/strong><\/p>\n<p style=\"text-align: center;\">\u00a0<\/p>\n<table>\n<tbody>\n<tr>\n<td colspan=\"2\" width=\"566\">\n<p style=\"text-align: center;\"><strong>COORDINACI\u00d3N<\/strong><\/p>\n<\/td>\n<\/tr>\n<tr>\n<td colspan=\"2\" width=\"566\">\u00a0<\/td>\n<\/tr>\n<tr>\n<td width=\"283\">\n<ul>\n<li>Mart\u00ednez, Horacio<\/li>\n<\/ul>\n<\/td>\n<td width=\"283\">\n<ul>\n<li>Nieto, Y\u00e9sica<\/li>\n<\/ul>\n<\/td>\n<\/tr>\n<tr>\n<td width=\"283\">\n<ul>\n<li>De Mauro, Cecilia<\/li>\n<\/ul>\n<\/td>\n<td width=\"283\">\n<ul>\n<li>Oviedo, Yanina<\/li>\n<\/ul>\n<\/td>\n<\/tr>\n<tr>\n<td width=\"283\">\u00a0<\/td>\n<td width=\"283\">\u00a0<\/td>\n<\/tr>\n<\/tbody>\n<\/table>\n<p><strong>\u00a0\u00a0\u00a0\u00a0\u00a0\u00a0\u00a0\u00a0\u00a0\u00a0\u00a0\u00a0\u00a0\u00a0\u00a0\u00a0\u00a0\u00a0\u00a0\u00a0\u00a0\u00a0\u00a0\u00a0\u00a0\u00a0\u00a0\u00a0\u00a0\u00a0\u00a0\u00a0\u00a0\u00a0\u00a0\u00a0\u00a0<\/strong><\/p>\n<table style=\"height: 273px;\" width=\"1020\">\n<tbody>\n<tr>\n<td colspan=\"2\" width=\"566\">\n<p style=\"text-align: center;\"><strong>\u00a0BIBLIOTECA<\/strong><\/p>\n<\/td>\n<\/tr>\n<tr>\n<td colspan=\"2\" width=\"566\">\u00a0<\/td>\n<\/tr>\n<tr>\n<td width=\"283\">\n<ul>\n<li>Rodriguez, Sandra<\/li>\n<\/ul>\n<\/td>\n<td width=\"283\">\u00a0<\/td>\n<\/tr>\n<tr>\n<td width=\"283\">\u00a0<\/td>\n<td width=\"283\">\u00a0<\/td>\n<\/tr>\n<tr>\n<td width=\"283\">\u00a0<\/td>\n<td width=\"283\">\u00a0<\/td>\n<\/tr>\n<\/tbody>\n<\/table>\n<p><strong>\u00a0\u00a0\u00a0\u00a0\u00a0\u00a0\u00a0\u00a0\u00a0\u00a0\u00a0\u00a0\u00a0\u00a0\u00a0\u00a0\u00a0\u00a0\u00a0\u00a0\u00a0\u00a0\u00a0\u00a0\u00a0\u00a0\u00a0\u00a0\u00a0\u00a0\u00a0\u00a0\u00a0\u00a0\u00a0\u00a0\u00a0\u00a0<\/strong><\/p>\n<\/div><\/div>\n\n\n\n<h2 class=\"wp-block-heading\">Directores del Instituto desde su creaci\u00f3n hasta la actualidad<\/h2>\n\n\n\n<figure class=\"wp-block-image size-full is-resized\"><img decoding=\"async\" loading=\"lazy\" src=\"https:\/\/iscarena-cba.infd.edu.ar\/sitio\/wp-content\/uploads\/2025\/06\/IMG-20250609-WA0014.jpg\" alt=\"\" class=\"wp-image-4460\" width=\"416\" height=\"883\" srcset=\"https:\/\/iscarena-cba.infd.edu.ar\/sitio\/wp-content\/uploads\/2025\/06\/IMG-20250609-WA0014.jpg 754w, https:\/\/iscarena-cba.infd.edu.ar\/sitio\/wp-content\/uploads\/2025\/06\/IMG-20250609-WA0014-471x1000.jpg 471w, https:\/\/iscarena-cba.infd.edu.ar\/sitio\/wp-content\/uploads\/2025\/06\/IMG-20250609-WA0014-724x1536.jpg 724w\" sizes=\"(max-width: 416px) 100vw, 416px\" \/><\/figure>\n","protected":false},"excerpt":{"rendered":"<p>Bienvenidas\/os a la UPC Sede Regional\u00a0 Mina Clavero \u00abDr. Carlos Mar\u00eda Carena\u00bb \u00a0 EQUIPO DE GESTI\u00d3N \u00a0 Directora: Vice-directora: \u00a0Klare von Hermann, B\u00e1rbara Elena Quevedo, Ver\u00f3nica SECRETAR\u00cdA \u00a0 Secretaria: Pro-secretario: Esp\u00edndola, Mar\u00eda Eugenia Cabrera, Gisela AYUDANTES T\u00c9CNICOS \u00a0 Allende, Andrea Morales, Mariela Moreno, Lisandro Arolfo, Bel\u00e9n Bruno, Adriana Villarreal, Walter Pedernera, Pablo PRECEPTORES \u00a0 Cortez, &#8230; <a title=\"Actores Institucionales\" class=\"read-more\" href=\"https:\/\/iscarena-cba.infd.edu.ar\/sitio\/autoridades\/\" aria-label=\"More on Actores Institucionales\">[+]<\/a><\/p>\n","protected":false},"author":1285,"featured_media":0,"parent":0,"menu_order":0,"comment_status":"closed","ping_status":"closed","template":"","meta":[],"acf":[],"_links":{"self":[{"href":"https:\/\/iscarena-cba.infd.edu.ar\/sitio\/wp-json\/wp\/v2\/pages\/1313"}],"collection":[{"href":"https:\/\/iscarena-cba.infd.edu.ar\/sitio\/wp-json\/wp\/v2\/pages"}],"about":[{"href":"https:\/\/iscarena-cba.infd.edu.ar\/sitio\/wp-json\/wp\/v2\/types\/page"}],"author":[{"embeddable":true,"href":"https:\/\/iscarena-cba.infd.edu.ar\/sitio\/wp-json\/wp\/v2\/users\/1285"}],"replies":[{"embeddable":true,"href":"https:\/\/iscarena-cba.infd.edu.ar\/sitio\/wp-json\/wp\/v2\/comments?post=1313"}],"version-history":[{"count":23,"href":"https:\/\/iscarena-cba.infd.edu.ar\/sitio\/wp-json\/wp\/v2\/pages\/1313\/revisions"}],"predecessor-version":[{"id":4735,"href":"https:\/\/iscarena-cba.infd.edu.ar\/sitio\/wp-json\/wp\/v2\/pages\/1313\/revisions\/4735"}],"wp:attachment":[{"href":"https:\/\/iscarena-cba.infd.edu.ar\/sitio\/wp-json\/wp\/v2\/media?parent=1313"}],"curies":[{"name":"wp","href":"https:\/\/api.w.org\/{rel}","templated":true}]}}