{"id":1283,"date":"2018-07-02T19:33:23","date_gmt":"2018-07-02T22:33:23","guid":{"rendered":"https:\/\/iscarena-cba.infd.edu.ar\/sitio\/programa-de-becas-y-ayuda-estudiantil\/"},"modified":"2021-03-19T19:55:02","modified_gmt":"2021-03-19T22:55:02","slug":"programa-de-becas-y-ayuda-estudiantil","status":"publish","type":"page","link":"https:\/\/iscarena-cba.infd.edu.ar\/sitio\/programa-de-becas-y-ayuda-estudiantil\/","title":{"rendered":"Programa de Becas y Ayuda Estudiantil"},"content":{"rendered":"<p>Plan Progresar PROGRESAR<\/p>\n<p>En el 2021, las Becas alcanzan incrementos desde el 40 % hasta m\u00e1s del 160 % en los montos y se proyecta incorporar a 750 mil alumnas y alumnos, un 50 % m\u00e1s. Adem\u00e1s, contempla el pago de 12 cuotas al a\u00f1o. Sumamos un Plan Integral de Apoyo a estudiantes Progresar. Vamos a acompa\u00f1ar a las\/os beneficiarias\/os a trav\u00e9s del despliegue de distintas instancias en cada jurisdicci\u00f3n, en las universidades p\u00fablicas y en el sistema de institutos de educaci\u00f3n superior. Para acceder a la beca los\/as estudiantes deber\u00e1n cumplir los siguientes requisitos: tener entre 18 y 24 a\u00f1os y ser alumno\/a regular; o tener hasta 30 a\u00f1os si son estudiantes avanzados. Los ingresos del grupo familiar deber\u00e1n ser hasta 3 salarios m\u00ednimos vitales y m\u00f3viles. Progresar Obligatorio y Progresar Trabajo contar\u00e1n con aumentos del 106 % y 147 %. Progresar para los niveles terciario y universitario contar\u00e1n con un incremento del 92 %. Por otro lado, las carreras estrat\u00e9gicas para los niveles terciario y universitario aumentar\u00e1n un 68 %. En tanto, las Becas Progresar Enfermer\u00eda se incrementar\u00e1n en un 135 % para el nivel universitario y 163 % para terciarios.<\/p>\n<p>C\u00f3mo hacer? aqu\u00ed te dejamos el link a un tutorial:\u00a0\u00a0<a href=\"https:\/\/www.youtube.com\/watch?v=qbcqIKbey5o\">https:\/\/www.youtube.com\/watch?v=qbcqIKbey5o<\/a><\/p>\n<p>&nbsp;<\/p>\n<p>&nbsp;<\/p>\n<p>BOLETO EDUCATIVO:\u00a0 El Boleto Educativo Gratuito\u00a0es un beneficio que otorga el Gobierno de la Provincia de C\u00f3rdoba a los estudiantes, profesores y trabajadores de establecimientos educativos primarios, secundarios y terciarios que radiquen en la provincia cordobesa, para viajar en los\u00a0<strong>colectivos a<\/strong>\u00a0las instituciones.<br \/>\nLink a Boleto Educativo: <a title=\"Boleto Educativo\" href=\"http:\/\/boletoeducativogratuito.cba.gov.ar\" target=\"_blank\" rel=\"noopener\">http:\/\/boletoeducativogratuito.cba.gov.ar\/<\/a><strong>\u00a0<\/strong><\/p>\n<table border=\"0\">\n<tbody>\n<tr>\n<td style=\"text-align: center;\"><span style=\"color: #3366ff; font-size: 18pt;\"><strong>INSCRIPCIONES ABIERTAS<\/strong><\/span><\/td>\n<td><img decoding=\"async\" title=\"Imagen de becas\" src=\"https:\/\/iscarena-cba.infd.edu.ar\/sitio\/wp-content\/uploads\/2018\/07\/becas.jpg\" alt=\"Imagen de becas\" border=\"0\" \/><\/td>\n<\/tr>\n<\/tbody>\n<\/table>\n","protected":false},"excerpt":{"rendered":"<p>Plan Progresar PROGRESAR En el 2021, las Becas alcanzan incrementos desde el 40 % hasta m\u00e1s del 160 % en los montos y se proyecta incorporar a 750 mil alumnas y alumnos, un 50 % m\u00e1s. Adem\u00e1s, contempla el pago de 12 cuotas al a\u00f1o. Sumamos un Plan Integral de Apoyo a estudiantes Progresar. Vamos &#8230; <a title=\"Programa de Becas y Ayuda Estudiantil\" class=\"read-more\" href=\"https:\/\/iscarena-cba.infd.edu.ar\/sitio\/programa-de-becas-y-ayuda-estudiantil\/\" aria-label=\"More on Programa de Becas y Ayuda Estudiantil\">[+]<\/a><\/p>\n","protected":false},"author":1285,"featured_media":0,"parent":0,"menu_order":0,"comment_status":"closed","ping_status":"closed","template":"","meta":[],"acf":[],"_links":{"self":[{"href":"https:\/\/iscarena-cba.infd.edu.ar\/sitio\/wp-json\/wp\/v2\/pages\/1283"}],"collection":[{"href":"https:\/\/iscarena-cba.infd.edu.ar\/sitio\/wp-json\/wp\/v2\/pages"}],"about":[{"href":"https:\/\/iscarena-cba.infd.edu.ar\/sitio\/wp-json\/wp\/v2\/types\/page"}],"author":[{"embeddable":true,"href":"https:\/\/iscarena-cba.infd.edu.ar\/sitio\/wp-json\/wp\/v2\/users\/1285"}],"replies":[{"embeddable":true,"href":"https:\/\/iscarena-cba.infd.edu.ar\/sitio\/wp-json\/wp\/v2\/comments?post=1283"}],"version-history":[{"count":6,"href":"https:\/\/iscarena-cba.infd.edu.ar\/sitio\/wp-json\/wp\/v2\/pages\/1283\/revisions"}],"predecessor-version":[{"id":2463,"href":"https:\/\/iscarena-cba.infd.edu.ar\/sitio\/wp-json\/wp\/v2\/pages\/1283\/revisions\/2463"}],"wp:attachment":[{"href":"https:\/\/iscarena-cba.infd.edu.ar\/sitio\/wp-json\/wp\/v2\/media?parent=1283"}],"curies":[{"name":"wp","href":"https:\/\/api.w.org\/{rel}","templated":true}]}}