{"id":1258,"date":"2018-07-02T19:33:12","date_gmt":"2018-07-02T22:33:12","guid":{"rendered":"https:\/\/iscarena-cba.infd.edu.ar\/sitio\/el-instituto\/"},"modified":"2018-07-03T20:20:19","modified_gmt":"2018-07-03T23:20:19","slug":"el-instituto","status":"publish","type":"page","link":"https:\/\/iscarena-cba.infd.edu.ar\/sitio\/el-instituto\/","title":{"rendered":"LA INSTITUCI\u00d3N Y EL NIVEL SUPERIOR"},"content":{"rendered":"<p><img decoding=\"async\" loading=\"lazy\" class=\"alignleft\" title=\"\" src=\"https:\/\/iscarena-cba.infd.edu.ar\/sitio\/wp-content\/uploads\/2018\/07\/107version01.jpg\" alt=\"\" width=\"322\" height=\"198\" border=\"0\" \/><\/p>\n<p>La educaci\u00f3n es uno de los procesos humanos\u00a0fundamentales.\u00a0 Tiene que ver con la persona, con su dignidad, con su perfeccionamiento, con la actualizaci\u00f3n de la cultura, con la existencia de otros sujetos con los cuales necesariamente tiene que convivir y\u00a0desarrollar su personalidad eficazmente en un proceso de socializaci\u00f3n permanente.<br \/>\nNuestro Instituto Superior, cuya funci\u00f3n social es la Educaci\u00f3n, tiene un valor estrat\u00e9gico clave para el desarrollo de la zona.<br \/>\nMuchos son los logros obtenidos en estos 30 a\u00f1os de vida, entre ellos el de pertenecer a la Red Federal de Formaci\u00f3n Docente Continua y ser el \u00fanico Instituto del oeste de la Provincia de C\u00f3rdoba, acreditado para dictar cursos de perfeccionamiento en el marco del Plan Global Nacional.<\/p>\n<p style=\"text-align: justify;\">Autorizado adem\u00e1s,\u00a0para realizar investigaciones educativas.<\/p>\n<p style=\"text-align: justify;\">Formamos parte tambi\u00e9n de la Red Provincial de Formaci\u00f3n Docente mediante los\u00a0Proyectos \u00abHacer Escuela\u00bb y\u00a0Proyecto Nacional de \u201cMejoramiento de las Escuelas Medias\u201d.<\/p>\n<p style=\"text-align: justify;\">En el 2007, se aprob\u00f3 el Proyecto Nacional de Mejoramiento Institucional que nos permitir\u00e1 realizar Talleres educativos, Jornadas de perfeccionamiento, viajes educativos entre otras actividades.<br \/>\nSe continuar\u00e1\u00a0este a\u00f1o con el Programa nacional \u201cAprender Ense\u00f1ando\u201d,\u00a0 basado en un sistema de tutor\u00edas dirigido a escuelas primarias y medias, que nos permite colaborar con la comunidad educativa de la zona. De esta forma, se\u00a0fortalecer\u00e1n\u00a0las redes institucionales y as\u00ed se crear\u00e1n nuevas formas de pensar la alteridad.<br \/>\nPor \u00e9stos y otros logros, fuimos seleccionados para el equipamiento de los gabinetes de Inform\u00e1tica, Tecnolog\u00eda y de Ciencias Naturales.<br \/>\nSomos una Instituci\u00f3n que se preocupa permanentemente por la innovaci\u00f3n. Estamos convencidos que somos un centro Educativo de\u00a0referencia y por eso luchamos constantemente para crecer y adaptarnos con nuestros propuestos\u00a0a las necesidades socio-culturales de la regi\u00f3n.<\/p>\n","protected":false},"excerpt":{"rendered":"<p>La educaci\u00f3n es uno de los procesos humanos\u00a0fundamentales.\u00a0 Tiene que ver con la persona, con su dignidad, con su perfeccionamiento, con la actualizaci\u00f3n de la cultura, con la existencia de otros sujetos con los cuales necesariamente tiene que convivir y\u00a0desarrollar su personalidad eficazmente en un proceso de socializaci\u00f3n permanente. Nuestro Instituto Superior, cuya funci\u00f3n social &#8230; <a title=\"LA INSTITUCI\u00d3N Y EL NIVEL SUPERIOR\" class=\"read-more\" href=\"https:\/\/iscarena-cba.infd.edu.ar\/sitio\/el-instituto\/\" aria-label=\"More on LA INSTITUCI\u00d3N Y EL NIVEL SUPERIOR\">[+]<\/a><\/p>\n","protected":false},"author":1285,"featured_media":0,"parent":0,"menu_order":0,"comment_status":"closed","ping_status":"closed","template":"","meta":[],"acf":[],"_links":{"self":[{"href":"https:\/\/iscarena-cba.infd.edu.ar\/sitio\/wp-json\/wp\/v2\/pages\/1258"}],"collection":[{"href":"https:\/\/iscarena-cba.infd.edu.ar\/sitio\/wp-json\/wp\/v2\/pages"}],"about":[{"href":"https:\/\/iscarena-cba.infd.edu.ar\/sitio\/wp-json\/wp\/v2\/types\/page"}],"author":[{"embeddable":true,"href":"https:\/\/iscarena-cba.infd.edu.ar\/sitio\/wp-json\/wp\/v2\/users\/1285"}],"replies":[{"embeddable":true,"href":"https:\/\/iscarena-cba.infd.edu.ar\/sitio\/wp-json\/wp\/v2\/comments?post=1258"}],"version-history":[{"count":6,"href":"https:\/\/iscarena-cba.infd.edu.ar\/sitio\/wp-json\/wp\/v2\/pages\/1258\/revisions"}],"predecessor-version":[{"id":1410,"href":"https:\/\/iscarena-cba.infd.edu.ar\/sitio\/wp-json\/wp\/v2\/pages\/1258\/revisions\/1410"}],"wp:attachment":[{"href":"https:\/\/iscarena-cba.infd.edu.ar\/sitio\/wp-json\/wp\/v2\/media?parent=1258"}],"curies":[{"name":"wp","href":"https:\/\/api.w.org\/{rel}","templated":true}]}}